{"id":4352,"date":"2020-02-09T19:36:46","date_gmt":"2020-02-09T17:36:46","guid":{"rendered":"http:\/\/aaloe.ee\/et\/?post_type=product&#038;p=4352"},"modified":"2023-03-01T14:00:12","modified_gmt":"2023-03-01T12:00:12","slug":"komplekt-vital-5-forever-freedom-korvavad-uheskoos-toimides-toitumise-puudujaake-arctic-sea","status":"publish","type":"product","link":"https:\/\/aaloe.ee\/et\/toode\/komplekt-vital-5-forever-freedom-korvavad-uheskoos-toimides-toitumise-puudujaake-arctic-sea\/","title":{"rendered":"Komplekt Vital 5 &#8211; Forever Freedom"},"content":{"rendered":"<h3><span style=\"color: #99cc00;\">Komplekt Vital 5 &#8211; Forever Freedom<\/span><\/h3>\n<p><span style=\"color: #999999;\">Komplektis on probiootikumid, Arctic Sea (Oomega- 3), ARGI+, Forever Daily ja 4 pudelit aaloemahla. Kui neid viite toidulisandit koos tarvitada, loovad need v\u00f5imsa toitainete \u201ckiirtee\u201d. See toimetab toiduained rakkudesse, kudedesse ja k\u00f5ikidesse elut\u00e4htsatesse organitesse. T\u00e4nu \u201ckiirteele\u201d j\u00f5uavad toitained sinna, kus neid vaja on ja ainevahetusj\u00e4\u00e4gid liiguvad organismist v\u00e4lja. T\u00f5husalt toimiv toitainetee tagab hea tervise ja annab vaimset, f\u00fc\u00fcsilist ja emotsionaalset energiat. Komplektiga Vital5 tunnete end oma toidusedeli kvaliteedi osas kindlalt. Kuuks kuni kaheks.<\/span><\/p>\n<p><span style=\"color: #999999;\">Komplektis Vital5 on:<\/span><\/p>\n<p><span style=\"color: #999999;\">+ Aaloega liigesemahl\u2013 4 tk;<\/span><\/p>\n<p><span style=\"color: #999999;\">+ Forever Daily \u2013 1 tk;<\/span><\/p>\n<p><span style=\"color: #999999;\">+ Forever Active Probiotic \u2013 1 tk;<\/span><\/p>\n<p><span style=\"color: #999999;\">+ Forever Arctic Sea \u2013 1 tk;<\/span><\/p>\n<p><span style=\"color: #999999;\">+ ARGI+ \u2013 1 tk.<\/span><\/p>\n<p><span style=\"color: #999999;\"><strong><span style=\"color: #99cc00;\">Lae alla endale toote lisainfo\u00a0:<span style=\"color: #ff9900;\">\u00a0<\/span><\/span><span style=\"color: #ff9900;\"><a style=\"color: #ff9900;\" href=\"http:\/\/aaloe.ee\/wp-content\/uploads\/2015\/11\/Vital5_EST.pdf\">Vital5<\/a><\/span><\/strong><\/span><\/p>\n","protected":false},"excerpt":{"rendered":"<p><span style=\"color: #999999;\">Komplektis Vital5 on Foreveri viis imetabast toodet, mis korvavad \u00fcheskoos toimides toitumise puuduj\u00e4\u00e4ke ja varustavad organismi k\u00f5ige olulisemate toitainetega, mida on vaja parema enesetunde ja v\u00e4ljan\u00e4gemise jaoks.<\/span><\/p>\n<p><span style=\"color: #999999;\">KOOD: 459<\/span><\/p>\n","protected":false},"featured_media":4353,"template":"","meta":[],"product_brand":[],"product_cat":[74],"product_tag":[],"class_list":{"0":"post-4352","1":"product","2":"type-product","3":"status-publish","4":"has-post-thumbnail","6":"product_cat-komplektid","8":"first","9":"instock","10":"taxable","11":"shipping-taxable","12":"purchasable","13":"product-type-simple"},"jetpack_sharing_enabled":true,"_links":{"self":[{"href":"https:\/\/aaloe.ee\/et\/wp-json\/wp\/v2\/product\/4352","targetHints":{"allow":["GET"]}}],"collection":[{"href":"https:\/\/aaloe.ee\/et\/wp-json\/wp\/v2\/product"}],"about":[{"href":"https:\/\/aaloe.ee\/et\/wp-json\/wp\/v2\/types\/product"}],"wp:featuredmedia":[{"embeddable":true,"href":"https:\/\/aaloe.ee\/et\/wp-json\/wp\/v2\/media\/4353"}],"wp:attachment":[{"href":"https:\/\/aaloe.ee\/et\/wp-json\/wp\/v2\/media?parent=4352"}],"wp:term":[{"taxonomy":"product_brand","embeddable":true,"href":"https:\/\/aaloe.ee\/et\/wp-json\/wp\/v2\/product_brand?post=4352"},{"taxonomy":"product_cat","embeddable":true,"href":"https:\/\/aaloe.ee\/et\/wp-json\/wp\/v2\/product_cat?post=4352"},{"taxonomy":"product_tag","embeddable":true,"href":"https:\/\/aaloe.ee\/et\/wp-json\/wp\/v2\/product_tag?post=4352"}],"curies":[{"name":"wp","href":"https:\/\/api.w.org\/{rel}","templated":true}]}}