{"id":4330,"date":"2020-02-09T17:32:49","date_gmt":"2020-02-09T15:32:49","guid":{"rendered":"http:\/\/aaloe.ee\/et\/?post_type=product&#038;p=4330"},"modified":"2024-01-06T18:59:13","modified_gmt":"2024-01-06T16:59:13","slug":"clean-9-komplekt-koos-lite-ultra-vanilla-aaloe-virsikumahl","status":"publish","type":"product","link":"https:\/\/aaloe.ee\/et\/toode\/clean-9-komplekt-koos-lite-ultra-vanilla-aaloe-virsikumahl\/","title":{"rendered":"Clean 9 komplekt koos Lite Ultra Vanilla\/Aaloe &#8211; virsikumahl"},"content":{"rendered":"<h3><span style=\"color: #99cc00;\">Clean 9 komplekt koos Lite Ultra Chocolate<\/span><\/h3>\n<p><span style=\"color: #ff9900;\">ORGANIMI PUHASTUSPROGRAMM<\/span><\/p>\n<p><span style=\"color: #999999;\">Kood :\u00a0629<\/span><\/p>\n<p><span style=\"color: #999999;\">Clean 9 on esimene samm, et juurutada harjumused, mis aitavad saavutada soovitud kehakaalu ja seda s\u00e4ilitada. See lihtne, ent t\u00f5hus organismi puhastamise programm sisaldab k\u00f5iki vajalikke vahendeid, et saaksite muutumist alustada juba t\u00e4na. K\u00f5igepealt hakkab teie organism v\u00e4ljutama kehasse kogunenud m\u00fcrke, mis v\u00f5ivad takistada s\u00f6\u00f6gis sisalduvate toitainete maksimaalset omastamist. Peale selle muutub enesetunne kergemaks ja energilisemaks. Te t\u00f5estate endale, et suudate oma isu ohjeldada ning m\u00e4rkate, kuidas keha hakkab muutuma: n\u00e4ete parem v\u00e4lja ja tunnete end paremini. Clean 9 on programmi F.I.T. vundament. Sellest tuleb alustada, kui soovite olla terve ja nautida saledamat keha.<\/span><\/p>\n<p><strong><span style=\"color: #ff9900;\">Lae alla bro\u0161\u00fc\u00fcr :<\/span><\/strong><span style=\"color: #99cc00;\">\u00a0<a style=\"color: #99cc00;\" href=\"http:\/\/aaloe.ee\/wp-content\/uploads\/2015\/03\/Forever_C9_voldik-1.pdf\">Forever_C9_voldik<\/a><\/span><\/p>\n<p><strong><span style=\"color: #99cc00;\"><a style=\"color: #99cc00;\" href=\"https:\/\/www.youtube.com\/watch?feature=player_embedded&amp;v=_fQLR0Q0xFo\" target=\"_blank\" rel=\"noopener\">Vaata videot F.I.T.<\/a><\/span><\/strong><\/p>\n<p><span style=\"color: #999999;\">Komplekti Clean 9\u00a0 moodustab:<\/span><\/p>\n<p><span style=\"color: #999999;\">\u2022\u00a0 \u00a0 \u00a0<a class=\"action-info\" style=\"color: #999999;\" href=\"https:\/\/www.forever.ee\/products\/info\/503\" target=\"_blank\" rel=\"noopener\">Aaloe &#8211; virsikumahl<\/a> (kaks 1-liitrist pudelit)<\/span><br \/>\n<span style=\"color: #999999;\">\u2022\u00a0\u00a0 \u00a0kokteil Forever Lite Ultra Vanilla(1 pakk)<\/span><br \/>\n<span style=\"color: #999999;\">\u2022\u00a0\u00a0\u00a0 Forever Therm\u2122 (18 tabletti)<\/span><br \/>\n<span style=\"color: #999999;\">\u2022\u00a0\u00a0\u00a0 Forever Fiber\u2122 (9 pakki)<\/span><br \/>\n<span style=\"color: #999999;\">\u2022\u00a0\u00a0\u00a0 Forever Garcinia Plus\u00ae (54 kapslit)<\/span><br \/>\n<span style=\"color: #999999;\">\u2022\u00a0\u00a0 \u00a0m\u00f5\u00f5dulint, kokteilisegisti<\/span><br \/>\n<span style=\"color: #999999;\">\u2022\u00a0\u00a0 \u00a0voldik Clean 9<\/span><\/p>\n","protected":false},"excerpt":{"rendered":"<p><span style=\"color: #999999;\">Clean 9 on esimene samm, et juurutada harjumused, mis aitavad saavutada soovitud kehakaalu ja seda s\u00e4ilitada.\u00a0See lihtne, ent t\u00f5hus organismi puhastamise programm sisaldab k\u00f5iki vajalikke vahendeid, et saaksite muutumist alustada juba t\u00e4na.<\/span><\/p>\n<p><span style=\"color: #999999;\">KOOD: 629<\/span><\/p>\n","protected":false},"featured_media":4331,"template":"","meta":[],"product_brand":[],"product_cat":[20],"product_tag":[],"class_list":{"0":"post-4330","1":"product","2":"type-product","3":"status-publish","4":"has-post-thumbnail","6":"product_cat-kehakaal-ja-toitumine","8":"first","9":"instock","10":"taxable","11":"shipping-taxable","12":"purchasable","13":"product-type-simple"},"jetpack_sharing_enabled":true,"_links":{"self":[{"href":"https:\/\/aaloe.ee\/et\/wp-json\/wp\/v2\/product\/4330","targetHints":{"allow":["GET"]}}],"collection":[{"href":"https:\/\/aaloe.ee\/et\/wp-json\/wp\/v2\/product"}],"about":[{"href":"https:\/\/aaloe.ee\/et\/wp-json\/wp\/v2\/types\/product"}],"wp:featuredmedia":[{"embeddable":true,"href":"https:\/\/aaloe.ee\/et\/wp-json\/wp\/v2\/media\/4331"}],"wp:attachment":[{"href":"https:\/\/aaloe.ee\/et\/wp-json\/wp\/v2\/media?parent=4330"}],"wp:term":[{"taxonomy":"product_brand","embeddable":true,"href":"https:\/\/aaloe.ee\/et\/wp-json\/wp\/v2\/product_brand?post=4330"},{"taxonomy":"product_cat","embeddable":true,"href":"https:\/\/aaloe.ee\/et\/wp-json\/wp\/v2\/product_cat?post=4330"},{"taxonomy":"product_tag","embeddable":true,"href":"https:\/\/aaloe.ee\/et\/wp-json\/wp\/v2\/product_tag?post=4330"}],"curies":[{"name":"wp","href":"https:\/\/api.w.org\/{rel}","templated":true}]}}