{"id":4300,"date":"2020-02-09T15:20:50","date_gmt":"2020-02-09T13:20:50","guid":{"rendered":"http:\/\/aaloe.ee\/et\/?post_type=product&#038;p=4300"},"modified":"2025-10-31T23:41:21","modified_gmt":"2025-10-31T21:41:21","slug":"aaloe-virsikumahl-330ml","status":"publish","type":"product","link":"https:\/\/aaloe.ee\/et\/toode\/aaloe-virsikumahl-330ml\/","title":{"rendered":"Aaloe-virsikumahl 330ml"},"content":{"rendered":"<h2><span style=\"color: #99cc00;\"><strong>Aaloe-virsikumahl<\/strong><\/span><\/h2>\n<p><span style=\"color: #ff9900;\"><strong>Kellele see on?<\/strong><\/span><\/p>\n<p>Forever Aloe Peaches sobib suurep\u00e4raselt k\u00f5igile, kes soovivad alustada oma elus uut head harjumust.\u00a0Eriti hea, kui soovid p\u00fcsida terve ja energiline, kuna meie Aloe vera joogid sisaldavad C-vitamiini, mis aitab kaasa v\u00e4simuse ja kurnatuse v\u00e4hendamisele ning n\u00e4iteks immuuns\u00fcsteemi normaalsele talitlusele.<\/p>\n<p>Aloe verat on omakorda kasutanud inimesed \u00fcle kogu maailma juba ammusest ajast.\u00a0V\u00f5ib-olla olete juba proovinud m\u00f5nda Aloe vera nahahooldustoodet ja tunnete huvi Aloe vera kui toidulisandi vastu?\u00a0Kui jah, siis olete heas seltskonnas.\u00a0Forever Aloe Peaches on juba armastatud miljonitele inimestele \u00fcle kogu maailma.<\/p>\n<p>Aaloe-\u00advirsikumahl on suurep\u00e4rane aaloe\u00ad ja virsiku segu. Aaloe\u00ad on naturaalne puhastaja, t\u00e4nu millele see aitab seedetraktis toitaineid s\u00f6\u00f6dud toidust paremini omastada ja soodustab kasulike bakterite kasvu. Aaloes leiduv unikaalne pol\u00fcsahhariid atsemannaan ja muud toitained aitavad immuuns\u00fcsteemi tugevana hoida.<\/p>\n<p>84,5% stabiliseeritud aaloelehe sisemuse geelist ja mahlasest kaltsiumiga virsikup\u00fcreest valmistatud tootel on ainulaadne magus maitse. See varustab keha v\u00e4\u00e4rtuslike aaloest p\u00e4rinevate ainetega. Virsiku ja aaloe kooslus on v\u00e4\u00e4rtusliku antioks\u00fcdandi, karotiini allikas. Virsikud sisaldavad rohkelt A\u00ad-vitamiini, mis on oluline n\u00e4gemise ja immuuns\u00fcsteemi tugevdamiseks.<\/p>\n<p>Aaloe-virsikumahla t\u00f6\u00f6deldakse aseptiliselt (t\u00e4nu millele seda saab toota ilma s\u00e4ilitusaineteta) ja see villitakse 100% taaskasutatavatest materjalidest valmistatud tetrapakenditesse, et saaks v\u00e4rsket, lahjendamata, v\u00e4\u00e4rtuslikud omadused s\u00e4ilitanud aaloegeeli nautida nii, nagu loodus on selle loonud.<\/p>\n<p><span style=\"color: #ff9900;\"><strong>P\u00e4ikesek\u00fcps Aloe vera viljakast pinnasest<\/strong><\/span><\/p>\n<p>Halbadest koostisosadest ei saa head toodet teha.\u00a0Seet\u00f5ttu kasvatatakse meie Aloe verat\u00a0<em>Aloe barbadensis<\/em>\u00a0Miller k\u00fclvikorras viljakal pinnasel kliimas, kus aastas on \u00fcle 2000 p\u00e4ikesepaistelise tunni.\u00a0Kui aloe vera on t\u00e4iesti k\u00fcps, korjatakse see k\u00e4sitsi.\u00a0Kasutame ainult parimat sisegeeli, mis stabiliseeritakse enne Forever Aloe Virsikuteks valmistamist.\u00a0K\u00f5rgeima kvaliteediga toote turvalisuse tagamiseks l\u00e4bib meie Aloe vera oma teekonnal toorainest valmistooteni mitmeid hoolikaid kontrolle.\u00a0Meie Aloe vera on isegi sertifitseeritud Rahvusvahelise Aloe Teadusn\u00f5ukogu (IASC) poolt, mis t\u00f5estab, et see on omaette liigas.<\/p>\n<p><strong><span style=\"color: #ff9900;\">TARVITAMINE:<\/span><\/strong> kuni 120 ml p\u00e4evas. Enne tarvitamist loksutage.<\/p>\n<div class=\"o-faq__header js-toggle-content js-is-active\" aria-controls=\"instructions\">\n<div class=\"o-faq__header-icon\">\u00c4rge kasutage, kui kaane all olev tihend puudub v\u00f5i on kahjustatud.<\/div>\n<\/div>\n<div id=\"instructions\" class=\"o-faq__content js-is-visible\">\n<p><span style=\"color: #99cc00;\"><strong>Soovitatav p\u00e4evane annus:<\/strong><\/span><span style=\"color: #99cc00;\">\u00a0<\/span>\u00a0V\u00f5tke iga p\u00e4ev 3 portsjonit 40 ml.\u00a0Segage iga portsjon 240 ml vee v\u00f5i mahlaga.\u00a0\u00c4rge \u00fcletage soovitatavat \u00f6\u00f6p\u00e4evast annust.\u00a0Toidulisandid ei ole m\u00f5eldud mitmek\u00fclgse toitumise asendamiseks.\u00a0Hoida lastele k\u00e4ttesaamatus kohas.<\/p>\n<p><span style=\"color: #99cc00;\"><strong>S\u00e4ilitamine:<\/strong><\/span><span style=\"color: #99cc00;\">\u00a0<\/span>\u00a0Avatuna hoida k\u00fclmkapis (max 7\u00b0C).\u00a0P\u00e4rast avamist s\u00e4ilib 30 p\u00e4eva, kuid mitte kauem kui m\u00e4rgitud k\u00f5lblikkusaega.<\/p>\n<p>Pidage meeles, et tooted ei sisalda s\u00e4ilitusaineid ja on seet\u00f5ttu tundlikud toidud, mida p\u00e4rast avamist hoida k\u00fclmas.\u00a0Pange pakend kohe p\u00e4rast kasutamist k\u00fclmkappi.\u00a0\u00c4rge kunagi jooge otse pakendist, kuna see v\u00f5ib soovimatuid mikroorganisme edasi kanduda ja l\u00fchendada s\u00e4ilivusaega.\u00a0Pakendis soovitatakse s\u00e4ilitustemperatuuri max.\u00a07\u00b0C, kuid ideaaljuhul hoida temperatuuril 4\u00b0C v\u00f5i k\u00fclmem.<\/p>\n<p><em>See toode on toidulisand.\u00a0\u00c4rge \u00fcletage soovitatavat \u00f6\u00f6p\u00e4evast annust.\u00a0Toidulisandid ei ole m\u00f5eldud mitmek\u00fclgse toitumise ja tervisliku eluviisi asendamiseks.\u00a0Hoida lastele k\u00e4ttesaamatus kohas.<\/em><\/p>\n<\/div>\n<div class=\"o-faq__header js-toggle-content js-is-active\" aria-controls=\"nutritionalInformation\">\n<h4 class=\"o-faq__title\"><span style=\"color: #ff9900;\">Toitumisalane teave<\/span><\/h4>\n<div class=\"o-faq__header-icon\">Toitev\u00e4\u00e4rtus soovitatava p\u00e4evaannuse (120 ml) kohta:<\/div>\n<\/div>\n<div id=\"nutritionalInformation\" class=\"o-faq__content js-is-visible\">\n<table border=\"1\" cellspacing=\"0\" cellpadding=\"0\">\n<tbody>\n<tr>\n<td><strong>Komponent<\/strong><\/td>\n<td><strong>Kogus<\/strong><\/td>\n<td><strong>RI*<\/strong><\/td>\n<\/tr>\n<tr>\n<td>C-vitamiin<\/td>\n<td>31,5 mg<\/td>\n<td>39,4%<\/td>\n<\/tr>\n<\/tbody>\n<\/table>\n<p>* RI = p\u00e4evane v\u00f5rdluskogus<\/p>\n<\/div>\n<div class=\"o-faq__header js-toggle-content js-is-active\" aria-controls=\"ingredients\">\n<h4 class=\"o-faq__title\"><span style=\"color: #ff9900;\">Koostisained<\/span><\/h4>\n<div class=\"o-faq__header-icon\">Stabiliseeritud Aloe vera geel [Aloe vera geel (84,3%), antioks\u00fcdant (askorbiinhape\/C-vitamiin), happesuse regulaator (sidrunhape)], looduslik virsikup\u00fcree (7%), fruktoos, looduslik viinamarjakontsentraat, virsiku <a href=\"https:\/\/artshum.com.ua\/\" target=\"_blank\" rel=\"noopener\">artshum<\/a>.<\/div>\n<\/div>\n","protected":false},"excerpt":{"rendered":"<p class=\"intro variant a1P0V000003R0YJUA0\">Aaloesisaldus 84,5%<\/p>\n<p class=\"intro variant a1P0V000003R0YJUA0\">Aaloe v\u00e4gi ja virsiku magusus. K\u00f5ikidele meeldib p\u00e4ikese k\u00e4es valminud virsikute maitse!<\/p>\n<p class=\"variant a1P0V000003R0YJUA0\">See naturaalse virsikup\u00fcreega v\u00e4rskendav aaloemahl meeldib \u00fchtviisi lastele ja t\u00e4iskasvanutele, sest see kingib naudingu nii v\u00f5rratust virsikumaitsest kui ka suurep\u00e4rasest enesetundest! T\u00f5hustage seedimist ning nautige mahlaseid virsikuid ja aaloe v\u00e4ge.<\/p>\n<p>VEGAN<\/p>\n<p>KOGUS: 330ml<\/p>\n<p>KOOD: 73512<\/p>\n","protected":false},"featured_media":4303,"template":"","meta":[],"product_brand":[],"product_cat":[14],"product_tag":[],"class_list":{"0":"post-4300","1":"product","2":"type-product","3":"status-publish","4":"has-post-thumbnail","6":"product_cat-joogid","8":"first","9":"instock","10":"taxable","11":"shipping-taxable","12":"purchasable","13":"product-type-simple"},"jetpack_sharing_enabled":true,"_links":{"self":[{"href":"https:\/\/aaloe.ee\/et\/wp-json\/wp\/v2\/product\/4300","targetHints":{"allow":["GET"]}}],"collection":[{"href":"https:\/\/aaloe.ee\/et\/wp-json\/wp\/v2\/product"}],"about":[{"href":"https:\/\/aaloe.ee\/et\/wp-json\/wp\/v2\/types\/product"}],"wp:featuredmedia":[{"embeddable":true,"href":"https:\/\/aaloe.ee\/et\/wp-json\/wp\/v2\/media\/4303"}],"wp:attachment":[{"href":"https:\/\/aaloe.ee\/et\/wp-json\/wp\/v2\/media?parent=4300"}],"wp:term":[{"taxonomy":"product_brand","embeddable":true,"href":"https:\/\/aaloe.ee\/et\/wp-json\/wp\/v2\/product_brand?post=4300"},{"taxonomy":"product_cat","embeddable":true,"href":"https:\/\/aaloe.ee\/et\/wp-json\/wp\/v2\/product_cat?post=4300"},{"taxonomy":"product_tag","embeddable":true,"href":"https:\/\/aaloe.ee\/et\/wp-json\/wp\/v2\/product_tag?post=4300"}],"curies":[{"name":"wp","href":"https:\/\/api.w.org\/{rel}","templated":true}]}}