{"id":4215,"date":"2019-10-13T10:41:44","date_gmt":"2019-10-13T07:41:44","guid":{"rendered":"http:\/\/aaloe.ee\/et\/?post_type=product&#038;p=4215"},"modified":"2025-11-19T23:13:28","modified_gmt":"2025-11-19T21:13:28","slug":"forever-b12-plus","status":"publish","type":"product","link":"https:\/\/aaloe.ee\/et\/toode\/forever-b12-plus\/","title":{"rendered":"Forever B12 Plus"},"content":{"rendered":"<h2><span style=\"color: #99cc00;\">+Forever B12 Plus<\/span><\/h2>\n<p>\u2022 Oluline homots\u00fcsteiini normaalseks aineringluseks.<br \/>\n\u2022 Oluline normaalseks energiaringluseks.<br \/>\n\u2022 Oluline n\u00e4rvis\u00fcsteemi normaalseks talitluseks.<br \/>\n\u2022 J\u00e4rkj\u00e4rgulise vabastamise valem.<\/p>\n<p>Uuringute p\u00f5hjal ei saa koguni 30% t\u00e4iskasvanutest seda t\u00e4htsat vitamiini piisavalt. See on ise\u00e4ranis aktuaalne veganitele, taimetoitlastele ja paljudele inimestele, kes j\u00e4rgivad toitumispiiranguid.<br \/>\nForever B12 Plusil on toitainete j\u00e4rkj\u00e4rgulise vabastamise s\u00fcsteem, mis aitab tagada toitainete maksimaalse omastamise nii, et te kasutate tableti eeliseid maksimaalselt \u00e4ra. B12-vitamiin on \u00fchendatud uuendusliku valemi kujul foolhappega (nii nimetatakse B6-vitamiini), mis aitab toetada ainevahetusprotsesse, stimuleerib punaste vereliblede tootmist ja hoiab immuuns\u00fcsteemi tugevana.<br \/>\nT\u00e4nu j\u00e4rkj\u00e4rgulise vabastamise s\u00fcsteemile vabastab B12 Plusi tablett aeglaselt toitaineid ja v\u00f5imaldab neid organismil aegam\u00f6\u00f6da omastada. N\u00f5nda toetavad pikema toimeajaga B12 ja foolhape optimaalset energiataset ning aitavad kehal s\u00e4ilitada normaalset homots\u00fcsteiiniringlust (mis on oluline s\u00fcdame t\u00f6\u00f6ks).<br \/>\nUuringud on n\u00e4idanud, et naistel, kes toituvad rasedusperioodil tervislikult ja saavad piisaval hulgal foolhapet, on v\u00e4iksem risk loote v\u00e4\u00e4rarenguks.<br \/>\nT\u00e4iendav B12-vitamiini kogus toidusedelis on v\u00e4ga t\u00e4htis ka k\u00fcpsemas eas inimestele. \u00dcle 50-aastastel inimestel tekib sageli mitmesuguseid terviseh\u00e4dasid, mis raskendavad B12-vitamiini ja foolhappe omastamist igap\u00e4evasest toidust.<br \/>\nValige Forever B12 Plus \u2013 j\u00e4rkj\u00e4rgulise vabastamise s\u00fcsteem varustab teid tund tunni j\u00e4rel selle elut\u00e4htsa vitamiiniga. N\u00e4ete kenam v\u00e4lja ja tunnete end paremini, kui v\u00f5tate selle uuendusliku lisandi oma igap\u00e4evasesse toidusedelisse.<\/p>\n<p><strong><span style=\"color: #99cc00;\">TARVITAMINE:<\/span><\/strong><br \/>\n\u00dcks v\u00f5i kaks tabletti p\u00e4evas, eelistatult p\u00e4rast s\u00f6\u00f6ki.<\/p>\n<p><strong><span style=\"color: #99cc00;\">Loe lisaks:<\/span><span style=\"color: #ff9900;\">\u00a0<a style=\"color: #ff9900;\" href=\"http:\/\/aaloe.ee\/wp-content\/uploads\/2019\/10\/Forever-B12-EST.pdf\">Forever-B12- EST<\/a><\/span><\/strong><\/p>\n","protected":false},"excerpt":{"rendered":"<div>\n<p class=\"intro variant a1P0V000004qe7pUAA\">Olulised B-r\u00fchma vitamiinid kaitsevad ja annavad energiat.<\/p>\n<p class=\"variant a1P0V000004qe7pUAA\">Uuringute p\u00f5hjal ei saa koguni 30% t\u00e4iskasvanutest seda t\u00e4htsat vitamiini piisavalt. See on ise\u00e4ranis aktuaalne veganitele, taimetoitlastele ja paljudele inimestele, kes j\u00e4rgivad toitumispiiranguid.<\/p>\n<\/div>\n<div>\n<div class=\"price variant a1P0V000004qe7pUAA\">60 tabletti<\/div>\n<div>Kood: 188<\/div>\n<\/div>\n","protected":false},"featured_media":4216,"template":"","meta":[],"product_brand":[],"product_cat":[15],"product_tag":[],"class_list":{"0":"post-4215","1":"product","2":"type-product","3":"status-publish","4":"has-post-thumbnail","6":"product_cat-toidulisandid","8":"first","9":"instock","10":"taxable","11":"shipping-taxable","12":"purchasable","13":"product-type-simple"},"jetpack_sharing_enabled":true,"_links":{"self":[{"href":"https:\/\/aaloe.ee\/et\/wp-json\/wp\/v2\/product\/4215","targetHints":{"allow":["GET"]}}],"collection":[{"href":"https:\/\/aaloe.ee\/et\/wp-json\/wp\/v2\/product"}],"about":[{"href":"https:\/\/aaloe.ee\/et\/wp-json\/wp\/v2\/types\/product"}],"wp:featuredmedia":[{"embeddable":true,"href":"https:\/\/aaloe.ee\/et\/wp-json\/wp\/v2\/media\/4216"}],"wp:attachment":[{"href":"https:\/\/aaloe.ee\/et\/wp-json\/wp\/v2\/media?parent=4215"}],"wp:term":[{"taxonomy":"product_brand","embeddable":true,"href":"https:\/\/aaloe.ee\/et\/wp-json\/wp\/v2\/product_brand?post=4215"},{"taxonomy":"product_cat","embeddable":true,"href":"https:\/\/aaloe.ee\/et\/wp-json\/wp\/v2\/product_cat?post=4215"},{"taxonomy":"product_tag","embeddable":true,"href":"https:\/\/aaloe.ee\/et\/wp-json\/wp\/v2\/product_tag?post=4215"}],"curies":[{"name":"wp","href":"https:\/\/api.w.org\/{rel}","templated":true}]}}