{"id":4061,"date":"2019-08-20T23:02:05","date_gmt":"2019-08-20T20:02:05","guid":{"rendered":"http:\/\/aaloe.ee\/et\/?post_type=product&#038;p=4061"},"modified":"2024-01-06T19:14:57","modified_gmt":"2024-01-06T17:14:57","slug":"forever-supergreens-taimne-toitaineallikas","status":"publish","type":"product","link":"https:\/\/aaloe.ee\/et\/toode\/forever-supergreens-taimne-toitaineallikas\/","title":{"rendered":"Forever Supergreens"},"content":{"rendered":"<h1 class=\"variant a1P0V000004qe6JUAQ\"><strong><span style=\"color: #99cc00;\">Forever Supergreens\u2122<\/span><\/strong><\/h1>\n<h4><span style=\"color: #ff9900;\">Ammutage aktiivseks eluks energiat v\u00e4\u00e4rtuslike taimede erilisest kooslusest<\/span><\/h4>\n<ul>\n<li>Rohkem kui 20 marja, puu- ja aedvilja, \u00fcliv\u00e4\u00e4rtuslike toiduainete ja aaloe ideaalne kooslus<\/li>\n<li>Hea taimne toitaineallikas igaks p\u00e4evaks<\/li>\n<li>Palju antioks\u00fcdandist C- ja E-vitamiini<\/li>\n<li>Toetab pH-tasakaalu ja immuuns\u00fcsteemi<\/li>\n<\/ul>\n<p>On p\u00e4evi, mil ei \u00f5nnestu s\u00fc\u00fca piisavalt puu- ja aedvilja. Me kiirustame ja s\u00f6\u00f6me ebatervislikke vahepalasid, mille pistame p\u00f5ske k\u00f5ndides v\u00f5i s\u00f5ites. Selle t\u00f5ttu v\u00f5ib meie toidusedelis tekkida kasulike ainete puuduj\u00e4\u00e4k. Aga isegi kui kiire elutempo takistab tervislikult toitumast, v\u00f5ite organismi toitainevarusid iga kell t\u00e4iendada v\u00e4\u00e4rtusliku taimejoogiga Forever Supergreens.<\/p>\n<p>Iga Forever Supergreensi portsjon sisaldab aaloed ja rohkem kui 20 muud suurep\u00e4raselt kokku \u00fchitatud marja, puu- ja aedvilja, mis varustavad organismi kasulike ainetega. See \u00fcliv\u00e4\u00e4rtuslik toode on hea maitsega. Seda on kerge kokku segada veega v\u00f5i m\u00f5ne lemmikjoogiga.<\/p>\n<p>Forever Supergreens sisaldab k\u00f5ige t\u00e4htsamaid toitaineid ja antioks\u00fcdante, mis toetavad organismi loomulikku kaitsefunktsiooni ja annavad parimate tulemuste saavutamiseks energiat. Aluselisust tekitavad rohelised aedviljad (nagu spinat, lehtkapsas ja brokoli) aitavad s\u00e4ilitada hea vormi, taastades pH-tasakaalu, mis on paljude kehafunktsioonide jaoks v\u00e4ga t\u00e4htis.<\/p>\n<p>Hoolikalt valitud koostisosad toetavad organismi loomulikku kaitsefunktsiooni siis, kui seda on k\u00f5ige enam vaja, ja loovad v\u00f5imaluse saavutada parimaid tulemusi. Forever Supergreens sisaldab rohkelt v\u00e4\u00e4rtuslikke aineid, mis p\u00e4rinevad suurep\u00e4raselt kokku \u00fchitatud looduslikest allikatest, nagu taral\u00f5ngast, viinamarjaseemnetest, rohelisest teest, rohelistest aedviljadest, spiruliinast ja meie aaloest p\u00e4rit pol\u00fcfenoole ja antioks\u00fcdante, samuti v\u00e4\u00e4rtuslikku C- ja E-vitamiini ning magneesiumi.<\/p>\n<p>Forever Supergreens pole pelgalt kiire ja mugav viis toitumispuuduj\u00e4\u00e4kide katmiseks. See on ka v\u00f5rratu abiline spordisaalis \u2013 see annab treeningul energiat, lisab vastupidavust ja aitab p\u00e4rast trenni j\u00f5u taastada.<\/p>\n<p>Andke looduse rohelise v\u00e4e abil uut j\u00f5udu oma aktiivsele elule. H\u00f5rk marja-kooremaitse sobib suurep\u00e4raselt kokku kokteiliga Forever Lite Ultra v\u00f5i teie lemmikjoogi maitsega. Ei ole t\u00e4htis, kas soovite puu- ja aedviljadest kiiresti ja mugavalt rohkem toitaineid saada v\u00f5i enne treeningut parimatest looduslikest toiduainetest j\u00f5udu ammutada \u2013 te ei leia midagi paremat kui Forever Supergreens!<\/p>\n<p><span style=\"color: #ff9900;\"><strong>TARVITAMINE:<\/strong><\/span><br \/>\nLisage \u00fche paki sisu 240 ml vette v\u00f5i muusse jooki ja segage h\u00e4sti l\u00e4bi.<\/p>\n<p><span style=\"color: #99cc00;\"><strong>Loe ka:\u00a0<\/strong><\/span><span style=\"color: #ff9900;\"><a style=\"color: #ff9900;\" href=\"http:\/\/aaloe.ee\/wp-content\/uploads\/2019\/08\/Forever-Supergreens.pdf\">Forever Supergreens<\/a><\/span><\/p>\n<p>&nbsp;<\/p>\n","protected":false},"excerpt":{"rendered":"<p class=\"intro variant a1P0V000004qe6JUAQ\">Forever Supergreens aitab organismi varustada v\u00e4\u00e4rtuslikest taimedest p\u00e4rinevate toitainetega, kus iganes te ka ei oleks.<\/p>\n<p class=\"variant a1P0V000004qe6JUAQ\">Igas joogiportsjonis on rohkelt kasulikke aineid, mis p\u00e4rinevad ideaalselt s\u00fcnergilisest aaloest ja enam kui 20 marjast, puu- ja aedviljast. \u00dclitoitev Forever Supergreens on hea maitsega ja seda on kerge kokku segada vee v\u00f5i m\u00f5ne lemmikjoogiga.<\/p>\n<p>30 x 4,4 g pakki<\/p>\n<p><strong>Kood<\/strong>: 621<\/p>\n","protected":false},"featured_media":4062,"template":"","meta":[],"product_brand":[],"product_cat":[15],"product_tag":[],"class_list":{"0":"post-4061","1":"product","2":"type-product","3":"status-publish","4":"has-post-thumbnail","6":"product_cat-toidulisandid","8":"first","9":"instock","10":"taxable","11":"shipping-taxable","12":"purchasable","13":"product-type-simple"},"jetpack_sharing_enabled":true,"_links":{"self":[{"href":"https:\/\/aaloe.ee\/et\/wp-json\/wp\/v2\/product\/4061","targetHints":{"allow":["GET"]}}],"collection":[{"href":"https:\/\/aaloe.ee\/et\/wp-json\/wp\/v2\/product"}],"about":[{"href":"https:\/\/aaloe.ee\/et\/wp-json\/wp\/v2\/types\/product"}],"wp:featuredmedia":[{"embeddable":true,"href":"https:\/\/aaloe.ee\/et\/wp-json\/wp\/v2\/media\/4062"}],"wp:attachment":[{"href":"https:\/\/aaloe.ee\/et\/wp-json\/wp\/v2\/media?parent=4061"}],"wp:term":[{"taxonomy":"product_brand","embeddable":true,"href":"https:\/\/aaloe.ee\/et\/wp-json\/wp\/v2\/product_brand?post=4061"},{"taxonomy":"product_cat","embeddable":true,"href":"https:\/\/aaloe.ee\/et\/wp-json\/wp\/v2\/product_cat?post=4061"},{"taxonomy":"product_tag","embeddable":true,"href":"https:\/\/aaloe.ee\/et\/wp-json\/wp\/v2\/product_tag?post=4061"}],"curies":[{"name":"wp","href":"https:\/\/api.w.org\/{rel}","templated":true}]}}