{"id":4030,"date":"2019-06-21T12:40:26","date_gmt":"2019-06-21T09:40:26","guid":{"rendered":"http:\/\/aaloe.ee\/et\/?post_type=product&#038;p=4030"},"modified":"2025-10-30T19:59:48","modified_gmt":"2025-10-30T17:59:48","slug":"paikesekaitsekreem-spf30","status":"publish","type":"product","link":"https:\/\/aaloe.ee\/et\/toode\/paikesekaitsekreem-spf30\/","title":{"rendered":"P\u00e4ikesekaitsekreem SPF30"},"content":{"rendered":"<h1 class=\"variant a1P0V000004qdAkUAI\"><span style=\"color: #99cc00;\">P\u00e4ikesekaitsekreem<\/span><\/h1>\n<p><span style=\"color: #ff9900;\"><strong>Nahka rahustava ja niisutava aaloega laiaspektriline p\u00e4ikesekreem<\/strong><\/span><\/p>\n<ul>\n<li>SPF 30 kaitse UVA- ja UVB-kiirguse eest<\/li>\n<li>Naturaalne tsinkoksiidi filter kaitseb suurep\u00e4raselt nahka<\/li>\n<li>Rahustab, niisutab ja kaitseb<\/li>\n<li>P\u00fcsib 80 minutit veekindel<\/li>\n<\/ul>\n<p>Nautige rannar\u00f5\u00f5me, laskmata ohtlikul kiirgusel oma nahka kahjustada. \u00dcksk\u00f5ik, kas vahatate lainelauda v\u00f5i kavatsete p\u00e4eva pargis veeta \u2013 Foreveri p\u00e4ikesekreem kaitseb kogu teie peret.<\/p>\n<p>Selle kreemiga saate r\u00e4nnata k\u00f5ikjal p\u00e4ikese k\u00e4es, sest tegu on laiaspektrilise SPF 30 tootega, mis kaitseb nahka UVA- ja UVB-kiirguse eest. UVA moodustab 95% kogu Maa pinnani j\u00f5udvast ultraviolettkiirgusest. Need kiired tungivad s\u00fcgavale nahka ning kiirendavad naha vananemist ja kortsude teket.<\/p>\n<p>UVB-kiirgus kahjustab enam naha pealiskihti, p\u00f5hjustades punetust ja p\u00f5letust. K\u00f5rgetes ja p\u00e4ikesevalgust peegeldavates kohtades (n\u00e4iteks lumel ja j\u00e4\u00e4l) muutub see kiirgus veel kahjulikumaks, m\u00f5jutades nahka m\u00f5nikord isegi kuni kaks korda tugevamini.<\/p>\n<p>P\u00e4ikesekaitsekreem sisaldab v\u00e4ga innovaatilist \u00fchendit, mille \u00fcks koostisosa on mittenanoosakese suurune tsinkoksiid, mida on t\u00f6\u00f6deldud t\u00e4nap\u00e4evase kattetehnoloogia abil. Toodet on kerge peale kanda. Kaitseb suurep\u00e4raselt p\u00e4ikese eest ja imendub h\u00e4sti, j\u00e4tmata rasust kihti.<\/p>\n<p>Ent uuenduslik p\u00e4ikesekaitsetehnoloogia ei ole selle kreemi ainus eelis \u2013 see sisaldab Foreveri istandustest p\u00e4rit ehedat aaloed, mis toidab, rahustab ja hoiab niiskuse nahas. Teie naha hoolduseks ja kaitseks kasutatakse \u00fcksnes parima kvaliteediga aaloelehe sisegeeli. Kreemi kaitseomadusi tugevdab veel E-vitamiin, mis v\u00f5itleb vabade radikaalide vastu ning tungib naha s\u00fcgavamatesse kihtidesse, pehmendades ja niisutades seda veel t\u00f5husamalt.<\/p>\n<p>P\u00e4ikesekaitsekreem p\u00fcsib veekindel 80 minutit. Parima tulemuse saavutamiseks kandke toodet p\u00e4ikese k\u00e4es viibides nahale ohtralt ja regulaarselt. \u00dcksk\u00f5ik, kas tegelete m\u00e4gironimisega v\u00f5i veedate n\u00e4dalal\u00f5ppu grillides, v\u00f5ite julgelt p\u00e4ikest nautida ja olla kindel, et p\u00e4ikesekreem kaitseb kogu teie peret.<\/p>\n<p><strong><span style=\"color: #ff9900;\">KASUTUS:<\/span><\/strong><br \/>\nKandke nahale ohtralt toodet 15 minutit enne p\u00e4ikese k\u00e4tte minekut.<br \/>\nKandke uuesti nahale:<br \/>\n\u2022 80 minuti p\u00e4rast, kui olete ujunud v\u00f5i higistanud<br \/>\n\u2022 Kohe p\u00e4rast r\u00e4tikuga kuivatamist<br \/>\n\u2022 V\u00e4hemalt iga kahe tunni tagant<\/p>\n<p><span style=\"color: #99cc00;\"><strong>Loe lisaks :<\/strong><span style=\"color: #ff9900;\">\u00a0<a style=\"color: #ff9900;\" href=\"http:\/\/aaloe.ee\/wp-content\/uploads\/2019\/06\/P\u00e4ikesekaitsekreem-SPF30.pdf\">P\u00e4ikesekaitsekreem SPF30<\/a><\/span><\/span><\/p>\n","protected":false},"excerpt":{"rendered":"<div>\n<p class=\"intro variant a1P0V000004qdAkUAI\">Nautige p\u00e4ikest, laskmata ohtlikul kiirgusel oma nahka kahjustada.<\/p>\n<p class=\"variant a1P0V000004qdAkUAI\">Laiaspektrilise toimega veekindlal SPF 30 p\u00e4ikesekaitsekreemil on uuenduslik UVA- ja UVB-filter.<\/p>\n<\/div>\n<div>\n<div class=\"price variant a1P0V000004qdAkUAI\">118 ml<\/div>\n<div><strong>Kood:<\/strong> 617<\/div>\n<div><\/div>\n<\/div>\n","protected":false},"featured_media":4020,"template":"","meta":[],"product_brand":[],"product_cat":[185],"product_tag":[],"class_list":{"0":"post-4030","1":"product","2":"type-product","3":"status-publish","4":"has-post-thumbnail","6":"product_cat-personaalhooldus","8":"first","9":"outofstock","10":"taxable","11":"shipping-taxable","12":"purchasable","13":"product-type-simple"},"jetpack_sharing_enabled":true,"_links":{"self":[{"href":"https:\/\/aaloe.ee\/et\/wp-json\/wp\/v2\/product\/4030","targetHints":{"allow":["GET"]}}],"collection":[{"href":"https:\/\/aaloe.ee\/et\/wp-json\/wp\/v2\/product"}],"about":[{"href":"https:\/\/aaloe.ee\/et\/wp-json\/wp\/v2\/types\/product"}],"wp:featuredmedia":[{"embeddable":true,"href":"https:\/\/aaloe.ee\/et\/wp-json\/wp\/v2\/media\/4020"}],"wp:attachment":[{"href":"https:\/\/aaloe.ee\/et\/wp-json\/wp\/v2\/media?parent=4030"}],"wp:term":[{"taxonomy":"product_brand","embeddable":true,"href":"https:\/\/aaloe.ee\/et\/wp-json\/wp\/v2\/product_brand?post=4030"},{"taxonomy":"product_cat","embeddable":true,"href":"https:\/\/aaloe.ee\/et\/wp-json\/wp\/v2\/product_cat?post=4030"},{"taxonomy":"product_tag","embeddable":true,"href":"https:\/\/aaloe.ee\/et\/wp-json\/wp\/v2\/product_tag?post=4030"}],"curies":[{"name":"wp","href":"https:\/\/api.w.org\/{rel}","templated":true}]}}