{"id":3968,"date":"2019-04-07T00:23:20","date_gmt":"2019-04-06T21:23:20","guid":{"rendered":"http:\/\/aaloe.ee\/et\/?post_type=product&#038;p=3968"},"modified":"2025-10-30T20:01:18","modified_gmt":"2025-10-30T18:01:18","slug":"aloe-activator-aaloega-aktivaator","status":"publish","type":"product","link":"https:\/\/aaloe.ee\/et\/toode\/aloe-activator-aaloega-aktivaator\/","title":{"rendered":"Aloe activator &#8211; Aaloeaktivaator"},"content":{"rendered":"<h2><span style=\"color: #99cc00;\">Aaloega aktivaator<\/span><\/h2>\n<p>\u2013 Suurep\u00e4rane palsam nahale<\/p>\n<p>\u2013 Piisavalt \u00f5rn kogu n\u00e4o, isegi tundliku silma\u00fcmbrusnaha vastu<\/p>\n<p>\u2013 Puhastab, rahustab ja v\u00e4rskendab<\/p>\n<p>\u2013 Tugevdab muude Foreveri nahahooldustoodete toimet<\/p>\n<p>Aaloega aktivaator sisaldab rohkem kui 98% aaloegeeli. Nahale kantuna v\u00e4rskendab ja rahustab see silmapilkselt. Aaloe sobib suurep\u00e4raselt tundlikule nahale. Teised aktivaatoris leiduvad olulised koostisained, nagu A-, C- ja E-vitamiin kannavad naha eest igap\u00e4evaselt hoolt.<\/p>\n<p>Peale v\u00e4\u00e4rtusliku aaloe sisaldab aktivaator veel allantoiini, mis pehmendab ja silub nahka. Selles leiduvad ens\u00fc\u00fcmid, aminohapped ja pol\u00fcsahhariidid niisutavad t\u00f5husalt. Aaloerikas aktivaator valmistab naha ette muudeks Foreveri nahahooldustoodeteks v\u00f5i kui kasutate seda l\u00f5pus, kinnistab ja tugevdab see nende toimet. V\u00f5ib-olla saab see igap\u00e4evase ilurituaali uus osa peagi teie lemmikuks, sest nii protsess ise kui ka pehmem ja kaunim nahk pakuvad suurt r\u00f5\u00f5mu.<\/p>\n<p><span style=\"color: #ff9900;\"><strong>KASUTUS:<\/strong><\/span><br \/>\nAaloega aktivaator on universaalne toode, mis puhastab ja v\u00e4rskendab. Niisutage vatitups aktivaatoriga ja kandke \u00f5rnalt nahale. Aaloemaski tegemiseks segage kokku<br \/>\n1 tl maskipulbrit ja 1 tl aktivaatorit ning kandke \u00f5huke maskikiht puhtale nahale. 20 minuti m\u00f6\u00f6dudes loputage hoolikalt sooja veega. Kasutage 2\u20133 korda n\u00e4dalas.<\/p>\n<p><span style=\"color: #ff0000;\">T\u00c4HELEPANU:<\/span><br \/>\nV\u00e4ltige silmasattumist. Silmade \u00e4rrituse korral loputage hoolikalt veega. Kui \u00e4rritus ei m\u00f6\u00f6du, katkestage toote kasutamine ja pidage n\u00f5u arstiga.<\/p>\n<p><strong><span style=\"color: #99cc00;\">Lisainfo :<\/span><\/strong>\u00a0<strong><span style=\"color: #ff9900;\"><a style=\"color: #ff9900;\" href=\"http:\/\/aaloe.ee\/wp-content\/uploads\/2019\/04\/Aloe-activator.pdf\">Aloe-aktivator<\/a><\/span><\/strong><\/p>\n","protected":false},"excerpt":{"rendered":"<p class=\"intro variant a1P0V000003R0xDUAS\">Niisutava, v\u00e4rskendava ja rahustava aaloega<\/p>\n<p class=\"variant a1P0V000003R0xDUAS\">Kui teie nahk vajab veidi t\u00e4iendavat hoolitsust, hellitage seda niisutava ja v\u00e4rskendava aaloeaktivaatoriga.<\/p>\n<p>130ml<\/p>\n<p><strong>Kood :<\/strong> 612<\/p>\n","protected":false},"featured_media":3971,"template":"","meta":[],"product_brand":[],"product_cat":[170,185],"product_tag":[],"class_list":{"0":"post-3968","1":"product","2":"type-product","3":"status-publish","4":"has-post-thumbnail","6":"product_cat-eksklusiivsed-tooted","7":"product_cat-personaalhooldus","9":"first","10":"instock","11":"taxable","12":"shipping-taxable","13":"purchasable","14":"product-type-simple"},"jetpack_sharing_enabled":true,"_links":{"self":[{"href":"https:\/\/aaloe.ee\/et\/wp-json\/wp\/v2\/product\/3968","targetHints":{"allow":["GET"]}}],"collection":[{"href":"https:\/\/aaloe.ee\/et\/wp-json\/wp\/v2\/product"}],"about":[{"href":"https:\/\/aaloe.ee\/et\/wp-json\/wp\/v2\/types\/product"}],"wp:featuredmedia":[{"embeddable":true,"href":"https:\/\/aaloe.ee\/et\/wp-json\/wp\/v2\/media\/3971"}],"wp:attachment":[{"href":"https:\/\/aaloe.ee\/et\/wp-json\/wp\/v2\/media?parent=3968"}],"wp:term":[{"taxonomy":"product_brand","embeddable":true,"href":"https:\/\/aaloe.ee\/et\/wp-json\/wp\/v2\/product_brand?post=3968"},{"taxonomy":"product_cat","embeddable":true,"href":"https:\/\/aaloe.ee\/et\/wp-json\/wp\/v2\/product_cat?post=3968"},{"taxonomy":"product_tag","embeddable":true,"href":"https:\/\/aaloe.ee\/et\/wp-json\/wp\/v2\/product_tag?post=3968"}],"curies":[{"name":"wp","href":"https:\/\/api.w.org\/{rel}","templated":true}]}}