{"id":3963,"date":"2019-04-07T00:11:09","date_gmt":"2019-04-06T21:11:09","guid":{"rendered":"http:\/\/aaloe.ee\/et\/?post_type=product&#038;p=3963"},"modified":"2025-04-01T23:43:51","modified_gmt":"2025-04-01T20:43:51","slug":"aloe-bio-cellulose-mask-biotselluloosi-mask-aaloega","status":"publish","type":"product","link":"https:\/\/aaloe.ee\/et\/toode\/aloe-bio-cellulose-mask-biotselluloosi-mask-aaloega\/","title":{"rendered":"Aaloega- biotselluloosi mask 3tk"},"content":{"rendered":"<div>\n<div>\n<p><span style=\"color: #99cc00;\"><strong>Luksuslik n\u00e4omask k\u00f5ikidele nahat\u00fc\u00fcpidele<\/strong><\/span><\/p>\n<p>N\u00fc\u00fcd on kaasaegne ja t\u00e4iustatud nahahooldus lihtsam kui kunagi varem: aaloe biotselluloosimask on kohal!\u00a0See on lihtsalt kasutatav ja t\u00f5hus \u00fchekordselt kasutatav mask, mis v\u00f5itleb vananemisilmingute vastu ning annab nahale rohkelt niisutust ja uut s\u00e4ra \u2013 k\u00f5igest 20 minutiga.<\/p>\n<p><strong><span style=\"color: #99cc00;\">Kellele?<\/span><\/strong><\/p>\n<p>Aaloe biotselluloosmask sobib igas vanuses ja igat t\u00fc\u00fcpi nahale.\u00a0See on suurep\u00e4rane valik, kui soovite halli ja elutut nahka kiiresti heledamaks muuta.\u00a0Mask sobib eriti h\u00e4sti neile, kellel on traditsioonilisi mahapestavaid maske raske kasutada.\u00a0Mask on ka l\u00f5hnavaba, vegan ja kompostitav.<\/p>\n<p><span style=\"color: #99cc00;\"><strong>Uusim nahahoolduse alal<\/strong><\/span><\/p>\n<p>Aloe bio-tselluloosmaski t\u00fc\u00fcpi maskid on viimastel aastatel muutunud v\u00e4ga populaarseks.\u00a0Aloe biotselluloosimask on aga uuenduse veelgi kaugemale viinud.\u00a0Nimelt on mask valmistatud biotselluloosist ehk orgaanilisest materjalist, mis suudab s\u00e4ilitada ohtralt niiskust.\u00a0T\u00e4nu sellele on see hea kandja k\u00f5ikidele suurep\u00e4rastele nahahooldusvahenditele, mida mask sisaldab.\u00a0Materjali on ka lihtne vormida, kuna selle peened kiud on juustest 1000 korda \u00f5hemad, mist\u00f5ttu mask sobib h\u00e4sti.\u00a0Biotselluloosi tekitavad bakterid, kellele antakse sobiv toitumine ja mis seej\u00e4rel toodavad \u00f5hukese kangataolise materjali.\u00a0Sel juhul on loomulikult parim toit, mis meil bakteritele on, meie enda Aloe vera.<\/p>\n<p><span style=\"color: #99cc00;\"><strong>Suurep\u00e4rased koostisosad<\/strong><\/span><\/p>\n<p>Mask on k\u00fcllastunud seerumiga, mis sisaldab suures kontsentratsioonis meie parimat Aloe verat.\u00a0Koostisosa on toote jaoks valitud nahka hooldavate, pehmendavate ja niisutavate omaduste t\u00f5ttu.\u00a0Maskis on tuttavad koostisosad, nagu niiskust s\u00e4ilitav naatriumh\u00fcaluronaat ja kaitsev gl\u00fctseriin.\u00a0Mask sisaldab ka uusi ja huvitavaid tuttavaid, nagu nahka hooldav hobukastani ekstrakt, kofeiin ja tsinkgl\u00fckonaat, aga ka nahka pinguldav rohelise tee ekstrakt, mis antioks\u00fcdandina ravib, tugevdab ja kaitseb nahka.<\/p>\n<p><span style=\"color: #99cc00;\"><strong>Lihtne nahahooldus<\/strong><\/span><\/p>\n<p>Kui tooted muudavad nahahoolduse lihtsamaks, muutuvad need ka kasutuseks.\u00a0Kas teil on 20 minutit vaba aega?\u00a0Kingi endale hetk l\u00f5\u00f5gastust ja kanna n\u00e4ole aaloe biotselluloosimaski.\u00a0See parandab naha v\u00e4limust, paljastades s\u00e4rava, h\u00fcdreeritud naha, mis n\u00e4eb v\u00e4lja nooruslikum.\u00a0Maski ei pea maha loputama, kuid seerumi j\u00e4\u00e4gid v\u00f5ib l\u00f5pus nahka h\u00f5\u00f5ruda.\u00a0Ja mis k\u00f5ige parem: kasutatud aaloe biotselluloosimaski v\u00f5ib julgelt visata orgaaniliste j\u00e4\u00e4tmete hulka.<\/p>\n<p><span style=\"color: #99cc00;\"><strong>Teised sarja tooted<\/strong><\/span><\/p>\n<p>Meie nahahooldussarja kuuluvad ka Smoothing koorija, Awakening silmakreem, kaitsev p\u00e4evakreem, aaloe aktivaator ja tasakaalustav toonik.\u00a0Sobib h\u00e4sti ka Infinite by Forever\u2122 ja Sonya\u2122 igap\u00e4evaste nahahoolduss\u00fcsteemide sarja toodetega.<\/p>\n<p><span style=\"color: #ff9900;\"><strong>Aloe bio-tselluloosimask\u00a0<\/strong>\u00a0<strong>on hinnatud SUUREP\u00c4RANE Dermatestini\u00ae l\u00e4bi viidud dermatoloogilistes testides.<\/strong><\/span><\/p>\n<h2><span style=\"color: #99cc00;\">Biotselluloosi mask aaloega<\/span><\/h2>\n<p>&#8211; Niisutab ja taastab t\u00f5husalt nahka<\/p>\n<p>&#8211; V\u00e4rskendab nahatooni ja aitab v\u00f5idelda vananemise tunnustega<\/p>\n<p>&#8211; Rahustab nahka ja v\u00e4hendab punetust<\/p>\n<p>&#8211; Nahk n\u00e4eb v\u00e4lja pehme, pingul ja s\u00e4rav<\/p>\n<p>Foreveri uuenduslik looduslikest koostisainetest valmistatud aaloega biotselluloosmask niisutab ohtralt ja t\u00f5husalt. Uut sorti maski aluse moodustab biotselluloos. See aine kohandub kergesti n\u00e4okontuuridega, v\u00f5imaldades maskil imenduda s\u00fcgavale nii peenetesse kui ka n\u00e4htavamatesse kortsudesse, kuhu tavalised lehtmaskid ei j\u00f5ua.<\/p>\n<p>Aaloega biotselluloosmaskil on kahetine toime. Forever kasutab unikaalset meetodit, kus meie istanduste aaloegeel ja mererohi fermenteeruvad teatud bakterite m\u00f5jul ning muutuvad biotselluloosi kiuks, mis rahustab, pehmendab ja niisutab nahka. Rohelise tee ja hariliku hobukastaniga seerum v\u00e4rskendab v\u00e4sinud nahka ning kaitseb seda vabade radikaalide eest, aidates n\u00f5nda v\u00f5idelda vananemistundem\u00e4rkidega. \u00dchtlasi see rahustab ja v\u00e4hendab naha punetust. Sellisel moel t\u00e4idab \u00fcks mask kahte t\u00e4htsat funktsiooni.<\/p>\n<p>Meie biotselluloosi maski on lihtne kasutada. Seda ei ole vaja maha pesta \u2013 lihtsalt masseerige allesj\u00e4\u00e4nud seerum n\u00e4o- ja kaelanahka. Et biotselluloos v\u00f5imaldab seerumil harilike maskidega v\u00f5rreldes nahka tungida mitu korda s\u00fcgavamalt, p\u00fcsib teie nahk palju kauem niisutatuna.<\/p>\n<p><span style=\"color: #ff9900;\"><strong>KASUTUS:<\/strong><\/span><br \/>\n1. Avage kott ja v\u00f5tke mask lahti.<\/p>\n<p>2. Mask on m\u00f5lemalt poolt kaitstud kangakihiga. Eemaldage \u00fcks kiht ja visake \u00e4ra.<\/p>\n<p>3. Asetage mask n\u00e4ole. Suruge see \u00f5rnalt vastu nahka.<\/p>\n<p>4. Eemaldage teine kangakiht ja visake \u00e4ra.<\/p>\n<p>5. Umbes 20 minuti p\u00e4rast v\u00f5tke mask n\u00e4olt ja visake \u00e4ra. Nahka ei ole vaja pesta. Masseerige maski j\u00e4\u00e4k n\u00e4o- ja kaelanahka, et s\u00e4ilitada nooruslik jume.<\/p>\n<p><span style=\"color: #99cc00;\"><strong>Lisainfo :<span style=\"color: #ff9900;\">\u00a0<a style=\"color: #ff9900;\" href=\"http:\/\/aaloe.ee\/wp-content\/uploads\/2019\/04\/Bio-tselluloosi-mask-aaloega.pdf\">Bio-tselluloosi-mask-aaloega<\/a><\/span><\/strong><\/span><\/p>\n<\/div>\n<\/div>\n<p>&nbsp;<\/p>\n","protected":false},"excerpt":{"rendered":"<div>\n<p class=\"intro variant a1P0V000003R0wKUAS\">V\u00f5tke istet, l\u00f5\u00f5gastuge ja laske sel uut sorti maskil oma naha eest hoolt kanda.<\/p>\n<p class=\"variant a1P0V000003R0wKUAS\">&#8211; Niisutab ja taastab t\u00f5husalt nahka &#8211; V\u00e4rskendab nahatooni ja aitab v\u00f5idelda vananemise tunnustega &#8211; Rahustab nahka ja v\u00e4hendab punetust &#8211; Nahk n\u00e4eb v\u00e4lja pehme, pingul ja s\u00e4rav<\/p>\n<p class=\"variant a1P0V000003R0wKUAS\"><strong>Kogus:\u00a0<\/strong> 25 g\/tk (3eraldi pakendatud maski)<\/p>\n<\/div>\n<div>\n<div><strong>Kood:<\/strong> 664<\/div>\n<\/div>\n","protected":false},"featured_media":5078,"template":"","meta":[],"product_brand":[],"product_cat":[170],"product_tag":[],"class_list":{"0":"post-3963","1":"product","2":"type-product","3":"status-publish","4":"has-post-thumbnail","6":"product_cat-eksklusiivsed-tooted","8":"first","9":"instock","10":"taxable","11":"shipping-taxable","12":"purchasable","13":"product-type-simple"},"jetpack_sharing_enabled":true,"_links":{"self":[{"href":"https:\/\/aaloe.ee\/et\/wp-json\/wp\/v2\/product\/3963","targetHints":{"allow":["GET"]}}],"collection":[{"href":"https:\/\/aaloe.ee\/et\/wp-json\/wp\/v2\/product"}],"about":[{"href":"https:\/\/aaloe.ee\/et\/wp-json\/wp\/v2\/types\/product"}],"wp:featuredmedia":[{"embeddable":true,"href":"https:\/\/aaloe.ee\/et\/wp-json\/wp\/v2\/media\/5078"}],"wp:attachment":[{"href":"https:\/\/aaloe.ee\/et\/wp-json\/wp\/v2\/media?parent=3963"}],"wp:term":[{"taxonomy":"product_brand","embeddable":true,"href":"https:\/\/aaloe.ee\/et\/wp-json\/wp\/v2\/product_brand?post=3963"},{"taxonomy":"product_cat","embeddable":true,"href":"https:\/\/aaloe.ee\/et\/wp-json\/wp\/v2\/product_cat?post=3963"},{"taxonomy":"product_tag","embeddable":true,"href":"https:\/\/aaloe.ee\/et\/wp-json\/wp\/v2\/product_tag?post=3963"}],"curies":[{"name":"wp","href":"https:\/\/api.w.org\/{rel}","templated":true}]}}