{"id":3957,"date":"2019-04-06T23:54:37","date_gmt":"2019-04-06T20:54:37","guid":{"rendered":"http:\/\/aaloe.ee\/et\/?post_type=product&#038;p=3957"},"modified":"2025-04-14T22:23:11","modified_gmt":"2025-04-14T19:23:11","slug":"sonya-refreching-gel-cleanser-sonya-varskendav-geelpuhasti","status":"publish","type":"product","link":"https:\/\/aaloe.ee\/et\/toode\/sonya-refreching-gel-cleanser-sonya-varskendav-geelpuhasti\/","title":{"rendered":"Sonya refreching gel cleanser &#8211; Sonya v\u00e4rskendav geelpuhasti"},"content":{"rendered":"<h2><span style=\"color: #99cc00;\">Sonya v\u00e4rskendav geelpuhasti<\/span><\/h2>\n<p>\u2013 Puhastab ja niisutab<\/p>\n<p>\u2013 Rahustava aaloega, mis ei lase nahal kuivada<\/p>\n<p>\u2013 \u00d5rn vaht segat\u00fc\u00fcpi nahale<\/p>\n<p>Kui see jahutav geel vastu nahka puutub, tunnete kohe, et see ei ole tavaline tugevalt vahutav pesuvahend, mis j\u00e4tab ebameeldivalt kiskuva tunde. See on uus innovaatiline vahend meie aaloegeeli ja muude koostisainetega maailma eri paigust. Seda v\u00f5ib naha \u00f5rnaks puhastamiseks ja rahustamiseks kasutada nii hommikul kui ka \u00f5htul.<\/p>\n<p>V\u00e4rskendava geelpuhasti \u00f5rn vaht sisaldab \u00f5una aminohappeid ja h\u00fcdroks\u00fcatsetofenooni, mis aitavad kombineeritud nahal kauni jume s\u00e4ilitada. Seebikaunaekstrakt aitab k\u00f5rvaldada elutud rakud, mustuse ja jumestuse j\u00e4\u00e4gid, et nahk saaks \u00f5rnalt, ent hoolikalt puhtaks.<\/p>\n<p>Peale puhastavate ainete on v\u00e4rskendava geelpuhasti koostises ka niisutavaid aineid, nagu k\u00fclmpressitud ahvileivapuu\u00f5li (Senegalis kasvavatest puudest). Kohalikud nimetavad seda ka \u201eelupuuks\u201d, sest puu eluiga ulatub \u00fcle 500 aasta. T\u00e4nu tugevusele ja pikaealisusele sobib see \u00f5li suurep\u00e4raselt meie puhastusvahendi koostisesse.<\/p>\n<p>Unustage tavap\u00e4rased pesuvahendid! Sonya v\u00e4rskendav geelpuhasti on valmistatud uue geelitehnoloogia j\u00e4rgi, t\u00e4nu millele see puhastab ja pehmendab h\u00e4sti teie nahka. Parima tulemuse saavutamiseks kasutage seda koos teiste\u00a0<strong>Sonya igap\u00e4evase nahahoolduse\u00a0<\/strong>toodetega.<\/p>\n<p><span style=\"color: #ff9900;\"><strong>KOOSTIS :\u00a0<\/strong><\/span><\/p>\n<p>Aloe Barbadensis Leaf Juice, Aqua, Decyl Glucoside, Propanediol, Caprylyl Methicone, Polyacrylate Crosspolymer-6, Sodium Cocoyl Glycinate, 1,2-Hexanediol, Adansonia Digitata (Baobab) Seed Oil Polyglyceryl-6 Esters, Acacia Concinna (Shikakai) Fruit Extract, Balanites Aegyptiaca (Soap berry) Fruit Extract, Gypsophila Paniculata Root Extract, Sodium Cocoyl Apple Amino Acids, Caesalpinia Spinosa (Tara tree) Gum, Coco-Glucoside, Glyceryl Oleate, Sorbitan Oleate Decylglucoside Crosspolymer, Propanediol, Hydroxyacetophenone, Caprylyl Glycol, Disodium EDTA, Ethylhexylglycerin, Ascorbic Acid, Citric Acid, Caprylhydroxamic Acid, Potassium Sorbate, Sodium Benzoate.<\/p>\n<p><span style=\"color: #ff9900;\"><strong>KASUTAMINE:<\/strong><\/span><br \/>\nPigistage niisketele s\u00f5rmedele ohtralt vahendit ja masseerige nahale. Loputage hoolikalt<br \/>\nveega, et nahk j\u00e4\u00e4ks puhas ja v\u00e4rske. Parima tulemuse saavutamiseks kasutage seda koos s\u00e4rageeli v\u00f5i taastava geelmaskiga.<\/p>\n<p><span style=\"color: #ff0000;\">T\u00c4HELEPANU!<\/span><br \/>\nV\u00e4ltige silmasattumist. Silmade \u00e4rrituse korralloputage hoolikalt veega. Kui \u00e4rritusei m\u00f6\u00f6du, l\u00f5petage kasutamine ja p\u00f6\u00f6rduge arsti poole.<\/p>\n<p><strong><span style=\"color: #99cc00;\">Lisainfo :<\/span><\/strong><span style=\"color: #999999;\">\u00a0<strong><span style=\"color: #ff9900;\"><a style=\"color: #ff9900;\" href=\"http:\/\/aaloe.ee\/wp-content\/uploads\/2019\/04\/Sunya-v\u00e4rskendav-geelpuhasti.pdf\">Sonya v\u00e4rskendav geelpuhasti<\/a><\/span><\/strong><\/span><\/p>\n","protected":false},"excerpt":{"rendered":"<div>\n<p class=\"intro variant a1P0V000003R0wPUAS\">Unustage tavap\u00e4rased pesuvahendid<\/p>\n<p class=\"variant a1P0V000003R0wPUAS\">Meie uus v\u00e4rskendav seebivaba geelpuhasti valmistatakse innovaatilise geelitehnoloogia j\u00e4rgi. See puhastab nahka kuivatamata, sest sisaldab meie stabiliseeritud aaloegeeli ja muid t\u00f5husaid taimeekstrakte.<\/p>\n<\/div>\n<div>\n<div class=\"price variant a1P0V000003R0wPUAS\">118ml<\/div>\n<\/div>\n<div><strong>Kood :<\/strong> 605<\/div>\n","protected":false},"featured_media":3960,"template":"","meta":[],"product_brand":[],"product_cat":[170],"product_tag":[],"class_list":{"0":"post-3957","1":"product","2":"type-product","3":"status-publish","4":"has-post-thumbnail","6":"product_cat-eksklusiivsed-tooted","8":"first","9":"outofstock","10":"taxable","11":"shipping-taxable","12":"purchasable","13":"product-type-simple"},"jetpack_sharing_enabled":true,"_links":{"self":[{"href":"https:\/\/aaloe.ee\/et\/wp-json\/wp\/v2\/product\/3957","targetHints":{"allow":["GET"]}}],"collection":[{"href":"https:\/\/aaloe.ee\/et\/wp-json\/wp\/v2\/product"}],"about":[{"href":"https:\/\/aaloe.ee\/et\/wp-json\/wp\/v2\/types\/product"}],"wp:featuredmedia":[{"embeddable":true,"href":"https:\/\/aaloe.ee\/et\/wp-json\/wp\/v2\/media\/3960"}],"wp:attachment":[{"href":"https:\/\/aaloe.ee\/et\/wp-json\/wp\/v2\/media?parent=3957"}],"wp:term":[{"taxonomy":"product_brand","embeddable":true,"href":"https:\/\/aaloe.ee\/et\/wp-json\/wp\/v2\/product_brand?post=3957"},{"taxonomy":"product_cat","embeddable":true,"href":"https:\/\/aaloe.ee\/et\/wp-json\/wp\/v2\/product_cat?post=3957"},{"taxonomy":"product_tag","embeddable":true,"href":"https:\/\/aaloe.ee\/et\/wp-json\/wp\/v2\/product_tag?post=3957"}],"curies":[{"name":"wp","href":"https:\/\/api.w.org\/{rel}","templated":true}]}}