{"id":3953,"date":"2019-04-05T19:51:03","date_gmt":"2019-04-05T16:51:03","guid":{"rendered":"http:\/\/aaloe.ee\/et\/?post_type=product&#038;p=3953"},"modified":"2025-04-14T22:45:18","modified_gmt":"2025-04-14T19:45:18","slug":"sonya-refining-gel-mask-sonya-taastav-geelmask","status":"publish","type":"product","link":"https:\/\/aaloe.ee\/et\/toode\/sonya-refining-gel-mask-sonya-taastav-geelmask\/","title":{"rendered":"Sonya refining gel mask &#8211; Sonya taastav geelmask"},"content":{"rendered":"<h2><strong><span style=\"color: #99cc00;\">Sonya taastav geelmask<\/span><\/strong><\/h2>\n<p>\u2013 Loob nahale terve jume<\/p>\n<p>\u2013 Aitab taastada segat\u00fc\u00fcpi naha tasakaalu<\/p>\n<p>\u2013 Toidab nahka sellal, kui te magate<\/p>\n<p>Teie uneaja optimaalseks \u00e4rakasutamiseks oleme maski rikastanud hulga taimeekstraktidega, sealhulgas india puju \u00f5ie-, porgandiseemne-, basiiliku- ja soja\u00f5liga.<\/p>\n<p>Jahutav geel imendub hetkega ja te tunnete kohe, kuidas nahk ammutab niiskust meie luksuslikust stabiliseeritud aaloegeelist ja muudest niisutavatest ainetest, nagu \u00f5unaekstraktist ja ristiku\u00f5iteekstraktist, mis \u00fchtlasi pehmendavad nahka ja annavad sellele nooruslikku s\u00e4ra. Korea bambuse (<em>Sasa quelpaertensis<\/em>) ekstrakt ja lagritsa-magusjuure juur, mida kasutatakse juba \u00fcle 3000 aasta, on head antioks\u00fcdandid. Need k\u00f5rgekvaliteedilised taimeekstraktid niisutavad nahka, kuni te magate, j\u00e4tmata rasvast kihti.<\/p>\n<p>Piisab, kui kasutate maski 2\u20133 korda n\u00e4dalas, et \u00e4rgata hommikul kaunima, nooruslikuma ja v\u00e4rskema nahaga. Parima tulemuse saavutamiseks kasutage seda koos teiste\u00a0<strong>Sonya igap\u00e4evase nahahoolduse\u00a0<\/strong>toodetega.<\/p>\n<p><strong><span style=\"color: #ff9900;\">KASUTUS:<\/span> <\/strong>Kandke enne magamaminekut n\u00e4onahale ohtralt vahendit ja j\u00e4tke \u00f6\u00f6seks peale. Hommikul peske hoolikalt maha, et nahk n\u00e4eks v\u00e4rske v\u00e4lja. Parima tulemuse saavutamiseks kasutage v\u00e4hemalt 2\u20133 korda n\u00e4dalas.<\/p>\n<p><strong><span style=\"color: #ff9900;\">Lisainfo:<\/span><span style=\"color: #99cc00;\">\u00a0<a style=\"color: #99cc00;\" href=\"http:\/\/aaloe.ee\/wp-content\/uploads\/2019\/04\/Sonya-taastav-geelmask.pdf\">Sonya-taastav-geelmask<\/a><\/span><\/strong><\/p>\n","protected":false},"excerpt":{"rendered":"<div>\n<p class=\"intro variant a1P0V000003R0wjUAC\">Taastav geelmask annab m\u00f5istele \u201eilu-uni\u201d uue t\u00e4henduse. Lihtsalt kandke enne magamaminekut nahale ja laske toimida!<\/p>\n<p class=\"variant a1P0V000003R0wjUAC\">Selle maski on teadlased loonud, et optimeerida naha talitlust \u00f6\u00f6sel. See harmoniseerib une ajal organismi loomulikke funktsioone ja taastab kombineeritud t\u00fc\u00fcpi naha tasakaalu, v\u00e4hendades rasueritust ja luues eluterve jume.<\/p>\n<p>59ml<\/p>\n<p>Kood : 607<\/p>\n<\/div>\n<div><\/div>\n","protected":false},"featured_media":3954,"template":"","meta":[],"product_brand":[],"product_cat":[170],"product_tag":[],"class_list":{"0":"post-3953","1":"product","2":"type-product","3":"status-publish","4":"has-post-thumbnail","6":"product_cat-eksklusiivsed-tooted","8":"first","9":"outofstock","10":"taxable","11":"shipping-taxable","12":"purchasable","13":"product-type-simple"},"jetpack_sharing_enabled":true,"_links":{"self":[{"href":"https:\/\/aaloe.ee\/et\/wp-json\/wp\/v2\/product\/3953","targetHints":{"allow":["GET"]}}],"collection":[{"href":"https:\/\/aaloe.ee\/et\/wp-json\/wp\/v2\/product"}],"about":[{"href":"https:\/\/aaloe.ee\/et\/wp-json\/wp\/v2\/types\/product"}],"wp:featuredmedia":[{"embeddable":true,"href":"https:\/\/aaloe.ee\/et\/wp-json\/wp\/v2\/media\/3954"}],"wp:attachment":[{"href":"https:\/\/aaloe.ee\/et\/wp-json\/wp\/v2\/media?parent=3953"}],"wp:term":[{"taxonomy":"product_brand","embeddable":true,"href":"https:\/\/aaloe.ee\/et\/wp-json\/wp\/v2\/product_brand?post=3953"},{"taxonomy":"product_cat","embeddable":true,"href":"https:\/\/aaloe.ee\/et\/wp-json\/wp\/v2\/product_cat?post=3953"},{"taxonomy":"product_tag","embeddable":true,"href":"https:\/\/aaloe.ee\/et\/wp-json\/wp\/v2\/product_tag?post=3953"}],"curies":[{"name":"wp","href":"https:\/\/api.w.org\/{rel}","templated":true}]}}