{"id":3944,"date":"2019-04-05T18:29:42","date_gmt":"2019-04-05T15:29:42","guid":{"rendered":"http:\/\/aaloe.ee\/et\/?post_type=product&#038;p=3944"},"modified":"2025-04-14T22:43:36","modified_gmt":"2025-04-14T19:43:36","slug":"sonya-sarageel","status":"publish","type":"product","link":"https:\/\/aaloe.ee\/et\/toode\/sonya-sarageel\/","title":{"rendered":"Sonya illuminating gel &#8211; Sonya s\u00e4rageel"},"content":{"rendered":"<h2 class=\"variant a1P0V000003R0wZUAS\"><span style=\"color: #99cc00;\">Sonya s\u00e4rageel<\/span><\/h2>\n<p><span style=\"color: #999999;\">\u2013 \u00dchtlustab naha jumet<\/span><\/p>\n<p><span style=\"color: #999999;\">\u2013 Annab nahale s\u00e4ra<\/span><\/p>\n<p><span style=\"color: #999999;\">\u2013 Ahendab poore<\/span><\/p>\n<p><span style=\"color: #999999;\">Lagritsa-magusjuure juur ning rohe- ja pruunvetika unikaalne kompleks \u00fchtlustab naha jumet ja muudab vanusega tekkivad pigmendilaigud heledamaks. Vetikakompleksi on rikastatud liposoomidega, et kasulikud ained j\u00f5uaksid nahka seal, kus vaja. Samuti kasutame punase ristiku \u00f5ieekstrakti, mis aitab poore ahendada.<\/span><\/p>\n<p><span style=\"color: #999999;\">Veel \u00fcks p\u00f5hjus, miks see geel ei sarnane muude turul leiduvate sama t\u00fc\u00fcpi toodetega, on viie Aasiast p\u00e4rit taimeekstrakti unikaalne kooslus: baikali tihasheina juureekstrakt, lagritsa-magusjuure juureekstrakt, valge mooruspuu juureekstrakt, puju \u00f5ieekstrakt ja hariliku kreekt\u00fcrni vilja ehk jujuubi ekstrakt. Need idamaised taimed \u00fchtlustavad nahatooni ja lisavad s\u00e4ra.<\/span><\/p>\n<p><span style=\"color: #999999;\">Tulemus on suisa kadestamist v\u00e4\u00e4rt \u2013 pehmem, siledam ja tervelt s\u00e4rav nahk. Rasuerituse v\u00e4hendamiseks ja naha niisutamiseks seal, kus seda k\u00f5ige enam vaja, kasutage geeli koos teiste\u00a0<span style=\"color: #99cc00;\"><strong>Sonya igap\u00e4evase nahahoolduse\u00a0<\/strong><\/span>toodetega.<\/span><\/p>\n<p><span style=\"color: #999999;\"><strong><span style=\"color: #99cc00;\">KASUTUS:<\/span><\/strong> Puhastage n\u00e4gu ja masseerige v\u00e4ike kogus vahendit \u00f5rnalt nahale, et nahk s\u00e4ravaks muuta. Parima tulemuse saavutamiseks kasutage seda koos v\u00e4rskendava geelpuhasti, taastava geelmaski v\u00f5i niisutava kreemiga. Hommikul peske hoolikalt maha, et nahk n\u00e4eks v\u00e4rske v\u00e4lja. Parima tulemuse saavutamiseks kasutage v\u00e4hemalt 2\u20133 korda n\u00e4dalas.<\/span><\/p>\n<p><span style=\"color: #999999;\"><span style=\"color: #ff0000;\">T\u00e4helepanu!<\/span> V\u00e4ltige silma sattumist. \u00c4rrituse korral loputage hoolikalt veega. Kui \u00e4rritus ei m\u00f6\u00f6du, l\u00f5petage kasutamine ja p\u00f6\u00f6rduge arsti poole.<\/span><\/p>\n<p>&nbsp;<\/p>\n","protected":false},"excerpt":{"rendered":"<div>\n<h4 class=\"variant a1P0V000003R0wZUAS\"><span style=\"color: #99cc00;\">Sonya s\u00e4rageel<\/span><\/h4>\n<p class=\"intro variant a1P0V000003R0wZUAS\"><span style=\"color: #999999;\">Loomulik s\u00e4ra nahale<\/span><\/p>\n<p class=\"variant a1P0V000003R0wZUAS\"><span style=\"color: #999999;\">Noorem nahk s\u00e4rab loomulikult. Taastage meie s\u00e4rageeli abil naha loomulik s\u00e4ra. Kiiresti imenduvas uuenduslikus geelis on kapseldatud peptiidid, mis \u00fchtlustavad nahatooni ja annavad kauni jume.<\/span><\/p>\n<\/div>\n<div>\n<div class=\"price variant a1P0V000003R0wZUAS\"><span style=\"color: #999999;\">28,3 g<\/span><\/div>\n<div><span style=\"color: #999999;\"><strong>Kood :<\/strong> 606<\/span><\/div>\n<div><span style=\"color: #99cc00;\"><strong>Lisainfo:<\/strong><\/span><span style=\"color: #999999;\">\u00a0<a style=\"color: #999999;\" href=\"http:\/\/aaloe.ee\/wp-content\/uploads\/2019\/04\/S\u00e4rageel.pdf\">S\u00e4rageel<\/a><\/span><\/div>\n<\/div>\n","protected":false},"featured_media":3945,"template":"","meta":[],"product_brand":[],"product_cat":[170],"product_tag":[],"class_list":{"0":"post-3944","1":"product","2":"type-product","3":"status-publish","4":"has-post-thumbnail","6":"product_cat-eksklusiivsed-tooted","8":"first","9":"outofstock","10":"taxable","11":"shipping-taxable","12":"purchasable","13":"product-type-simple"},"jetpack_sharing_enabled":true,"_links":{"self":[{"href":"https:\/\/aaloe.ee\/et\/wp-json\/wp\/v2\/product\/3944","targetHints":{"allow":["GET"]}}],"collection":[{"href":"https:\/\/aaloe.ee\/et\/wp-json\/wp\/v2\/product"}],"about":[{"href":"https:\/\/aaloe.ee\/et\/wp-json\/wp\/v2\/types\/product"}],"wp:featuredmedia":[{"embeddable":true,"href":"https:\/\/aaloe.ee\/et\/wp-json\/wp\/v2\/media\/3945"}],"wp:attachment":[{"href":"https:\/\/aaloe.ee\/et\/wp-json\/wp\/v2\/media?parent=3944"}],"wp:term":[{"taxonomy":"product_brand","embeddable":true,"href":"https:\/\/aaloe.ee\/et\/wp-json\/wp\/v2\/product_brand?post=3944"},{"taxonomy":"product_cat","embeddable":true,"href":"https:\/\/aaloe.ee\/et\/wp-json\/wp\/v2\/product_cat?post=3944"},{"taxonomy":"product_tag","embeddable":true,"href":"https:\/\/aaloe.ee\/et\/wp-json\/wp\/v2\/product_tag?post=3944"}],"curies":[{"name":"wp","href":"https:\/\/api.w.org\/{rel}","templated":true}]}}