{"id":3935,"date":"2019-04-05T18:01:06","date_gmt":"2019-04-05T15:01:06","guid":{"rendered":"http:\/\/aaloe.ee\/et\/?post_type=product&#038;p=3935"},"modified":"2025-04-01T23:54:59","modified_gmt":"2025-04-01T20:54:59","slug":"sonya-niisutav-kreem","status":"publish","type":"product","link":"https:\/\/aaloe.ee\/et\/toode\/sonya-niisutav-kreem\/","title":{"rendered":"Soothing gel moisturizer &#8211; Sonya niisutav kreem"},"content":{"rendered":"<h1 class=\"variant a1P0V000003R0wtUAC\"><span style=\"color: #99cc00;\">Sonya niisutav kreem<\/span><\/h1>\n<p><span style=\"color: #999999;\">\u2013 Kollageen annab nahale kauni jume<\/span><\/p>\n<p><span style=\"color: #999999;\">\u2013 \u00dcle 10 naturaalse taimeekstrakti ja -\u00f5li<\/span><\/p>\n<p><span style=\"color: #999999;\">\u2013 Niisutab t\u00f5husalt<\/span><\/p>\n<p><span style=\"color: #999999;\">Sellist kreemi ei ole te veel n\u00e4inud. See n\u00e4ib olevat kerge kreem, kuid on valmistatud geelitehnoloogia j\u00e4rgi ja imendub silmapilkselt nahka. \u00dcle 10 naturaalse taimeekstrakti ja -\u00f5li (sealhulgas jujuubiestrid ja oliivi\u00f5li) niisutavad nahka ja aitavad s\u00e4ilitada selle elastsuse. Unikaalse kreemi koostisesse kuulub veel seentest saadud beetagl\u00fckaan, mis rahustab nahka ja annab sellele kauni tooni.<\/span><\/p>\n<p><span style=\"color: #999999;\">Lisaks sisaldab kreem vananemise tundem\u00e4rke v\u00e4hendavaid koostisaineid, nagu linoolhapet ja h\u00fcdrogeenitud kollageeni, mille innovaatiline vorm v\u00f5imaldab neil nahka j\u00f5uda seal, kus seda k\u00f5ige enam vaja, samuti segat\u00fc\u00fcpi nahale \u00fclikasulikku f\u00fctiinhapet, et nahk n\u00e4eks v\u00e4lja ilus ja terve.<\/span><\/p>\n<p><span style=\"color: #999999;\">L\u00f5puks oleme kreemi rikastanud apelsinikoore-, mandariinikoore-, v\u00e4\u00e4ris-vaipkakra-, pelargooni- ja bergamoti\u00f5liga, et nahk oleks v\u00e4rske ja see universaalne kreem saaks teie igap\u00e4evaseks lemmikniisutajaks.<\/span><\/p>\n<p><span style=\"color: #999999;\">Masseerige hommikul ja \u00f5htul \u00f5rnalt n\u00e4o- ja kaelanahale (v\u00e4lja arvatud siis, kui kasutate taastavat geelmaski). Parima tulemuse saavutamiseks kasutage seda koos teiste\u00a0<strong><span style=\"color: #99cc00;\">Sonya igap\u00e4evase nahahoolduse<\/span>\u00a0<\/strong>toodetega.<\/span><\/p>\n<p><span style=\"color: #999999;\"><strong><span style=\"color: #99cc00;\">KASUTUS:<\/span> <\/strong>Masseerige v\u00e4ike kogus kreemi \u00f5rnalt nahale, et nahka rahustada ja niisutada.<\/span><\/p>\n<p><span style=\"color: #999999;\"><span style=\"color: #ff0000;\">T\u00c4HELEPANU!<\/span> V\u00e4ltige silma sattumist. Silmade \u00e4rrituse korral loputage hoolikalt veega. Kui \u00e4rritus ei m\u00f6\u00f6du, l\u00f5petage kasutamine ja p\u00f6\u00f6rduge arsti poole.<\/span><\/p>\n","protected":false},"excerpt":{"rendered":"<h4><span style=\"color: #99cc00;\">Soothing gel moisturizer<\/span><\/h4>\n<p class=\"intro variant a1P0V000003R0wtUAC\"><span style=\"color: #999999;\">T\u00e4itke nahk niiskusega<\/span><\/p>\n<p class=\"variant a1P0V000003R0wtUAC\"><span style=\"color: #999999;\">See toode n\u00e4ib olevat kerge kreem, kuid on valmistatud geelitehnoloogia j\u00e4rgi ja imendub silmapilkselt nahka. See sisaldab k\u00fclluslikult taimeekstrakte ja v\u00e4\u00e4rtuslikke aktiivaineid.<\/span><\/p>\n<p><span style=\"color: #999999;\">59ml<\/span><\/p>\n<p><span style=\"color: #999999;\">Kood : 608<\/span><\/p>\n<p><span style=\"color: #99cc00;\">Lisainfo:<span style=\"color: #999999;\">\u00a0<\/span><\/span><span style=\"color: #999999;\"><a style=\"color: #999999;\" href=\"http:\/\/aaloe.ee\/wp-content\/uploads\/2019\/04\/Sonya-niisutav-kreem-.pdf\">Sonya niisutav kreem<\/a><\/span><\/p>\n","protected":false},"featured_media":3937,"template":"","meta":[],"product_brand":[],"product_cat":[170],"product_tag":[],"class_list":{"0":"post-3935","1":"product","2":"type-product","3":"status-publish","4":"has-post-thumbnail","6":"product_cat-eksklusiivsed-tooted","8":"first","9":"instock","10":"taxable","11":"shipping-taxable","12":"purchasable","13":"product-type-simple"},"jetpack_sharing_enabled":true,"_links":{"self":[{"href":"https:\/\/aaloe.ee\/et\/wp-json\/wp\/v2\/product\/3935","targetHints":{"allow":["GET"]}}],"collection":[{"href":"https:\/\/aaloe.ee\/et\/wp-json\/wp\/v2\/product"}],"about":[{"href":"https:\/\/aaloe.ee\/et\/wp-json\/wp\/v2\/types\/product"}],"wp:featuredmedia":[{"embeddable":true,"href":"https:\/\/aaloe.ee\/et\/wp-json\/wp\/v2\/media\/3937"}],"wp:attachment":[{"href":"https:\/\/aaloe.ee\/et\/wp-json\/wp\/v2\/media?parent=3935"}],"wp:term":[{"taxonomy":"product_brand","embeddable":true,"href":"https:\/\/aaloe.ee\/et\/wp-json\/wp\/v2\/product_brand?post=3935"},{"taxonomy":"product_cat","embeddable":true,"href":"https:\/\/aaloe.ee\/et\/wp-json\/wp\/v2\/product_cat?post=3935"},{"taxonomy":"product_tag","embeddable":true,"href":"https:\/\/aaloe.ee\/et\/wp-json\/wp\/v2\/product_tag?post=3935"}],"curies":[{"name":"wp","href":"https:\/\/api.w.org\/{rel}","templated":true}]}}