{"id":3932,"date":"2019-04-05T17:52:06","date_gmt":"2019-04-05T14:52:06","guid":{"rendered":"http:\/\/aaloe.ee\/et\/?post_type=product&#038;p=3932"},"modified":"2025-04-14T22:42:19","modified_gmt":"2025-04-14T19:42:19","slug":"sonya-dayli-skincare","status":"publish","type":"product","link":"https:\/\/aaloe.ee\/et\/toode\/sonya-dayli-skincare\/","title":{"rendered":"Sonya dayli skincare &#8211; Sonya igap\u00e4evase nahahoolduse sari"},"content":{"rendered":"<h3><span style=\"color: #99cc00;\">Sonya igap\u00e4evase nahahoolduse sari<\/span><\/h3>\n<p><span style=\"color: #999999;\">Kui m\u00e4rkasite toodete nimetuses s\u00f5na \u201egeel\u201d, siis seda p\u00f5hjusel, et oleme loonud s\u00fcnergiliselt toimivate nahahooldustoodete sarja, kus k\u00f5ik tooted on valmistatud uuendusliku geelitehnoloogia j\u00e4rgi, mis v\u00f5imaldab aaloel, niisutavatel ainetel ja taimeekstraktidel (mida selles sarjas on eriti rohkelt) j\u00f5uda otsa nahka. Taastage kaunis jume selle ohtralt niisutava nahahooldussarjaga.<\/span><\/p>\n<p><span style=\"color: #999999;\">\u2013 Uuenduslik geelitehnoloogia<\/span><\/p>\n<p><span style=\"color: #999999;\">\u2013 Rohkelt aaloed ja muid taimeekstrakte<\/span><\/p>\n<p><span style=\"color: #999999;\">\u2013 Segat\u00fc\u00fcpi nahale<\/span><\/p>\n<p><span style=\"color: #999999;\">\u2013 Piisavalt \u00f5rn igale vanusele<\/span><\/p>\n<h4><span style=\"color: #99cc00;\">Sonya igap\u00e4evase nahahoolduse sarjas on:<\/span><\/h4>\n<p><span style=\"color: #999999;\">\u2013 v\u00e4rskendav geelpuhasti<\/span><\/p>\n<p><span style=\"color: #999999;\">\u2013 s\u00e4rageel<\/span><\/p>\n<p><span style=\"color: #999999;\">\u2013 taastav geelmask<\/span><\/p>\n<p><span style=\"color: #999999;\">\u2013 niisutav kreem<\/span><\/p>\n<p><span style=\"color: #999999;\">Siinkohal m\u00f5ned nende kasulike toodete head k\u00fcljed (t\u00e4psema info iga\u00fche koostise ja v\u00e4\u00e4rtuslike koostisosade kohta leiate tootekirjeldusest):<\/span><\/p>\n<p><span style=\"color: #999999;\">\u2013\u00a0<span style=\"color: #99cc00;\"><strong>V\u00e4rskendavas geelpuhastis<\/strong><\/span>\u00a0on \u00f5una aminohappeid, et tekkiv \u00f5rn vaht ei kuivataks nahka.<\/span><\/p>\n<p><span style=\"color: #999999;\">\u2013\u00a0<span style=\"color: #99cc00;\"><strong>S\u00e4rageel<\/strong>\u00a0<\/span>muudab naha kauniks ja kirkaks.<\/span><\/p>\n<p><span style=\"color: #999999;\">\u2013\u00a0<span style=\"color: #99cc00;\"><strong>Taastav geelmask<\/strong><\/span>\u00a0on \u00f6\u00f6mask, mis toimib siis, kui teie magate. See reguleerib rasueritust, niisutab ja loob nahale v\u00e4rske jume.<\/span><\/p>\n<p><span style=\"color: #999999;\">\u2013\u00a0<span style=\"color: #99cc00;\"><strong>Niisutav kreem<\/strong><\/span>\u00a0sisaldab \u00fcle 10 taimeekstrakti ja -\u00f5li ning kollageeni, mis t\u00e4idavad naha niiskusega.<\/span><\/p>\n<p><span style=\"color: #999999;\">Parima tulemuse saavutamiseks kasutage k\u00f5iki Sonya igap\u00e4evase nahahoolduse tooteid. Spetsiaalselt segat\u00fc\u00fcpi nahale (mis v\u00f5ib olla v\u00e4ga tasakaalust v\u00e4ljas ja eba\u00fchtlane) loodud universaalne sari reguleerib rasueritust ja varustab nahka niiskusega seal, kus seda k\u00f5ige enam vaja.<\/span><\/p>\n<p>&nbsp;<\/p>\n<p>&nbsp;<\/p>\n","protected":false},"excerpt":{"rendered":"<h3><span style=\"color: #99cc00;\">Sonya igap\u00e4evase nahahoolduse sari<\/span><\/h3>\n<p class=\"intro variant a1P0V000003R0x3UAC\"><span style=\"color: #999999;\">See, mida vaja segat\u00fc\u00fcpi nahale<\/span><\/p>\n<p class=\"variant a1P0V000003R0x3UAC\"><span style=\"color: #999999;\">Saage tuttavaks Sonya uue nahahooldussarjaga. Sarjas on: \u2013 v\u00e4rskendav geelpuhasti \u2013 s\u00e4rageel \u2013 taastav geelmask \u2013 niisutav kreem<\/span><\/p>\n<p><span style=\"color: #999999;\">Kood : 609<\/span><\/p>\n<p><span style=\"color: #99cc00;\">Lisainfo:<\/span><span style=\"color: #00ff00;\">\u00a0<span style=\"color: #999999;\"><a style=\"color: #999999;\" href=\"http:\/\/aaloe.ee\/wp-content\/uploads\/2019\/04\/Sonya-igap\u00e4evase-hoolduse-sari.pdf\">Sonya igap\u00e4evase hoolduse sari<\/a><\/span><\/span><\/p>\n","protected":false},"featured_media":3933,"template":"","meta":[],"product_brand":[],"product_cat":[170],"product_tag":[],"class_list":{"0":"post-3932","1":"product","2":"type-product","3":"status-publish","4":"has-post-thumbnail","6":"product_cat-eksklusiivsed-tooted","8":"first","9":"outofstock","10":"taxable","11":"shipping-taxable","12":"purchasable","13":"product-type-simple"},"jetpack_sharing_enabled":true,"_links":{"self":[{"href":"https:\/\/aaloe.ee\/et\/wp-json\/wp\/v2\/product\/3932","targetHints":{"allow":["GET"]}}],"collection":[{"href":"https:\/\/aaloe.ee\/et\/wp-json\/wp\/v2\/product"}],"about":[{"href":"https:\/\/aaloe.ee\/et\/wp-json\/wp\/v2\/types\/product"}],"wp:featuredmedia":[{"embeddable":true,"href":"https:\/\/aaloe.ee\/et\/wp-json\/wp\/v2\/media\/3933"}],"wp:attachment":[{"href":"https:\/\/aaloe.ee\/et\/wp-json\/wp\/v2\/media?parent=3932"}],"wp:term":[{"taxonomy":"product_brand","embeddable":true,"href":"https:\/\/aaloe.ee\/et\/wp-json\/wp\/v2\/product_brand?post=3932"},{"taxonomy":"product_cat","embeddable":true,"href":"https:\/\/aaloe.ee\/et\/wp-json\/wp\/v2\/product_cat?post=3932"},{"taxonomy":"product_tag","embeddable":true,"href":"https:\/\/aaloe.ee\/et\/wp-json\/wp\/v2\/product_tag?post=3932"}],"curies":[{"name":"wp","href":"https:\/\/api.w.org\/{rel}","templated":true}]}}