{"id":3887,"date":"2019-01-26T18:54:38","date_gmt":"2019-01-26T16:54:38","guid":{"rendered":"http:\/\/aaloe.ee\/et\/?post_type=product&#038;p=3887"},"modified":"2025-10-31T23:44:38","modified_gmt":"2025-10-31T21:44:38","slug":"aaloe-virsikumahla-trio","status":"publish","type":"product","link":"https:\/\/aaloe.ee\/et\/toode\/aaloe-virsikumahla-trio\/","title":{"rendered":"Aaloe-virsikumahla  4-PACK (4 liitrit)"},"content":{"rendered":"<h2 class=\"variant a1P0V000003R0YJUA0\"><span style=\"color: #99cc00;\">Aaloe-virsikumahl<\/span><\/h2>\n<p><span style=\"color: #999999;\">&#8211; 84,3% ehedat aaloegeeli<\/span><\/p>\n<p><span style=\"color: #999999;\">&#8211; S\u00e4ilitusainevaba<\/span><\/p>\n<p><span style=\"color: #999999;\">&#8211; Hoiab seedimise korras<\/span><\/p>\n<p><span style=\"color: #999999;\">&#8211; Aitab immuuns\u00fcsteemi tugevana hoida<\/span><\/p>\n<p><span style=\"color: #999999;\">&#8211; P\u00e4ikese k\u00e4es valminud virsikud annavad mahlale imelise maitse ja varustavad keha t\u00e4iendavate toitainetega<\/span><\/p>\n<p><span style=\"color: #999999;\">&#8211; Aitab s\u00e4ilitada loomuliku energiataseme<\/span><\/p>\n<p><strong><span style=\"color: #999999;\">T\u00f5hustage seedimist ning nautige mahlaseid virsikuid ja aaloe v\u00e4ge.<\/span><\/strong><\/p>\n<p><span style=\"color: #999999;\">Aaloe on naturaalne puhastaja, t\u00e4nu millele see aitab seedetraktis toitaineid s\u00f6\u00f6dud toidust paremini omastada (seedeorganitest j\u00f5uavad need verre) ning soodustab kasulike bakterite kasvu. Aaloes leiduv unikaalne pol\u00fcsahhariid atsemannaan ja muud toitained aitavad immuuns\u00fcsteemi tugevana hoida.<\/span><\/p>\n<p><span style=\"color: #999999;\">84,3% stabiliseeritud aaloelehe sisemuse geelist ja mahlasest kaltsiumiga virsikup\u00fcreest valmistatud tootel on ainulaadne magus maitse. See varustab keha v\u00e4\u00e4rtuslike aaloest p\u00e4rinevate ainetega.<\/span><\/p>\n<p><span style=\"color: #999999;\">Aaloe-virsikumahla t\u00f6\u00f6deldakse aseptiliselt (t\u00e4nu millele seda saab toota ilma s\u00e4ilitusaineteta) ja see villitakse 100% taaskasutatavatest materjalidest valmistatud tetrapakendisse, et saaksite v\u00e4rsket, lahjendamata, v\u00e4\u00e4rtuslikud omadused s\u00e4ilitanud aaloegeeli nautida nii, nagu loodus on selle loonud.<\/span><\/p>\n<p><span style=\"color: #999999;\"><strong>PET-pudel keskkonna jaoks<\/strong><\/span><\/p>\n<p><span style=\"color: #999999;\">Selle restorani tootmisega on palju vaeva n\u00e4htud. Seet\u00f5ttu on pakend valmistatud 100% taaskasutatavast PET materjalist. Ja see pole veel k\u00f5ik, sest pudel on valmistatud 50% ulatuses taaskasutatud materjalist. Sest meil on ainult \u00fcks maakera.<\/span><\/p>\n<p><span style=\"color: #999999;\"><strong><span style=\"color: #ff9900;\">TARVITAMINE:<\/span><\/strong> P\u00e4evane annus on 120 ml. Enne tarvitamist loksutage. P\u00e4rast avamist hoidke k\u00fclmkapis vertikaalasendis. Tarvitage \u00e4ra 30 p\u00e4evaga.<\/span><\/p>\n<p><strong><span style=\"color: #99cc00;\">Loe lisaks:<\/span> <span style=\"color: #ff9900;\"><a style=\"color: #ff9900;\" href=\"http:\/\/aaloe.ee\/wp-content\/uploads\/2018\/12\/Aloe-Vera-Peaches.pdf\">Aloe-Vera -Peaches<\/a><\/span><\/strong><\/p>\n","protected":false},"excerpt":{"rendered":"<p class=\"variant a1P0V000003R0YJUA0\"><span style=\"color: #999999;\">Aaloe v\u00e4gi ja virsiku magusus. K\u00f5ikidele meeldib p\u00e4ikese k\u00e4es valminud virsikute maitse! See naturaalse virsikup\u00fcreega v\u00e4rskendav aaloemahl meeldib \u00fchtviisi lastele ja t\u00e4iskasvanutele, sest see kingib naudingu nii v\u00f5rratust virsikumaitsest kui ka suurep\u00e4rasest enesetundest! T\u00f5hustage seedimist ning nautige mahlaseid virsikuid ja aaloe v\u00e4ge.<\/span><\/p>\n<p><span style=\"color: #999999;\">VEGAN<\/span><\/p>\n<div>\n<div class=\"price variant a1P0V000003R0YJUA0\"><span style=\"color: #999999;\">KOGUS: 4 x 1 liiter<\/span><\/div>\n<div><span style=\"color: #999999;\">Kood: 8774<\/span><\/div>\n<\/div>\n","protected":false},"featured_media":6501,"template":"","meta":[],"product_brand":[],"product_cat":[14],"product_tag":[],"class_list":{"0":"post-3887","1":"product","2":"type-product","3":"status-publish","4":"has-post-thumbnail","6":"product_cat-joogid","8":"first","9":"instock","10":"taxable","11":"shipping-taxable","12":"purchasable","13":"product-type-simple"},"jetpack_sharing_enabled":true,"_links":{"self":[{"href":"https:\/\/aaloe.ee\/et\/wp-json\/wp\/v2\/product\/3887","targetHints":{"allow":["GET"]}}],"collection":[{"href":"https:\/\/aaloe.ee\/et\/wp-json\/wp\/v2\/product"}],"about":[{"href":"https:\/\/aaloe.ee\/et\/wp-json\/wp\/v2\/types\/product"}],"wp:featuredmedia":[{"embeddable":true,"href":"https:\/\/aaloe.ee\/et\/wp-json\/wp\/v2\/media\/6501"}],"wp:attachment":[{"href":"https:\/\/aaloe.ee\/et\/wp-json\/wp\/v2\/media?parent=3887"}],"wp:term":[{"taxonomy":"product_brand","embeddable":true,"href":"https:\/\/aaloe.ee\/et\/wp-json\/wp\/v2\/product_brand?post=3887"},{"taxonomy":"product_cat","embeddable":true,"href":"https:\/\/aaloe.ee\/et\/wp-json\/wp\/v2\/product_cat?post=3887"},{"taxonomy":"product_tag","embeddable":true,"href":"https:\/\/aaloe.ee\/et\/wp-json\/wp\/v2\/product_tag?post=3887"}],"curies":[{"name":"wp","href":"https:\/\/api.w.org\/{rel}","templated":true}]}}