{"id":3879,"date":"2019-01-26T18:44:24","date_gmt":"2019-01-26T16:44:24","guid":{"rendered":"http:\/\/aaloe.ee\/et\/?post_type=product&#038;p=3879"},"modified":"2025-10-31T23:46:20","modified_gmt":"2025-10-31T21:46:20","slug":"aaloe-johvikamahl-2","status":"publish","type":"product","link":"https:\/\/aaloe.ee\/et\/toode\/aaloe-johvikamahl-2\/","title":{"rendered":"Aaloe-j\u00f5hvikamahla 4-PACK (4 liitrit)"},"content":{"rendered":"<h2><span style=\"color: #99cc00;\">Aaloe-j\u00f5hvikamahla trio<\/span><\/h2>\n<p><span style=\"color: #999999;\">Me ei liialda sugugi, kui \u00fctleme, et aaloe-j\u00f5hvikamahlas on rohkelt meie aaloed. See sisaldab 90,7% stabiliseeritud aaloelehe sisemuse geeli ja naturaalset mahlakontsentraati, mis aitavad immuuns\u00fcsteemi tugevana ja energiataseme loomulikuna hoida.<\/span><\/p>\n<div>\n<p><span style=\"color: #999999;\">&#8211; 90,7% ehedat aaloelehe sisemuse geeli<\/span><\/p>\n<p><span style=\"color: #999999;\">&#8211; S\u00e4ilitusainevaba<\/span><\/p>\n<p><span style=\"color: #999999;\">&#8211; Hoiab seedimise korras<\/span><\/p>\n<p><span style=\"color: #999999;\">&#8211; Aitab immuuns\u00fcsteemi tugevana hoida<\/span><\/p>\n<p><span style=\"color: #999999;\">&#8211; J\u00f5hvikas aitab kuseteed tervena hoida<\/span><\/p>\n<p><span style=\"color: #999999;\">&#8211; Aitab s\u00e4ilitada loomuliku energiataseme<\/span><\/p>\n<p><span style=\"color: #999999;\">&#8211; Keskkonnas\u00f5bralik PET-pudel<\/span><\/p>\n<p><span style=\"color: #999999;\">Aaloe-j\u00f5hvikamahl sisaldab 90,7% stabiliseeritud aaloelehe sisemuse geeli ja naturaalset mahlakontsentraati, mis aitavad immuuns\u00fcsteemi tugevana ja energiataseme loomulikuna hoida.<\/span><\/p>\n<p><span style=\"color: #999999;\">Aaloe on naturaalne puhastaja, t\u00e4nu millele see aitab seedetraktis toitaineid s\u00f6\u00f6dud toidust paremini omastada (seedeorganitest j\u00f5uavad need verre) ning soodustab kasulike bakterite kasvu. Aaloes leiduv unikaalne pol\u00fcsahhariid atsemannaan ja muud toitained aitavad immuuns\u00fcsteemi tugevana hoida.<\/span><\/p>\n<p><span style=\"color: #999999;\">J\u00f5hvikas ja magus \u00f5un annavad sellele mahlale v\u00e4rskendava, pikantse maitse. J\u00f5hvika antioks\u00fcdatiivsed omadused on C-vitamiini omadest 20 korda tugevamad. Pealegi, j\u00f5hvikas sisaldab proantots\u00fcanidiine, mis koos C-vitamiiniga aitavad kuseteed korras hoida. \u00d5unas leidub erilist f\u00fctotoitainet kvertsetiini \u2013 veel \u00fchte t\u00f5husat antioks\u00fcdanti, et aaloe-j\u00f5hvikamahl oleks veel tervislikum ja h\u00f5rgum.<\/span><\/p>\n<p><span style=\"color: #999999;\">Aaloe-j\u00f5hvikamahla t\u00f6\u00f6deldakse aseptiliselt (t\u00e4nu millele seda saab toota ilma s\u00e4ilitusaineteta) ja see villitakse 100% taaskasutatavatest materjalidest valmistatud tetrapakendisse, et saaksite v\u00e4rsket, lahjendamata, v\u00e4\u00e4rtuslikud omadused s\u00e4ilitanud aaloegeeli nautida nii, nagu loodus on selle loonud.<\/span><\/p>\n<p><strong><span style=\"color: #999999;\">PET-pudel keskkonna jaoks<\/span><\/strong><\/p>\n<p><span style=\"color: #999999;\">Selle restorani tootmisega on palju vaeva n\u00e4htud. Seet\u00f5ttu on pakend valmistatud 100% taaskasutatavast PET materjalist. Ja see pole veel k\u00f5ik, sest pudel on valmistatud 50% ulatuses taaskasutatud materjalist. Sest meil on ainult \u00fcks maakera.<\/span><\/p>\n<p><span style=\"color: #999999;\"><strong><span style=\"color: #ff9900;\">TARVITAMINE:<\/span> <\/strong>P\u00e4evane annus on 120 ml. Enne tarvitamist loksutage. P\u00e4rast avamist hoidke k\u00fclmkapis vertikaalasendis. Tarvitage \u00e4ra 30 p\u00e4evaga.<\/span><\/p>\n<p><span style=\"color: #999999;\">KOGUS: 4 x 1 liitrit<\/span><\/p>\n<p><strong><span style=\"color: #99cc00;\">Loe lisaks:\u00a0<\/span><\/strong><span style=\"color: #99cc00;\"><span style=\"color: #ff9900;\"><a style=\"color: #ff9900;\" href=\"http:\/\/aaloe.ee\/wp-content\/uploads\/2018\/12\/Aloe-berry-nectar.pdf\">Aloe-berry-nectar<\/a><\/span><\/span><\/p>\n<\/div>\n<div>\n<div class=\"price variant a1P0V000003R0Y9UAK\"><\/div>\n<\/div>\n","protected":false},"excerpt":{"rendered":"<p><span style=\"color: #999999;\">Kolm aaloe-j\u00f5hvikamahla pakendit<\/span><\/p>\n<p><span style=\"color: #999999;\">V\u00e4rske j\u00f5hvikas ja magus \u00f5un muudavad meie k\u00f5igi hinnatud aaloemahla erilise maitsega joogiks, mis aitab seedimise korras hoida ning varustab keha mitmesuguste vitamiinide ja f\u00fctotoitainetega.<\/span><\/p>\n<p><span style=\"color: #999999;\">4x 1 liiter<\/span><\/p>\n<p><span style=\"color: #999999;\">VEGAN<\/span><\/p>\n<p><span style=\"color: #999999;\">Kood: 8344<\/span><\/p>\n<p>&nbsp;<\/p>\n","protected":false},"featured_media":6505,"template":"","meta":[],"product_brand":[],"product_cat":[14],"product_tag":[],"class_list":{"0":"post-3879","1":"product","2":"type-product","3":"status-publish","4":"has-post-thumbnail","6":"product_cat-joogid","8":"first","9":"instock","10":"taxable","11":"shipping-taxable","12":"purchasable","13":"product-type-simple"},"jetpack_sharing_enabled":true,"_links":{"self":[{"href":"https:\/\/aaloe.ee\/et\/wp-json\/wp\/v2\/product\/3879","targetHints":{"allow":["GET"]}}],"collection":[{"href":"https:\/\/aaloe.ee\/et\/wp-json\/wp\/v2\/product"}],"about":[{"href":"https:\/\/aaloe.ee\/et\/wp-json\/wp\/v2\/types\/product"}],"wp:featuredmedia":[{"embeddable":true,"href":"https:\/\/aaloe.ee\/et\/wp-json\/wp\/v2\/media\/6505"}],"wp:attachment":[{"href":"https:\/\/aaloe.ee\/et\/wp-json\/wp\/v2\/media?parent=3879"}],"wp:term":[{"taxonomy":"product_brand","embeddable":true,"href":"https:\/\/aaloe.ee\/et\/wp-json\/wp\/v2\/product_brand?post=3879"},{"taxonomy":"product_cat","embeddable":true,"href":"https:\/\/aaloe.ee\/et\/wp-json\/wp\/v2\/product_cat?post=3879"},{"taxonomy":"product_tag","embeddable":true,"href":"https:\/\/aaloe.ee\/et\/wp-json\/wp\/v2\/product_tag?post=3879"}],"curies":[{"name":"wp","href":"https:\/\/api.w.org\/{rel}","templated":true}]}}