{"id":3844,"date":"2018-12-02T23:20:14","date_gmt":"2018-12-02T21:20:14","guid":{"rendered":"http:\/\/aaloe.ee\/et\/?post_type=product&#038;p=3844"},"modified":"2024-01-06T19:19:14","modified_gmt":"2024-01-06T17:19:14","slug":"forever-active-pro-b","status":"publish","type":"product","link":"https:\/\/aaloe.ee\/et\/toode\/forever-active-pro-b\/","title":{"rendered":"Forever Active Pro-B"},"content":{"rendered":"<h2><span style=\"color: #99cc00;\"><span style=\"vertical-align: inherit;\"><span style=\"vertical-align: inherit;\">Forever Active Pro-B<\/span><\/span><\/span><\/h2>\n<p><span style=\"color: #999999;\">\u2022 Aitab seedetrakti korras hoida<\/span><br \/>\n<span style=\"color: #999999;\">\u2022 Suudab v\u00e4ltida maohappe m\u00f5ju, et t\u00e4ita optimaalselt oma \u00fclesannet soolestikus<\/span><br \/>\n<span style=\"color: #999999;\">\u2022 Sisaldab 6 s\u00fcnergiliselt toimivat liiki, sealhulgas kliiniliselt l\u00e4bi uuritud liiki Lactobacillus rhamnosus<\/span><br \/>\n<span style=\"color: #999999;\">\u2022 \u00dcle 8 miljardi KM\u00dc<\/span><br \/>\n<span style=\"color: #999999;\">\u2022 Liigid on kr\u00fcogeenselt k\u00fclmutatud, et tagada nende kvaliteet ja vastupidavus<\/span><br \/>\n<span style=\"color: #999999;\">\u2022 Ei sisalda soja ega allergeene<\/span><\/p>\n<p><span style=\"color: #999999;\">\u2022 Taimetoitlastele<\/span><br \/>\n<span style=\"color: #999999;\">\u2022 Gluteenivaba<\/span><\/p>\n<p><span style=\"color: #999999;\">N\u00fc\u00fcd saate enda eest hoolitsed paremini kui iial varem, kui tarvitate seda uute kliiniliselt uuritud probiootikumiliikidega innovaatilist toidulisandit. Seedes\u00fcsteemi korrastav toidulisand Forever Active Pro-B sisaldab kompleksi FloraActive \u2013 v\u00e4\u00e4rtuslikke probiootikumiliike, mis on l\u00e4binud uuringud gastroenteroloogia valdkonna esirinda kuuluvas Kopenhaageni \u00dclikooli haiglas. 6 eri liigiga patenditud kompleksi \u00fches kapslis on 8 miljardit KM\u00dc. Need liigid uuriti l\u00e4bi ja valiti v\u00e4lja nende kasulike omaduste, kliiniliste uuringute ja v\u00f5ime j\u00e4rgi toimida s\u00fcnergias.<\/span><br \/>\n<span style=\"color: #999999;\">Toode sisaldab veel ka prebiootilisi kiudaineid, mis toidavad probiootikume, kuni neid purgis hoitakse ja transporditakse ning kuni need soolestikku j\u00f5uavad. Prebiootikumid loovad ideaalse keskkonna, kus probiootikumid saavad funktsioneerida ja vohada. Meie kasutatavad prebiootilised kiudained on l\u00fchikese ahelaga fruktooligosahhariidid, mis toetavad Forever Active Pro-B koostises olevate bifidobakterite ja laktobakterite liikide fermentatsiooni.<\/span><\/p>\n<p><span style=\"color: #999999;\"><strong>SOOVITUSLIK TARVITAMINE:<\/strong> \u00dcks kapsel p\u00e4evas, peale juua vett.<\/span><\/p>\n<table border=\"1\" cellspacing=\"1\" cellpadding=\"1\">\n<tbody>\n<tr>\n<td><span style=\"color: #999999;\"><strong>Koostis<\/strong><\/span><\/td>\n<td><span style=\"color: #999999;\"><strong>Kogus(1 kapsel)<\/strong><\/span><\/td>\n<td><span style=\"color: #999999;\"><strong><span style=\"vertical-align: inherit;\"><span style=\"vertical-align: inherit;\">RI*<\/span><\/span><\/strong><\/span><\/td>\n<\/tr>\n<tr>\n<td><span style=\"color: #999999;\">Tsink<\/span><\/td>\n<td><span style=\"color: #999999;\"><span style=\"vertical-align: inherit;\"><span style=\"vertical-align: inherit;\">2,5 mg<\/span><\/span><\/span><\/td>\n<td><span style=\"color: #999999;\">25 %<\/span><\/td>\n<\/tr>\n<tr>\n<td><span style=\"color: #999999;\"><em><span style=\"vertical-align: inherit;\"><span style=\"vertical-align: inherit;\">Bifidobacterium lactis<\/span><\/span><\/em><\/span><\/td>\n<td><span style=\"color: #999999;\">30 mg (5,2 miljardit)<\/span><\/td>\n<td><span style=\"color: #999999;\">&#8211;<\/span><\/td>\n<\/tr>\n<tr>\n<td><span style=\"color: #999999;\"><em><span style=\"vertical-align: inherit;\"><span style=\"vertical-align: inherit;\">Lacticaseibacillus rhamnosus<\/span><\/span><\/em><\/span><\/td>\n<td><span style=\"color: #999999;\">20 mg (1,15 miljardit)<\/span><\/td>\n<td><span style=\"color: #999999;\"><span style=\"vertical-align: inherit;\"><span style=\"vertical-align: inherit;\">&#8211;<\/span><\/span><\/span><\/td>\n<\/tr>\n<tr>\n<td><span style=\"color: #999999;\"><em><span style=\"vertical-align: inherit;\"><span style=\"vertical-align: inherit;\">Limosilactobacillus reuteri<\/span><\/span><\/em><\/span><\/td>\n<td><span style=\"color: #999999;\">10 mg (580 miljonit)<\/span><\/td>\n<td><span style=\"color: #999999;\"><span style=\"vertical-align: inherit;\"><span style=\"vertical-align: inherit;\">&#8211;<\/span><\/span><\/span><\/td>\n<\/tr>\n<tr>\n<td><span style=\"color: #999999;\"><em><span style=\"vertical-align: inherit;\"><span style=\"vertical-align: inherit;\">Lactobacillus acidophilus<\/span><\/span><\/em><\/span><\/td>\n<td><span style=\"color: #999999;\">8 mg (580 miljonit)<\/span><\/td>\n<td><span style=\"color: #999999;\"><span style=\"vertical-align: inherit;\"><span style=\"vertical-align: inherit;\">&#8211;<\/span><\/span><\/span><\/td>\n<\/tr>\n<tr>\n<td><span style=\"color: #999999;\"><em><span style=\"vertical-align: inherit;\"><span style=\"vertical-align: inherit;\">Bifidobacterium longum<\/span><\/span><\/em><\/span><\/td>\n<td><span style=\"color: #999999;\">5 mg (200 miljonit)<\/span><\/td>\n<td><span style=\"color: #999999;\"><span style=\"vertical-align: inherit;\"><span style=\"vertical-align: inherit;\">&#8211;<\/span><\/span><\/span><\/td>\n<\/tr>\n<tr>\n<td><span style=\"color: #999999;\"><em><span style=\"vertical-align: inherit;\"><span style=\"vertical-align: inherit;\">Bifidobacterium bifidum<\/span><\/span><\/em><\/span><\/td>\n<td><span style=\"color: #999999;\">5 mg (290 miljonit)<\/span><\/td>\n<td><span style=\"color: #999999;\"><span style=\"vertical-align: inherit;\"><span style=\"vertical-align: inherit;\">&#8211;<\/span><\/span><\/span><\/td>\n<\/tr>\n<\/tbody>\n<\/table>\n<p><span style=\"color: #999999;\">*RI = P\u00e4evanormist.<\/span><\/p>\n<p><span style=\"color: #999999;\"><span style=\"color: #ff6600;\"><strong>T\u00c4HELEPANU!<\/strong><\/span> Parima tulemuse saavutamiseks hoidke temperatuuril kuni 25 \u00b0C (77 \u00b0F).<\/span><\/p>\n<p><strong><span style=\"color: #99cc00;\">Loe lisaks:<\/span><\/strong>\u00a0<span style=\"color: #ff9900;\"><a style=\"color: #ff9900;\" href=\"http:\/\/aaloe.ee\/wp-content\/uploads\/2018\/12\/Forever-Active-Pro-B.pdf\">Forever Active Pro-B<\/a><\/span><\/p>\n","protected":false},"excerpt":{"rendered":"<div>\n<p class=\"variant a1P0V000003R0dYUAS\"><span style=\"color: #999999;\">Soolestik on hea enesetunde alus.\u00a0Aitab seedetrakti korras hoida.\u00a0Just seal peitub 80% immuuns\u00fcsteemist. Forever Active Pro-B sisaldab \u00fcle 8 miljardi KM\u00dc probiootikume, t\u00e4nu millele see varustab teid t\u00f5husalt kasulike bakteritega. \u00dclimalt innovatiivne toidulisand sisaldab kuue bakteriliigi patenditud kompleksi (sealhulgas kliiniliselt l\u00e4bi uuritud probiootilisi baktereid). Need liigid valiti nende v\u00f5ime p\u00e4rast j\u00f5uda soolestikku, soodustada seedimist ja toitainete omastamist ning tugevdada immuuns\u00fcsteemi. Meie uuenduslik pakend on loodud nii, et see kaitseks aktiivseid bakteriliike ja aitaks saavutada parima tulemuse.<\/span><\/p>\n<\/div>\n<div>\n<div class=\"price variant a1P0V000003R0dYUAS\"><span style=\"color: #999999;\"><strong>KOGUS:<\/strong> 30 kapslit<\/span><\/div>\n<div><\/div>\n<\/div>\n","protected":false},"featured_media":3845,"template":"","meta":[],"product_brand":[],"product_cat":[15],"product_tag":[],"class_list":{"0":"post-3844","1":"product","2":"type-product","3":"status-publish","4":"has-post-thumbnail","6":"product_cat-toidulisandid","8":"first","9":"instock","10":"taxable","11":"shipping-taxable","12":"purchasable","13":"product-type-simple"},"jetpack_sharing_enabled":true,"_links":{"self":[{"href":"https:\/\/aaloe.ee\/et\/wp-json\/wp\/v2\/product\/3844","targetHints":{"allow":["GET"]}}],"collection":[{"href":"https:\/\/aaloe.ee\/et\/wp-json\/wp\/v2\/product"}],"about":[{"href":"https:\/\/aaloe.ee\/et\/wp-json\/wp\/v2\/types\/product"}],"wp:featuredmedia":[{"embeddable":true,"href":"https:\/\/aaloe.ee\/et\/wp-json\/wp\/v2\/media\/3845"}],"wp:attachment":[{"href":"https:\/\/aaloe.ee\/et\/wp-json\/wp\/v2\/media?parent=3844"}],"wp:term":[{"taxonomy":"product_brand","embeddable":true,"href":"https:\/\/aaloe.ee\/et\/wp-json\/wp\/v2\/product_brand?post=3844"},{"taxonomy":"product_cat","embeddable":true,"href":"https:\/\/aaloe.ee\/et\/wp-json\/wp\/v2\/product_cat?post=3844"},{"taxonomy":"product_tag","embeddable":true,"href":"https:\/\/aaloe.ee\/et\/wp-json\/wp\/v2\/product_tag?post=3844"}],"curies":[{"name":"wp","href":"https:\/\/api.w.org\/{rel}","templated":true}]}}