{"id":3841,"date":"2018-12-02T23:00:36","date_gmt":"2018-12-02T21:00:36","guid":{"rendered":"http:\/\/aaloe.ee\/et\/?post_type=product&#038;p=3841"},"modified":"2025-10-31T23:47:53","modified_gmt":"2025-10-31T21:47:53","slug":"aaloemahla-trio","status":"publish","type":"product","link":"https:\/\/aaloe.ee\/et\/toode\/aaloemahla-trio\/","title":{"rendered":"AALOEMAHLA 4-PACK (4 LIITRIT)"},"content":{"rendered":"<h1><span style=\"color: #99cc00;\">Aaloemahl<\/span><\/h1>\n<p><span style=\"color: #999999;\">Meie Foreveri aaloemahl on peaaegu sama v\u00e4rske kui geel otse lehest! See toitev jook sai esimesena Rahvusvaheliselt Aaloeteadusn\u00f5ukogult sertifikaadi, mis kinnitab toote ehedust ja t\u00f5husust. Seda valmistatakse ehedast aaloelehe sisemuse geelist. Selles ei ole suhkrut, gluteeni ega lisatud s\u00e4ilitusaineid. Juba pikki aastasadu hinnatud aaloe m\u00f5jub nahale rahustavalt, jahutavalt ja niisutavalt ning see on leidnud ka teaduslikku t\u00f5estust. Aga see unikaalseid pol\u00fcsahhariide ja erilisi toitaineid sisaldav v\u00e4\u00e4rtuslik taim on v\u00e4ga kasulik ka seespidisel tarvitamisel.<\/span><\/p>\n<p><span style=\"color: #999999;\">\u2013 99,7% ehedat aaloelehe sisemuse geeli<\/span><\/p>\n<p><span style=\"color: #999999;\">\u2013 S\u00e4ilitusainevaba<\/span><\/p>\n<p><span style=\"color: #999999;\">\u2013 Hoiab seedimise korras<\/span><\/p>\n<p><span style=\"color: #999999;\">\u2013 Aitab immuuns\u00fcsteemi tugevana hoida<\/span><\/p>\n<p><span style=\"color: #999999;\">\u2013 Parandab toitainete omastamist<\/span><\/p>\n<p><span style=\"color: #999999;\">\u2013 Aitab s\u00e4ilitada loomuliku energiataseme<\/span><\/p>\n<p><span style=\"color: #999999;\">&#8211; Keskkonnas\u00f5bralik PET-pudel<\/span><\/p>\n<p><span style=\"color: #999999;\">Kujutage ette, et l\u00f5ikate aaloelehe katki ja tarvitate selles olevat geeli otse lehest. Meie aaloemahl on peaaegu sama v\u00e4rske kui geel otse lehest!<\/span><\/p>\n<p><span style=\"color: #999999;\">Aaloe on naturaalne puhastaja, t\u00e4nu millele see aitab seedetraktis toitaineid s\u00f6\u00f6dud toidust paremini omastada ning soodustab kasulike bakterite kasvu. Aaloes leiduv unikaalne pol\u00fcsahhariid atsemannaan ja muud toitained aitavad immuuns\u00fcsteemi tugevana hoida. Atsemannaan on \u00fcks peamisi n\u00e4itajaid, mida IASC aaloe kvaliteedi hindamisel arvesse v\u00f5tab. Selles aaloemahlas on atsemannaani peaaegu kaks korda rohkem kui sertifitseerimiskriteeriumide j\u00e4rgi n\u00f5utav!<\/span><\/p>\n<p><span style=\"color: #999999;\">Aaloemahla t\u00f6\u00f6deldakse aseptiliselt, t\u00e4nu millele seda saab toota ilma s\u00e4ilitusaineteta ja see sisaldab koguni 99,7% ehedat aaloelehe sisemuse geeli. Aaloemahl villitakse 100% taaskasutatavatest materjalidest valmistatud tetrapakendisse, et saaksite v\u00e4rsket, lahjendamata, v\u00e4\u00e4rtuslikud omadused s\u00e4ilitanud aaloegeeli nautida nii, nagu loodus on selle loonud.<\/span><\/p>\n<p><strong><span style=\"color: #999999;\">PET-pudel keskkonna jaoks<\/span><\/strong><\/p>\n<p><span style=\"color: #999999;\">Selle restorani tootmisega on palju vaeva n\u00e4htud. Seet\u00f5ttu on pakend valmistatud 100% taaskasutatavast PET materjalist. Ja see pole veel k\u00f5ik, sest pudel on valmistatud 50% ulatuses taaskasutatud materjalist. Sest meil on ainult \u00fcks maakera.<\/span><\/p>\n<p><span style=\"color: #999999;\"><span style=\"color: #99cc00;\"><strong>TARVITAMINE:<\/strong><\/span>\u00a0P\u00e4evane annus on 120 ml. Enne tarvitamist loksutage. P\u00e4rast avamist hoidke k\u00fclmkapis vertikaalasendis. Tarvitage \u00e4ra 30 p\u00e4evaga.<\/span><\/p>\n<p><span style=\"color: #999999;\"><span style=\"color: #99cc00;\"><strong>Loe lisaks:<span style=\"color: #ff9900;\">\u00a0<a style=\"color: #ff9900;\" href=\"http:\/\/aaloe.ee\/wp-content\/uploads\/2019\/09\/aloe-vera-gel.pdf\">aloe-vera-gel<\/a><\/span><\/strong><\/span><\/span><\/p>\n<p><span style=\"color: #ff9900;\"><strong><span style=\"color: #99cc00;\">Loe lisaks valmistamise kohta :<\/span> <a style=\"color: #ff9900;\" href=\"http:\/\/gallery.foreverliving.com\/gallery\/LTU\/download\/Tetra_pack\/Aseptiline_tootlus_EST.pdf\" target=\"_blank\" rel=\"noopener\">Aseptiline t\u00f6\u00f6tlus<\/a><\/strong><\/span><\/p>\n","protected":false},"excerpt":{"rendered":"<div>\n<p class=\"intro variant a1P0V000003R0XzUAK\"><span style=\"color: #999999;\">Nagu looduse loodud aaloe. Kujutage ette, et l\u00f5ikate aaloelehe katki ja tarvitate selles olevat geeli otse lehest. Meie aaloemahl on peaaegu sama v\u00e4rske kui geel otse lehest!<\/span><\/p>\n<p class=\"variant a1P0V000003R0XzUAK\"><span style=\"color: #999999;\">Seda valmistatakse ehedast lehe sisemuse geelist. Selles ei ole suhkrut, gluteeni ega lisatud s\u00e4ilitusaineid.<\/span><\/p>\n<p><span style=\"color: #999999;\">VEGAN<\/span><\/p>\n<\/div>\n<div>\n<div class=\"price variant a1P0V000003R0XzUAK\"><span style=\"color: #999999;\">KOGUS: 4 x 1 liiter<\/span><\/div>\n<\/div>\n<p><span style=\"color: #999999;\">Kood: 8154<\/span><\/p>\n","protected":false},"featured_media":6496,"template":"","meta":[],"product_brand":[],"product_cat":[14],"product_tag":[],"class_list":{"0":"post-3841","1":"product","2":"type-product","3":"status-publish","4":"has-post-thumbnail","6":"product_cat-joogid","8":"first","9":"instock","10":"taxable","11":"shipping-taxable","12":"purchasable","13":"product-type-simple"},"jetpack_sharing_enabled":true,"_links":{"self":[{"href":"https:\/\/aaloe.ee\/et\/wp-json\/wp\/v2\/product\/3841","targetHints":{"allow":["GET"]}}],"collection":[{"href":"https:\/\/aaloe.ee\/et\/wp-json\/wp\/v2\/product"}],"about":[{"href":"https:\/\/aaloe.ee\/et\/wp-json\/wp\/v2\/types\/product"}],"wp:featuredmedia":[{"embeddable":true,"href":"https:\/\/aaloe.ee\/et\/wp-json\/wp\/v2\/media\/6496"}],"wp:attachment":[{"href":"https:\/\/aaloe.ee\/et\/wp-json\/wp\/v2\/media?parent=3841"}],"wp:term":[{"taxonomy":"product_brand","embeddable":true,"href":"https:\/\/aaloe.ee\/et\/wp-json\/wp\/v2\/product_brand?post=3841"},{"taxonomy":"product_cat","embeddable":true,"href":"https:\/\/aaloe.ee\/et\/wp-json\/wp\/v2\/product_cat?post=3841"},{"taxonomy":"product_tag","embeddable":true,"href":"https:\/\/aaloe.ee\/et\/wp-json\/wp\/v2\/product_tag?post=3841"}],"curies":[{"name":"wp","href":"https:\/\/api.w.org\/{rel}","templated":true}]}}