{"id":3824,"date":"2018-11-26T18:56:31","date_gmt":"2018-11-26T16:56:31","guid":{"rendered":"http:\/\/aaloe.ee\/et\/?post_type=product&#038;p=3824"},"modified":"2025-10-31T23:53:19","modified_gmt":"2025-10-31T21:53:19","slug":"aaloemahl","status":"publish","type":"product","link":"https:\/\/aaloe.ee\/et\/toode\/aaloemahl\/","title":{"rendered":"Aaloemahl"},"content":{"rendered":"<h2><span style=\"color: #99cc00;\">Aaloemahl<\/span><\/h2>\n<p><span style=\"color: #999999;\">Meie Foreveri aaloemahl on peaaegu sama v\u00e4rske kui geel otse lehest! See toitev jook sai esimesena Rahvusvaheliselt Aaloeteadusn\u00f5ukogult sertifikaadi, mis kinnitab toote ehedust ja t\u00f5husust. Seda valmistatakse ehedast aaloelehe sisemuse geelist. Selles ei ole suhkrut, gluteeni ega lisatud s\u00e4ilitusaineid. Juba pikki aastasadu hinnatud aaloe m\u00f5jub nahale rahustavalt, jahutavalt ja niisutavalt ning see on leidnud ka teaduslikku t\u00f5estust. Aga see unikaalseid pol\u00fcsahhariide ja erilisi toitaineid sisaldav v\u00e4\u00e4rtuslik taim on v\u00e4ga kasulik ka seespidisel tarvitamisel.<\/span><\/p>\n<p><span style=\"color: #999999;\">&#8211; 99,7% ehedat aaloelehe sisemuse geeli<\/span><\/p>\n<p><span style=\"color: #999999;\">&#8211; S\u00e4ilitusainevaba<\/span><\/p>\n<p><span style=\"color: #999999;\">&#8211; Hoiab seedimise korras<\/span><\/p>\n<p><span style=\"color: #999999;\">&#8211; Aitab immuuns\u00fcsteemi tugevana hoida<\/span><\/p>\n<p><span style=\"color: #999999;\">&#8211; Parandab toitainete omastamist<\/span><\/p>\n<p><span style=\"color: #999999;\">&#8211; Aitab s\u00e4ilitada loomuliku energiataseme<\/span><\/p>\n<p><span style=\"color: #999999;\">&#8211; Keskkonnas\u00f5bralik PET-pudel<\/span><\/p>\n<p><span style=\"color: #999999;\">Kujutage ette, et l\u00f5ikate aaloelehe katki ja tarvitate selles olevat geeli otse lehest. Meie aaloemahl on peaaegu sama v\u00e4rske kui geel otse lehest!<\/span><\/p>\n<p><span style=\"color: #999999;\">Aaloe on naturaalne puhastaja, t\u00e4nu millele see aitab seedetraktis toitaineid s\u00f6\u00f6dud toidust paremini omastada ning soodustab kasulike bakterite kasvu. Aaloes leiduv unikaalne pol\u00fcsahhariid atsemannaan ja muud toitained aitavad immuuns\u00fcsteemi tugevana hoida. Atsemannaan on \u00fcks peamisi n\u00e4itajaid, mida IASC aaloe kvaliteedi hindamisel arvesse v\u00f5tab. Selles aaloemahlas on atsemannaani peaaegu kaks korda rohkem kui sertifitseerimiskriteeriumide j\u00e4rgi n\u00f5utav!<\/span><\/p>\n<p><span style=\"color: #999999;\">Aaloemahla t\u00f6\u00f6deldakse aseptiliselt, t\u00e4nu millele seda saab toota ilma s\u00e4ilitusaineteta ja see sisaldab koguni 99,7% ehedat aaloelehe sisemuse geeli. Aaloemahl villitakse 100% taaskasutatavatest materjalidest valmistatud tetrapakendisse, et saaksite v\u00e4rsket, lahjendamata, v\u00e4\u00e4rtuslikud omadused s\u00e4ilitanud aaloegeeli nautida nii, nagu loodus on selle loonud.<\/span><\/p>\n<p><span style=\"color: #999999;\">PET-pudel keskkonna jaoks<\/span><\/p>\n<p><span style=\"color: #999999;\">Selle restorani tootmisega on palju vaeva n\u00e4htud. Seet\u00f5ttu on pakend valmistatud 100% taaskasutatavast PET materjalist. Ja see pole veel k\u00f5ik, sest pudel on valmistatud 50% ulatuses taaskasutatud materjalist. Sest meil on ainult \u00fcks maakera.<\/span><\/p>\n<p><span style=\"color: #999999;\"><span style=\"color: #99cc00;\"><strong>TARVITAMINE:<\/strong><\/span>\u00a0Enne kasutamist loksutada.\u00a0\u00c4rge kasutage, kui kaane all olev tihend puudub v\u00f5i on kahjustatud.<\/span><\/p>\n<p><span style=\"color: #999999;\"><span style=\"color: #ff9900;\"><strong>Soovitatav p\u00e4evane annus:<\/strong>\u00a0\u00a0<\/span>V\u00f5tke iga p\u00e4ev 3 portsjonit 40 ml.\u00a0Segage iga portsjon 240 ml vee v\u00f5i mahlaga.\u00a0\u00c4rge \u00fcletage soovitatavat \u00f6\u00f6p\u00e4evast annust.\u00a0Toidulisandid ei ole m\u00f5eldud mitmek\u00fclgse toitumise asendamiseks.\u00a0Hoida lastele k\u00e4ttesaamatus kohas.<\/span><\/p>\n<p><span style=\"color: #999999;\"><span style=\"color: #ff9900;\"><strong>S\u00e4ilitamine:<\/strong>\u00a0<\/span>Avatuna hoida k\u00fclmkapis (max 7\u00b0C).\u00a0P\u00e4rast avamist s\u00e4ilib 30 p\u00e4eva, kuid mitte kauem kui m\u00e4rgitud k\u00f5lblikkusaega.<\/span><\/p>\n<p><span style=\"color: #999999;\">Pidage meeles, et tooted ei sisalda s\u00e4ilitusaineid ja on seet\u00f5ttu tundlikud toidud, mida p\u00e4rast avamist hoida k\u00fclmas.\u00a0Pange pakend kohe p\u00e4rast kasutamist k\u00fclmkappi.\u00a0\u00c4rge kunagi jooge otse pakendist, kuna see v\u00f5ib soovimatuid mikroorganisme edasi kanduda ja l\u00fchendada s\u00e4ilivusaega.\u00a0Pakendis soovitatakse s\u00e4ilitustemperatuuri max.\u00a07\u00b0C, kuid ideaaljuhul hoida temperatuuril 4\u00b0C v\u00f5i k\u00fclmem.<\/span><\/p>\n<p><span style=\"color: #999999;\"><em>See toode on toidulisand.\u00a0\u00c4rge \u00fcletage soovitatavat \u00f6\u00f6p\u00e4evast annust.\u00a0Toidulisandid ei ole m\u00f5eldud mitmek\u00fclgse toitumise ja tervisliku eluviisi asendamiseks.\u00a0Hoida lastele k\u00e4ttesaamatus kohas.<\/em><\/span><\/p>\n<div class=\"o-faq__header js-toggle-content js-is-active\" aria-controls=\"nutritionalInformation\">\n<h4 class=\"o-faq__title\"><span style=\"color: #99cc00;\">Toitumisalane teave<\/span><\/h4>\n<div class=\"o-faq__header-icon\"><span style=\"color: #999999;\">Toitev\u00e4\u00e4rtus soovitatava p\u00e4evaannuse (120 ml) kohta:\u00a0<\/span><\/div>\n<\/div>\n<div id=\"nutritionalInformation\" class=\"o-faq__content js-is-visible\">\n<table border=\"1\" cellspacing=\"0\" cellpadding=\"0\">\n<tbody>\n<tr>\n<td><span style=\"color: #999999;\"><strong>Komponent<\/strong><\/span><\/td>\n<td><span style=\"color: #999999;\"><strong>Kogus<\/strong><\/span><\/td>\n<td><span style=\"color: #999999;\"><strong>RI*<\/strong><\/span><\/td>\n<\/tr>\n<tr>\n<td><span style=\"color: #999999;\">C-vitamiin<\/span><\/td>\n<td><span style=\"color: #999999;\">67 mg<\/span><\/td>\n<td><span style=\"color: #999999;\">84%<\/span><\/td>\n<\/tr>\n<\/tbody>\n<\/table>\n<p><span style=\"color: #999999;\">* RI = p\u00e4evane v\u00f5rdluskogus\u00a0<\/span><\/p>\n<\/div>\n<p><span style=\"color: #ff9900;\"><strong>Loe lisaks:<\/strong><\/span>\u00a0<span style=\"color: #99cc00;\"><a style=\"color: #99cc00;\" href=\"http:\/\/s3.foreverliving.com\/a1P0V000003R0XzUAK%2F1539102170603715+EE.PDF\" target=\"_blank\" rel=\"noopener\">Aaloemahl<\/a><\/span><\/p>\n<p><span style=\"color: #99cc00;\"><a style=\"color: #99cc00;\" href=\"http:\/\/gallery.foreverliving.com\/gallery\/LTU\/download\/Tetra_pack\/Aseptiline_tootlus_EST.pdf\" target=\"_blank\" rel=\"noopener\">Aseptiline t\u00f6\u00f6tlus<\/a><\/span><\/p>\n<p>&nbsp;<\/p>\n<p>&nbsp;<\/p>\n","protected":false},"excerpt":{"rendered":"<div>\n<h1 class=\"variant a1P0V000003R0XzUAK\"><span style=\"color: #99cc00;\">Aaloemahl<\/span><\/h1>\n<p class=\"intro variant a1P0V000003R0XzUAK\"><span style=\"color: #999999;\">Nagu looduse loodud aaloe. Kujutage ette, et l\u00f5ikate aaloelehe katki ja tarvitate selles olevat geeli otse lehest. Meie aaloemahl on peaaegu sama v\u00e4rske kui geel otse lehest!<\/span><\/p>\n<p class=\"variant a1P0V000003R0XzUAK\"><span style=\"color: #999999;\">Seda valmistatakse ehedast lehe sisemuse geelist. Selles ei ole suhkrut, gluteeni ega lisatud s\u00e4ilitusaineid.<\/span><\/p>\n<p><span style=\"color: #808080;\">VEGAN<\/span><\/p>\n<\/div>\n<div>\n<div class=\"price variant a1P0V000003R0XzUAK\"><span style=\"color: #999999;\">KOGUS: 1 liiter<\/span><\/div>\n<div class=\"price variant a1P0V000003R0XzUAK\"><span style=\"color: #999999;\">Kood: 815<\/span><\/div>\n<\/div>\n","protected":false},"featured_media":6351,"template":"","meta":[],"product_brand":[],"product_cat":[14],"product_tag":[],"class_list":{"0":"post-3824","1":"product","2":"type-product","3":"status-publish","4":"has-post-thumbnail","6":"product_cat-joogid","8":"first","9":"instock","10":"taxable","11":"shipping-taxable","12":"purchasable","13":"product-type-simple"},"jetpack_sharing_enabled":true,"_links":{"self":[{"href":"https:\/\/aaloe.ee\/et\/wp-json\/wp\/v2\/product\/3824","targetHints":{"allow":["GET"]}}],"collection":[{"href":"https:\/\/aaloe.ee\/et\/wp-json\/wp\/v2\/product"}],"about":[{"href":"https:\/\/aaloe.ee\/et\/wp-json\/wp\/v2\/types\/product"}],"wp:featuredmedia":[{"embeddable":true,"href":"https:\/\/aaloe.ee\/et\/wp-json\/wp\/v2\/media\/6351"}],"wp:attachment":[{"href":"https:\/\/aaloe.ee\/et\/wp-json\/wp\/v2\/media?parent=3824"}],"wp:term":[{"taxonomy":"product_brand","embeddable":true,"href":"https:\/\/aaloe.ee\/et\/wp-json\/wp\/v2\/product_brand?post=3824"},{"taxonomy":"product_cat","embeddable":true,"href":"https:\/\/aaloe.ee\/et\/wp-json\/wp\/v2\/product_cat?post=3824"},{"taxonomy":"product_tag","embeddable":true,"href":"https:\/\/aaloe.ee\/et\/wp-json\/wp\/v2\/product_tag?post=3824"}],"curies":[{"name":"wp","href":"https:\/\/api.w.org\/{rel}","templated":true}]}}