{"id":3766,"date":"2018-07-14T21:30:45","date_gmt":"2018-07-14T18:30:45","guid":{"rendered":"http:\/\/aaloe.ee\/et\/?post_type=product&#038;p=3766"},"modified":"2025-11-20T00:44:07","modified_gmt":"2025-11-19T22:44:07","slug":"forever-move","status":"publish","type":"product","link":"https:\/\/aaloe.ee\/et\/toode\/forever-move\/","title":{"rendered":"Forever Move"},"content":{"rendered":"<h3><span style=\"color: #99cc00;\">Forever Move<\/span><\/h3>\n<p><span style=\"color: #999999;\">Liikuge vabalt ning hoidke oma liigesed korras ja painduvad Foreveri uusima, kliiniliselt novaatorlikema toidulisandiga Forever Move. See on suurep\u00e4rane toode inimesele, kes soovib oma lihased ja liigesed terved hoida. Tootes on kaks \u00fclit\u00f5husat koostisosa: munakoore membraanist saadud ja kurkumiin, mille patenditud kooslust ei leidu kuskil mujal maailmas. Forever Move on kliiniliselt peaaegu viis korda efektiivsem kui gl\u00fckoosamiin ja kondroitiin. See aitab k\u00f5igest 7\u201310 p\u00e4evaga s\u00e4ilitada normaalse liikumisamplituudi, parandab liigeste olukorda ja paindlikkust, aitab k\u00f5hred tervena hoida, v\u00e4hendab lihaste ja liigeste j\u00e4ikust ning aitab treeningu j\u00e4rel kiiremini j\u00f5u taastada.<\/span><\/p>\n<p id=\"tw-target-text\" class=\"tw-data-text tw-text-large XcVN5d tw-ta\" dir=\"ltr\" data-placeholder=\"T\u00f5lge\"><span lang=\"et\" style=\"color: #999999;\">Toitev\u00e4\u00e4rtus soovitatava p\u00e4evaannuse kohta (3 kapslit):<\/span><\/p>\n<table border=\"1\" cellspacing=\"1\" cellpadding=\"1\">\n<tbody>\n<tr>\n<td><span style=\"color: #999999;\"><strong>\u00a0 Koostis<\/strong><\/span><\/td>\n<td><span style=\"color: #999999;\"><strong>Kogus<\/strong><\/span><\/td>\n<td><span style=\"color: #999999;\"><strong>% RI*<\/strong><\/span><\/td>\n<\/tr>\n<tr>\n<td><span style=\"color: #999999;\">NEM\u00ae Munakooremembraan<\/span><\/td>\n<td><span style=\"color: #999999;\">500 mg<\/span><\/td>\n<td><span style=\"color: #999999;\">\u00a0&#8211;<\/span><\/td>\n<\/tr>\n<tr>\n<td><span style=\"color: #999999;\">\u00a0\u00a0\u00a0\u00a0 millest kollageeni<\/span><\/td>\n<td><span style=\"color: #999999;\">66 mg<\/span><\/td>\n<td><span style=\"color: #999999;\">\u00a0&#8211;<\/span><\/td>\n<\/tr>\n<tr>\n<td><span style=\"color: #999999;\">\u00a0\u00a0\u00a0\u00a0 millest h\u00fcaluroonhapet<\/span><\/td>\n<td><span style=\"color: #999999;\">2,8 mg<\/span><\/td>\n<td><span style=\"color: #999999;\">\u00a0&#8211;<\/span><\/td>\n<\/tr>\n<tr>\n<td><span style=\"color: #999999;\">BioCurc\u2122 kurkum (<em>Cucurma longa<\/em>)<\/span><\/td>\n<td><span style=\"color: #999999;\">500 mg<\/span><\/td>\n<td><span style=\"color: #999999;\">\u00a0&#8211;<\/span><\/td>\n<\/tr>\n<tr>\n<td><span style=\"color: #999999;\">\u00a0\u00a0\u00a0\u00a0millest\u00a0kurkuminoide<\/span><\/td>\n<td><span style=\"color: #999999;\">60 mg<\/span><\/td>\n<td><span style=\"color: #999999;\">\u00a0&#8211;<\/span><\/td>\n<\/tr>\n<\/tbody>\n<\/table>\n<p><span style=\"color: #999999;\">*RI = Soovituslik p\u00e4eva %<\/span><\/p>\n<p><span style=\"color: #999999;\">\u00a01 kapsli kaal: 64 g<\/span><\/p>\n<p><span style=\"color: #999999;\">KOOD: 551<\/span><\/p>\n<p><span style=\"color: #999999;\">90 kapslit<\/span><\/p>\n<p><span style=\"color: #99cc00;\">Vaata videot:\u00a0<\/span><span style=\"color: #0000ff;\"><a style=\"color: #0000ff;\" href=\"https:\/\/www.youtube.com\/watch?v=SR59_v__cy0\" target=\"_blank\" rel=\"noopener\">https:\/\/www.youtube.com\/watch?v=SR59_v__cy0<\/a><\/span><\/p>\n","protected":false},"excerpt":{"rendered":"<h3><span style=\"color: #99cc00;\">Forever Move<\/span><\/h3>\n<p><span style=\"color: #999999;\">Liikuge vabalt ning hoidke oma liigesed korras ja painduvad Foreveri uusima, kliiniliselt novaatorlikema toidulisandiga Forever Move.<\/span><\/p>\n<p><span style=\"color: #999999;\">KOOD: 551<\/span><\/p>\n<p><span style=\"color: #999999;\"> 90 kapslit<\/span><\/p>\n","protected":false},"featured_media":3767,"template":"","meta":[],"product_brand":[],"product_cat":[15],"product_tag":[],"class_list":{"0":"post-3766","1":"product","2":"type-product","3":"status-publish","4":"has-post-thumbnail","6":"product_cat-toidulisandid","8":"first","9":"instock","10":"taxable","11":"shipping-taxable","12":"purchasable","13":"product-type-simple"},"jetpack_sharing_enabled":true,"_links":{"self":[{"href":"https:\/\/aaloe.ee\/et\/wp-json\/wp\/v2\/product\/3766","targetHints":{"allow":["GET"]}}],"collection":[{"href":"https:\/\/aaloe.ee\/et\/wp-json\/wp\/v2\/product"}],"about":[{"href":"https:\/\/aaloe.ee\/et\/wp-json\/wp\/v2\/types\/product"}],"wp:featuredmedia":[{"embeddable":true,"href":"https:\/\/aaloe.ee\/et\/wp-json\/wp\/v2\/media\/3767"}],"wp:attachment":[{"href":"https:\/\/aaloe.ee\/et\/wp-json\/wp\/v2\/media?parent=3766"}],"wp:term":[{"taxonomy":"product_brand","embeddable":true,"href":"https:\/\/aaloe.ee\/et\/wp-json\/wp\/v2\/product_brand?post=3766"},{"taxonomy":"product_cat","embeddable":true,"href":"https:\/\/aaloe.ee\/et\/wp-json\/wp\/v2\/product_cat?post=3766"},{"taxonomy":"product_tag","embeddable":true,"href":"https:\/\/aaloe.ee\/et\/wp-json\/wp\/v2\/product_tag?post=3766"}],"curies":[{"name":"wp","href":"https:\/\/api.w.org\/{rel}","templated":true}]}}