{"id":3748,"date":"2018-06-24T19:00:15","date_gmt":"2018-06-24T16:00:15","guid":{"rendered":"http:\/\/aaloe.ee\/et\/?post_type=product&#038;p=3748"},"modified":"2023-09-19T16:23:10","modified_gmt":"2023-09-19T13:23:10","slug":"3748","status":"publish","type":"product","link":"https:\/\/aaloe.ee\/et\/toode\/3748\/","title":{"rendered":"Protecting day lotion &#8211; P\u00e4evakreem Niisutage ja kaitske"},"content":{"rendered":"<h2 class=\"variant a1P0V000004wwddUAA\"><span style=\"color: #99cc00;\">P\u00e4evakreem Niisutage ja kaitske<\/span><\/h2>\n<p style=\"text-align: left;\"><span style=\"color: #999999;\">\u2013 Laia toimespektriga mineraalfilter kaitseb ultraviolettkiirguse eest.<\/span><br \/>\n<span style=\"color: #999999;\">\u2013 T\u00f5husad taimeekstraktid niisutavad ja kaitsevad.<\/span><br \/>\n<span style=\"color: #999999;\">\u2013 Hoiab \u00e4ra laikude tekke, mis kaasnevad p\u00e4ikesest tingitud vananemisega.<\/span><br \/>\n<span style=\"color: #999999;\">Alustage p\u00e4eva n\u00e4onaha \u00f5ige kaitsega ebasoodsate keskkonnategurite ja kahjuliku ultraviolettkiirguse eest. Toitke oma nahka p\u00e4evakreemiga, millel on laia toimespektriga mineraalfilter SPF 20. Aaloe, seeneekstrakti ja rohkem kui 20 nahahooldusainega kreem niisutab teie naha suurep\u00e4raselt.<\/span><br \/>\n<span style=\"color: #999999;\">Kreem sisaldab rohkelt luksuslikke puuvilja- ja rohttaimeekstrakte. Vahemere regioonist p\u00e4rit merikapsa\u00f5lis leidub ebaharilikult palju rasvhappeid, mis imenduvad kergesti, siluvad nahka ja loovad terve jume. Samuti oleme kreemi lisanud arbuusiekstrakti, mis sisaldab rohkelt antioks\u00fcdante. Need aitavad v\u00f5idelda vabade radikaalidega.<\/span><br \/>\n<span style=\"color: #999999;\">Pelgalt tavalise kaitsekreemi kasutamine v\u00f5ib tundlikku n\u00e4onahka \u00e4rritada. See p\u00e4evakreem on valmistatud naturaalse mineraalfiltriga \u2013 titaandioksiidi ja tsinkoksiidiga unikaalses dispersioons\u00fcsteemis, mis aitab osakestel \u00fchtlaselt jaotuda, lisaks allantoiiniga, mis on tuntud nahka rahustavate omaduste poolest.<\/span><br \/>\n<span style=\"color: #999999;\">Ja viimaks jeeriku selaginell, mida kutsutakse ka Jeeriko roosiks, \u2013 taim, mis suudab vastu pidada ka k\u00f5ige pikemal p\u00f5uaajal ja niipea kui saab niiskust, v\u00f5ib m\u00f5ne tunniga taastuda. Oleme seda omadust \u00e4ra kasutanud oma kreemi loomisel, mis teeb sellest ainulaadse p\u00e4evakreemi.<\/span><br \/>\n<span style=\"color: #999999;\">Kasutage p\u00e4evakreemi \u2013 katke oma nahk niiskuskilbiga ja kaitske seda kahjuliku ultraviolettkiirguse eest.<\/span><\/p>\n<p style=\"text-align: left;\"><strong><span style=\"color: #99cc00;\">KASUTAMINE:<\/span><\/strong><span style=\"color: #999999;\"> kandke kreem hommikul \u00fchtlaselt puhtale nahale.<\/span><br \/>\n<span style=\"color: #999999;\"><span style=\"color: #ff0000;\"><strong>T\u00c4HELEPANU!<\/strong> <\/span>Ainult v\u00e4lispidiseks kasutuseks. \u00c4rge kasutage vigastatud v\u00f5i l\u00f5henenud nahal. V\u00e4ltige toote silma sattumist. Selle eemaldamiseks loputage veega. L\u00f6\u00f6be korral katkestage toote kasutamine ja pidage n\u00f5u arstiga. Hoidke lastele k\u00e4ttesaamatus kohas.<\/span><\/p>\n<p><strong><span style=\"color: #99cc00;\">Koostis :<\/span> <\/strong><span style=\"color: #999999;\">water (aqua), tricaprylin, aloe barbadensis leaf juice\u00a0<\/span><span style=\"color: #999999;\">(stabilized aloe vera gel), glyceryl stearate SE, C13-15 alkane, glycerin,\u00a0<\/span><span style=\"color: #999999;\">propanediol, stearic acid, coconut alkanes, stearyl alcohol, brassica<\/span><br \/>\n<span style=\"color: #999999;\">campestris\/aleurites fordi oil copolymer, crambe abyssinica seed oil,\u00a0<\/span><span style=\"color: #999999;\">polyglyceryl-3 polyricinoleate, sodium stearoyl glutamate, caprylyl\u00a0<\/span><span style=\"color: #999999;\">glycol, hydrogenated phosphatidylcholine, galactoarabinan,<\/span><br \/>\n<span style=\"color: #999999;\">ethylhexylglycerin, citric acid, xanthan gum, sodium PCA, panthenol,\u00a0<\/span><span style=\"color: #999999;\">citrullus lanatus (watermelon) fruit extract, hexylene glycol, cococaprylate\/caprate, lecithin, carrageenan, anastatica hierochuntica<\/span><br \/>\n<span style=\"color: #999999;\">extract, allantoin, tremella fuciformis (mushroom) extract,\u00a0<\/span><span style=\"color: #999999;\">gluconolactone, aloe barbadensis callus extract, sodium hyaluronate,\u00a0<\/span><span style=\"color: #999999;\">tocopherol.<\/span><\/p>\n<p>&nbsp;<\/p>\n","protected":false},"excerpt":{"rendered":"<div>\n<h2 class=\"variant a1P0V000004wwddUAA\"><span style=\"color: #99cc00;\">P\u00e4evakreem\u00a0<\/span><\/h2>\n<p class=\"intro variant a1P0V000004wwddUAA\"><span style=\"color: #999999;\">Alustage p\u00e4eva n\u00e4onaha \u00f5ige kaitsega ebasoodsate keskkonnategurite ja kahjuliku ultraviolettkiirguse eest.\u00a0<\/span><span style=\"color: #999999;\">Toitke oma nahka p\u00e4evakreemiga, millel on laia toimespektriga mineraalfilter SPF 20. Aaloe, seeneekstrakti ja rohkem kui 20 nahahooldusainega kreem niisutab teie naha suurep\u00e4raselt.<\/span><\/p>\n<\/div>\n<div>\n<div class=\"price variant a1P0V000004wwddUAA\"><span style=\"color: #999999;\">KOGUS: 50 ml<\/span><\/div>\n<div class=\"price variant a1P0V000004wwddUAA\"><span style=\"color: #999999;\">KOOD: 557<\/span><\/div>\n<\/div>\n","protected":false},"featured_media":3749,"template":"","meta":[],"product_brand":[],"product_cat":[186],"product_tag":[],"class_list":{"0":"post-3748","1":"product","2":"type-product","3":"status-publish","4":"has-post-thumbnail","6":"product_cat-186","8":"first","9":"outofstock","10":"taxable","11":"shipping-taxable","12":"purchasable","13":"product-type-simple"},"jetpack_sharing_enabled":true,"_links":{"self":[{"href":"https:\/\/aaloe.ee\/et\/wp-json\/wp\/v2\/product\/3748","targetHints":{"allow":["GET"]}}],"collection":[{"href":"https:\/\/aaloe.ee\/et\/wp-json\/wp\/v2\/product"}],"about":[{"href":"https:\/\/aaloe.ee\/et\/wp-json\/wp\/v2\/types\/product"}],"wp:featuredmedia":[{"embeddable":true,"href":"https:\/\/aaloe.ee\/et\/wp-json\/wp\/v2\/media\/3749"}],"wp:attachment":[{"href":"https:\/\/aaloe.ee\/et\/wp-json\/wp\/v2\/media?parent=3748"}],"wp:term":[{"taxonomy":"product_brand","embeddable":true,"href":"https:\/\/aaloe.ee\/et\/wp-json\/wp\/v2\/product_brand?post=3748"},{"taxonomy":"product_cat","embeddable":true,"href":"https:\/\/aaloe.ee\/et\/wp-json\/wp\/v2\/product_cat?post=3748"},{"taxonomy":"product_tag","embeddable":true,"href":"https:\/\/aaloe.ee\/et\/wp-json\/wp\/v2\/product_tag?post=3748"}],"curies":[{"name":"wp","href":"https:\/\/api.w.org\/{rel}","templated":true}]}}