{"id":369,"date":"2014-11-23T20:47:29","date_gmt":"2014-11-23T18:47:29","guid":{"rendered":"http:\/\/aaloe.ee\/?post_type=product&#038;p=369"},"modified":"2025-11-19T23:36:26","modified_gmt":"2025-11-19T21:36:26","slug":"forever-kids","status":"publish","type":"product","link":"https:\/\/aaloe.ee\/et\/toode\/forever-kids\/","title":{"rendered":"Forever Kids &#8211; Multivitamiinid lastele"},"content":{"rendered":"<h3><span style=\"color: #99cc00;\">Forever Kids<\/span><\/h3>\n<h3 align=\"LEFT\"><span style=\"color: #ff9900;\">Multivitamiinid lastele ja t\u00e4iskasvanutele<\/span><\/h3>\n<p style=\"text-align: justify;\"><span style=\"color: #999999;\">Hoolitsege selle eest, et\u00a0teie lapsed saaksid iga p\u00e4ev\u00a0vajalikke toitaineid \u2013 andke\u00a0neile multivitamiinidega\u00a0n\u00e4rimistablette \u201eForever KidsTM\u201c.\u00a0Neist l\u00f5busatest ja maitsvatest\u00a0multivitamiinidest saavad nii\u00a0lapsed kui ka t\u00e4iskasvanud k\u00f5ige\u00a0olulisemaid vitamiine, mineraale,\u00a0rauda ja f\u00fctoaineid.\u00a0N\u00fc\u00fcd sisaldab \u201eForever\u00a0KidsTM\u201c ka rauda, mis on vajalik\u00a0tugevaks immuuns\u00fcsteemiks ja\u00a0teadvusfunktsiooni arenguks.\u00a0Raud on selline mineraal, mida\u00a0enamik inimesi saab ebapiisavalt,\u00a0ent mis on \u00fcldtervisliku seisundi\u00a0aspektist v\u00e4ga oluline.\u00a0F\u00fctoained on v\u00e4ga kasulikud\u00a0taimset p\u00e4ritolu toitained, mida\u00a0saadakse puu- ja k\u00f6\u00f6giviljast.\u00a0Uus t\u00e4iustatud \u201eForever\u00a0KidsTM\u201c sisaldab rohkem\u00a0f\u00fctoaineid erinevamatest puu- ja\u00a0k\u00f6\u00f6giviljadest.\u00a0Toidulisandi tootmises ei kasutata\u00a0mingeid kunstlikke v\u00e4rv- ega s\u00e4ilitusaineid.\u00a0Tulemuseks on v\u00f5rratu\u00a0maitsega multivitamiinitabletid,\u00a0mida on vahva s\u00fc\u00fca. \u201eForever\u00a0Living\u201c toidulisandite kaubariiulil\u00a0on veel \u00fcks v\u00e4\u00e4rt toode!\u00a0Nii teile kui ka teie lastele\u00a0meeldib kindlasti naturaalne\u00a0viinamarjamaitse. Lisaks tunnete\u00a0end rahulikuna, sest tervise eest on\u00a0hoolt kantud.<\/span><\/p>\n<p id=\"tw-target-text\" class=\"tw-data-text tw-text-large XcVN5d tw-ta\" dir=\"ltr\" data-placeholder=\"T\u00f5lge\"><strong><span lang=\"et\" style=\"color: #ff9900;\">Soovituslik kasutamine:\u00a0<\/span><\/strong><span style=\"color: #999999;\">t\u00e4iskasvanud ja lapsed alates\u00a0<\/span><span style=\"color: #999999;\">4. eluaastast kuni 4 tabletti p\u00e4evas<\/span><br \/>\n<span style=\"color: #999999;\">toidulisandina, 2\u20134aastased lapsed\u00a0<\/span><span style=\"color: #999999;\">kuni 2 tabletti <a href=\"https:\/\/macrodom.com.ua\/\" target=\"_blank\" rel=\"noopener\">macrodom<\/a>.<\/span><\/p>\n<p id=\"tw-target-text\" class=\"tw-data-text tw-text-large XcVN5d tw-ta\" dir=\"ltr\" data-placeholder=\"T\u00f5lge\"><strong><span lang=\"et\" style=\"color: #999999;\">Toitev\u00e4\u00e4rtus soovitatava p\u00e4evaannuse kohta (1-2 tabletti):<\/span><\/strong><\/p>\n<table border=\"1\" cellspacing=\"1\" cellpadding=\"1\">\n<tbody>\n<tr>\n<td><span style=\"color: #999999;\"><strong>Sisaldab<\/strong><\/span><\/td>\n<td><span style=\"color: #999999;\"><strong>1-2 tabl. sisaldus<\/strong><\/span><\/td>\n<td><span style=\"color: #999999;\"><strong>% RI*<\/strong><\/span><\/td>\n<\/tr>\n<tr>\n<td><span style=\"color: #999999;\">A-vitamiin (beetakaroteen)<\/span><\/td>\n<td><span style=\"color: #999999;\">200-400 \u03bcg<\/span><\/td>\n<td><span style=\"color: #999999;\">25-50 %<\/span><\/td>\n<\/tr>\n<tr>\n<td><span style=\"color: #999999;\">B1-vitamiin (tiamiinmononitraat)<\/span><\/td>\n<td><span style=\"color: #999999;\">0,28-0,55 mg<\/span><\/td>\n<td><span style=\"color: #999999;\">25-50 %<\/span><\/td>\n<\/tr>\n<tr>\n<td><span style=\"color: #999999;\">B2-vitamiin (riboflaviin)<\/span><\/td>\n<td><span style=\"color: #999999;\">0,35-0,70 mg<\/span><\/td>\n<td><span style=\"color: #999999;\">25-50 %<\/span><\/td>\n<\/tr>\n<tr>\n<td><span style=\"color: #999999;\">B6-vitamiin (p\u00fcridoksiinh\u00fcdrokloriid)<\/span><\/td>\n<td><span style=\"color: #999999;\">0,35-0,70 mg<\/span><\/td>\n<td><span style=\"color: #999999;\">25-50 %<\/span><\/td>\n<\/tr>\n<tr>\n<td><span style=\"color: #999999;\">B12-vitamiin (ts\u00fcanokobalamiin)<\/span><\/td>\n<td><span style=\"color: #999999;\">0,63-1,25 \u03bcg<\/span><\/td>\n<td><span style=\"color: #999999;\">25-50 %<\/span><\/td>\n<\/tr>\n<tr>\n<td><span style=\"color: #999999;\">C-vitamiin (L- askorbiinhape)<\/span><\/td>\n<td><span style=\"color: #999999;\">20-40 mg<\/span><\/td>\n<td><span style=\"color: #999999;\">25-50 %<\/span><\/td>\n<\/tr>\n<tr>\n<td><span style=\"color: #999999;\">D-vitamiin (kolekaltsiferool)<\/span><\/td>\n<td><span style=\"color: #999999;\">1,25-2,5 \u03bcg<\/span><\/td>\n<td><span style=\"color: #999999;\">25-50 %<\/span><\/td>\n<\/tr>\n<tr>\n<td><span style=\"color: #999999;\">E-vitamiin (D-alfa-tokofer\u00fc\u00fclatsetaat)<\/span><\/td>\n<td><span style=\"color: #999999;\">3-6 mg<\/span><\/td>\n<td><span style=\"color: #999999;\">25-50 %<\/span><\/td>\n<\/tr>\n<tr>\n<td><span style=\"color: #999999;\">Biotiin<\/span><\/td>\n<td><span style=\"color: #999999;\">12,5-25 \u03bcg<\/span><\/td>\n<td><span style=\"color: #999999;\">25-50 %<\/span><\/td>\n<\/tr>\n<tr>\n<td><span style=\"color: #999999;\">Foliaat (ptero\u00fc\u00fclmonoglutaamhape)<\/span><\/td>\n<td><span style=\"color: #999999;\">50-100 \u03bcg<\/span><\/td>\n<td><span style=\"color: #999999;\">25-50 %<\/span><\/td>\n<\/tr>\n<tr>\n<td><span style=\"color: #999999;\">Niatsiin (nikotiinamiid)<\/span><\/td>\n<td><span style=\"color: #999999;\">4-8 mg<\/span><\/td>\n<td><span style=\"color: #999999;\">25-50 %<\/span><\/td>\n<\/tr>\n<tr>\n<td><span style=\"color: #999999;\">Pantoteenhape (d-kaltsiumpantotenaat)<\/span><\/td>\n<td><span style=\"color: #999999;\">1,5-3 mg<\/span><\/td>\n<td><span style=\"color: #999999;\">25-50 %<\/span><\/td>\n<\/tr>\n<tr>\n<td><span style=\"color: #999999;\">Raud (raudbisgl\u00fctsinaat)<\/span><\/td>\n<td><span style=\"color: #999999;\">1-2 mg<\/span><\/td>\n<td><span style=\"color: #999999;\">13-22 %<\/span><\/td>\n<\/tr>\n<tr>\n<td><span style=\"color: #999999;\">Tsink (tsinkbisgl\u00fctsinaat)<\/span><\/td>\n<td><span style=\"color: #999999;\">1,88-3,75 mg<\/span><\/td>\n<td><span style=\"color: #999999;\">18-38 %<\/span><\/td>\n<\/tr>\n<tr>\n<td><span style=\"color: #999999;\">Puu- ja k\u00f6\u00f6givilja patendeeritud segu<\/span><\/td>\n<td><span style=\"color: #999999;\">10-20 mg<\/span><\/td>\n<td><span style=\"color: #999999;\">\u00a0&#8211;<\/span><\/td>\n<\/tr>\n<\/tbody>\n<\/table>\n<p><span style=\"color: #999999;\">\u00a0* % RI = p\u00e4evane kogus %<\/span><\/p>\n<p><span style=\"color: #999999;\">120 tabletti<\/span><\/p>\n<p id=\"tw-target-text\" class=\"tw-data-text tw-text-large XcVN5d tw-ta\" dir=\"ltr\" data-placeholder=\"T\u00f5lge\"><span lang=\"et\" style=\"color: #ff9900;\">See toode on toidulisand. Soovitatud p\u00e4evaannust ei tohi \u00fcletada. Toidulisand ei asenda mitmek\u00fclgset ja tasakaalustatud toitumist ega tervislikke eluviise. Hoida lastele k\u00e4ttesaamatus kohas.<\/span><\/p>\n<p><span style=\"color: #999999;\">Kood : 354<\/span><\/p>\n<p><span style=\"color: #ff9900;\">Lae endale toote lisainfo PDF failina: <\/span><strong><span style=\"color: #99cc00;\">\u00a0<\/span><\/strong><span style=\"color: #99cc00;\"><a style=\"color: #99cc00;\" href=\"http:\/\/aaloe.ee\/wp-content\/uploads\/2014\/11\/Kood-354.pdf\">Forever Kids<\/a><\/span><strong><br \/>\n<\/strong><\/p>\n","protected":false},"excerpt":{"rendered":"<div class=\"fb-share-button\" style=\"float: right;\" data-href=\"http:\/\/aaloe.ee\/et\/toode\/forever-kids\/\" data-layout=\"button\" data-size=\"large\" data-mobile-iframe=\"false\"><a class=\"fb-xfbml-parse-ignore\" href=\"https:\/\/www.facebook.com\/sharer\/sharer.php?u=http%3A%2F%2Faaloe.ee%2Fet%2Ftoode%2Fforever-kids%2F&amp;src=sdkpreparse\" target=\"_blank\" rel=\"noopener noreferrer\">JAGA TOODET FACEBOOKIS<\/a><\/div>\n<p><span style=\"color: #99cc00;\">Maitsvad vitamiinid lastele!<\/span><\/p>\n<p><span style=\"color: #999999;\">Hoolitsege selle eest, et teie lapsed saaksid iga p\u00e4ev vajalikke toitaineid \u2013 andke neile multivitamiinidega n\u00e4rimistablette Forever Kids\u2122. Nendest maitsvatest multivitamiinidest saavad nii lapsed kui ka t\u00e4iskasvanud k\u00f5ige olulisemaid vitamiine, mineraale, rauda ja f\u00fctoaineid.<\/span><\/p>\n<p><span style=\"color: #999999;\">KOGUS: 120 tabletti.<\/span><\/p>\n<p><span style=\"color: #999999;\">KOOD: 354<\/span><\/p>\n","protected":false},"featured_media":4115,"template":"","meta":[],"product_brand":[],"product_cat":[15],"product_tag":[],"class_list":{"0":"post-369","1":"product","2":"type-product","3":"status-publish","4":"has-post-thumbnail","6":"product_cat-toidulisandid","8":"first","9":"instock","10":"taxable","11":"shipping-taxable","12":"purchasable","13":"product-type-simple"},"jetpack_sharing_enabled":true,"_links":{"self":[{"href":"https:\/\/aaloe.ee\/et\/wp-json\/wp\/v2\/product\/369","targetHints":{"allow":["GET"]}}],"collection":[{"href":"https:\/\/aaloe.ee\/et\/wp-json\/wp\/v2\/product"}],"about":[{"href":"https:\/\/aaloe.ee\/et\/wp-json\/wp\/v2\/types\/product"}],"wp:featuredmedia":[{"embeddable":true,"href":"https:\/\/aaloe.ee\/et\/wp-json\/wp\/v2\/media\/4115"}],"wp:attachment":[{"href":"https:\/\/aaloe.ee\/et\/wp-json\/wp\/v2\/media?parent=369"}],"wp:term":[{"taxonomy":"product_brand","embeddable":true,"href":"https:\/\/aaloe.ee\/et\/wp-json\/wp\/v2\/product_brand?post=369"},{"taxonomy":"product_cat","embeddable":true,"href":"https:\/\/aaloe.ee\/et\/wp-json\/wp\/v2\/product_cat?post=369"},{"taxonomy":"product_tag","embeddable":true,"href":"https:\/\/aaloe.ee\/et\/wp-json\/wp\/v2\/product_tag?post=369"}],"curies":[{"name":"wp","href":"https:\/\/api.w.org\/{rel}","templated":true}]}}