{"id":3680,"date":"2018-03-15T20:50:36","date_gmt":"2018-03-15T18:50:36","guid":{"rendered":"http:\/\/aaloe.ee\/et\/?post_type=product&#038;p=3680"},"modified":"2025-04-01T23:57:23","modified_gmt":"2025-04-01T20:57:23","slug":"awakening-eye-cream-varskendav-silmaumbruskreem","status":"publish","type":"product","link":"https:\/\/aaloe.ee\/et\/toode\/awakening-eye-cream-varskendav-silmaumbruskreem\/","title":{"rendered":"Awakening Eye Cream &#8211; V\u00e4rskendav silma\u00fcmbruskreem"},"content":{"rendered":"<h2><span style=\"color: #99cc00;\">V\u00e4rskendav silma\u00fcmbruskreem<\/span><\/h2>\n<p><span style=\"color: #999999;\">\u2013 Leevendab turset ja tumedaid silmaaluseid.<\/span><br \/>\n<span style=\"color: #999999;\">\u2013 V\u00e4hendab m\u00e4rgatavalt kortsude teket.<\/span><br \/>\n<span style=\"color: #999999;\">\u2013 Silmad n\u00e4evad v\u00e4lja s\u00e4ravamad, eluj\u00f5ulisemad ja paremini puhanud.<\/span><br \/>\n<span style=\"color: #999999;\">V\u00e4rskendava silma\u00fcmbruskreemi koostises on patenditud koostisosi \u2013 peptiide, mis siluvad ja pehmendavad tundlikku silma\u00fcmbrusnahka, v\u00e4hendades m\u00e4rgatavalt kortsude ja tumedate silmaaluste teket.<\/span><br \/>\n<span style=\"color: #999999;\">V\u00e4ikese molekulmassiga eriline kollageen aitab kollageeni oleku normaalsena hoida, et nahk oleks pingul ja korralikult niisutatud. Kui kollageeni on piisavalt, siis silma\u00fcmbrusnahk on pehmem, siledam ja enam pingul.<\/span><br \/>\n<span style=\"color: #999999;\">On kindlaks tehtud, et \u00fcks meie paljudest unikaalsetest koostisainetest \u2013 but\u00fcleengl\u00fckool \u2013 v\u00e4hendab silmade \u00fcmbruses tursete ja tumedate laikude teket vaid 15 p\u00e4evaga.<\/span><br \/>\n<span style=\"color: #999999;\">Veel \u00fcks v\u00e4ga uuenduslik koostisaine on lenkorani siidakaatsia kooreekstrakt Darutoside kompleksiga. Tegu on \u00fche esimese selletaolise komponendiga, mis v\u00f5ib t\u00f5sta l\u00f5tvunud \u00fclalaugu. T\u00e4nu sellele koostisosale saame hoolt kanda nii \u00fclemise lau kui ka tundliku silma\u00fcmbrusnaha eest, et silmad n\u00e4eksid kaunimad v\u00e4lja. V\u00e4rskendav silma\u00fcmbruskreem pinguldab \u00fchtlasi naha pealispinda, mille tulemusena muutuvad kortsukesed silmanurkades v\u00e4hem m\u00e4rgatavaks, ning<\/span><br \/>\n<span style=\"color: #999999;\">tugevdab v\u00e4ikeseid veresooni, et silmaalused oleksid heledamad. Kuiv ja tursunud nahk n\u00e4eb kaunim v\u00e4lja ning silmad on s\u00e4ravamad, eluj\u00f5ulisemad ja paremini puhanud, sest naha kaitsebarj\u00e4\u00e4r on tugevam ja niiskus p\u00fcsib t\u00f5husamalt nahas.<\/span><br \/>\n<span style=\"color: #999999;\">K\u00f5ik need \u00fcliefektiivsed koostisained teevad kreemist \u00fche novaatorlikuma silma\u00fcmbrustoote, mis laseb teie ilul s\u00e4rama l\u00fc\u00fca. Kasutage v\u00e4rskendava silma\u00fcmbruskreemi v\u00e4ge ja nautige nooruslikult s\u00e4ravat pilku.<\/span><br \/>\n<span style=\"color: #999999;\">Positiivset m\u00f5ju on n\u00e4ha v\u00e4ga kiirelt!<\/span><\/p>\n<p><span style=\"color: #999999;\"><span style=\"color: #99cc00;\">KASUTUS:<\/span> Kandke v\u00e4ike kogus kreemi \u00f5rnalt s\u00f5rmega silma kohale ja \u00fcmber.<\/span><br \/>\n<span style=\"color: #ff0000;\">T\u00c4HELEPANU!<\/span><br \/>\n<span style=\"color: #999999;\">V\u00e4ltige silma sattumist. Silmade \u00e4rrituse korral loputage hoolikalt veega. Kui \u00e4rritus ei m\u00f6\u00f6du, katkestage toote kasutamine ja pidage n\u00f5u arstiga.<\/span><\/p>\n<h4><span style=\"color: #99cc00;\"><span style=\"color: #999999;\">Lisainfo\u00a0\u00a0PDF :<\/span>\u00a0<a style=\"color: #99cc00;\" href=\"http:\/\/aaloe.ee\/wp-content\/uploads\/2018\/03\/V\u00e4rskendav-silma\u00f5mbruskreem-kood-561.pdf\">V\u00e4rskendav silma\u00f5mbruskreem\u00a0<\/a><\/span><\/h4>\n<p><span style=\"color: #999999;\">Kogus 21 g<\/span><\/p>\n","protected":false},"excerpt":{"rendered":"<h3><span style=\"color: #99cc00;\">Kaunitele silmadele<\/span><\/h3>\n<div>\n<p class=\"variant a1P0V000004wwe7UAA\"><span style=\"color: #999999;\">V\u00e4rskendava silma\u00fcmbruskreemi koostises on patenditud koostisosi \u2013 peptiide, mis siluvad ja pehmendavad tundlikku silma\u00fcmbrusnahka, v\u00e4hendades m\u00e4rgatavalt kortsude ja tumedate silmaaluste teket.\u00a0 V\u00e4rskendav silma\u00fcmbruskreem sisaldab veel but\u00fcleengl\u00fckooli, mis v\u00e4hendab uuringute kohaselt silma\u00fcmbruse turseid ja tumedaid laike vaid 15 p\u00e4evaga.<\/span><\/p>\n<\/div>\n<div>\n<div class=\"price variant a1P0V000004wwe7UAA\"><span style=\"color: #999999;\">KOGUS: 21 g<\/span><\/div>\n<div class=\"price variant a1P0V000004wwe7UAA\"><span style=\"color: #999999;\">Kood : 561<\/span><\/div>\n<\/div>\n","protected":false},"featured_media":6221,"template":"","meta":[],"product_brand":[],"product_cat":[170,182],"product_tag":[],"class_list":{"0":"post-3680","1":"product","2":"type-product","3":"status-publish","4":"has-post-thumbnail","6":"product_cat-eksklusiivsed-tooted","7":"product_cat-nahahooldus","9":"first","10":"instock","11":"taxable","12":"shipping-taxable","13":"purchasable","14":"product-type-simple"},"jetpack_sharing_enabled":true,"_links":{"self":[{"href":"https:\/\/aaloe.ee\/et\/wp-json\/wp\/v2\/product\/3680","targetHints":{"allow":["GET"]}}],"collection":[{"href":"https:\/\/aaloe.ee\/et\/wp-json\/wp\/v2\/product"}],"about":[{"href":"https:\/\/aaloe.ee\/et\/wp-json\/wp\/v2\/types\/product"}],"wp:featuredmedia":[{"embeddable":true,"href":"https:\/\/aaloe.ee\/et\/wp-json\/wp\/v2\/media\/6221"}],"wp:attachment":[{"href":"https:\/\/aaloe.ee\/et\/wp-json\/wp\/v2\/media?parent=3680"}],"wp:term":[{"taxonomy":"product_brand","embeddable":true,"href":"https:\/\/aaloe.ee\/et\/wp-json\/wp\/v2\/product_brand?post=3680"},{"taxonomy":"product_cat","embeddable":true,"href":"https:\/\/aaloe.ee\/et\/wp-json\/wp\/v2\/product_cat?post=3680"},{"taxonomy":"product_tag","embeddable":true,"href":"https:\/\/aaloe.ee\/et\/wp-json\/wp\/v2\/product_tag?post=3680"}],"curies":[{"name":"wp","href":"https:\/\/api.w.org\/{rel}","templated":true}]}}