{"id":3674,"date":"2018-03-15T20:36:09","date_gmt":"2018-03-15T18:36:09","guid":{"rendered":"http:\/\/aaloe.ee\/et\/?post_type=product&#038;p=3674"},"modified":"2025-04-01T23:59:13","modified_gmt":"2025-04-01T20:59:13","slug":"smoothing-exfoliator-pehmendav-koorija","status":"publish","type":"product","link":"https:\/\/aaloe.ee\/et\/toode\/smoothing-exfoliator-pehmendav-koorija\/","title":{"rendered":"Smoothing Exfoliator &#8211; Pehmendav koorija"},"content":{"rendered":"<h2><span style=\"color: #99cc00;\">Pehmendav koorija<\/span><\/h2>\n<p><span style=\"color: #999999;\">\u2013 Koorib \u00f5rnalt ja muudab naha siidpehmeks.<\/span><br \/>\n<span style=\"color: #999999;\">\u2013 Ens\u00fc\u00fcmiekstraktid v\u00e4rskendavad nahka.<\/span><br \/>\n<span style=\"color: #999999;\">Teie organism k\u00f5rvaldab iga p\u00e4ev 30 000\u201340 000 vana rakku. Isegi kui te regulaarselt nahka puhastate, vajab see vahel elutute rakkude ja mustuse eemaldamiseks t\u00e4iendavat abi. Koorimata nahk v\u00f5ib n\u00e4ida kare ja tuhm. Aidake oma nahal tagasi saada terve jume ja s\u00e4ra, koorides \u00e4ra ebavajaliku ja kahjustamata seejuures s\u00fcgavamal olevat uut \u00f5rna nahka.<\/span><br \/>\n<span style=\"color: #999999;\">Agressiivsete keemiliste ainete v\u00f5i teravate osakeste asemel oleme sellesse pehmendavasse koorijasse kokku pannud viis erilise funktsiooniga naturaalset koostisosa, mis nahka hoolikalt puhastavad:<\/span><br \/>\n<span style=\"color: #999999;\">Looduslikult \u00fcmarad jujuubiosakesed libisevad \u00f5rnalt m\u00f6\u00f6da naha pealispinda,<\/span><br \/>\n<span style=\"color: #999999;\">eemaldades mustust.<\/span><br \/>\n<span style=\"color: #999999;\">Keskkonnas\u00f5bralikult kasvatatud bambusepulber koorib nahka, eemaldades surnud rakke. Bambus on suure tera kujul, et see ei kriimustaks naha pinda.<\/span><br \/>\n<span style=\"color: #999999;\">Sellised ekstraktid nagu bromeliin ja papaiin ning sidruni eeterlik \u00f5li on looduse enda loodud toonikumid. Ananassist saadav ens\u00fc\u00fcm bromeliin aitab l\u00f5hustada elututes rakkudes sisalduvat keratiini, t\u00e4nu millele on surnud rakke kergem eemaldada. Papaiast saadav papaiin v\u00e4rskendab nahka, samuti on see suurep\u00e4rane C-, A- ja E-vitamiini ning pantoteenhappe allikas. Sidruni eeterlik \u00f5li niisutab v\u00e4ga h\u00e4sti, seega uus v\u00e4rske nahk saab kohe t\u00f5husat niisutust.<\/span><br \/>\n<span style=\"color: #999999;\">Lisaks nendele v\u00e4rskendavatele koostisainetele sisaldab koorija antioks\u00fcdante (nagu viinamarjamahla ekstrakti), et koorimine oleks mitte pelgalt t\u00f5hus, vaid \u00fchtaegu ka \u00f5rn ning nahk saaks niisutust, muutuks v\u00e4rskemaks ja siledamaks. Pealegi, kooritud nahk omastab k\u00f5ikidest seej\u00e4rel kasutatavatest vahenditest olulisi aineid paremini, t\u00e4nu millele on nahahooldus Foreveriga maksimaalselt t\u00f5hus.<\/span><\/p>\n<p style=\"text-align: left;\"><span style=\"color: #999999;\">Need ainulaadsed tooted v\u00e4rskendavad ja taastavad nahka, toimides eri probleemide \u2013 tuhmi jume, kuivuse, laikude, p\u00e4ikese kahjuliku m\u00f5ju tagaj\u00e4rgede, tursete ja tumedate silmaaluste vastu. L\u00e4htuge valikul oma vajadustest ja nautige kauneid tulemusi.<\/span><\/p>\n<p style=\"text-align: left;\"><span style=\"color: #999999;\"><span style=\"color: #99cc00;\">KASUTUS:<\/span> Pigistage v\u00e4ike kogus vahendit niisketele s\u00f5rmedele. Koorige n\u00e4onahka \u00f5rnade ringjate liigutustega, v\u00e4ltides silma\u00fcmbruspiirkonda. Peske koorimisvahend hoolikalt maha. Et nahk oleks v\u00e4rske, kasutage 2\u20133 korda n\u00e4dalas.<\/span><br \/>\n<span style=\"color: #999999;\"><span style=\"color: #ff0000;\">T\u00c4HELEPANU!<\/span> V\u00e4ltige silma sattumist. Silmade \u00e4rrituse korral loputage hoolikalt veega. Kui \u00e4rritus ei m\u00f6\u00f6du, katkestage toote kasutamine ja pidage n\u00f5u arstiga.<\/span><\/p>\n<p style=\"text-align: left;\"><strong><span style=\"color: #999999;\">Lisainfo PDF:\u00a0<span style=\"color: #99cc00;\"><a style=\"color: #99cc00;\" href=\"http:\/\/aaloe.ee\/wp-content\/uploads\/2018\/03\/Pehmendav-koorija.pdf\">Pehmendav koorija<\/a><\/span><\/span><\/strong><\/p>\n","protected":false},"excerpt":{"rendered":"<p><span style=\"color: #999999;\">Toode koorib \u00f5rnalt nahka, seda kahjustamata, samuti annab nahale \u00fchtlase jume. Bambus, jujuubiosakesed ja puuviljaens\u00fc\u00fcmid (nagu papaiin ja bromeliin) aitavad eemaldada elutuid rakke ning v\u00e4rskendavad,\u00a0 toidavad, pehmendavad\u00a0 nahka ja \u00fchtlustavad selle tooni.\u00a0Aidake oma nahal tagasi saada terve jume ja s\u00e4ra, koorides \u00e4ra ebavajaliku ja kahjustamata seejuures s\u00fcgavamal olevat uut \u00f5rna nahka.\u00a0<\/span><\/p>\n<div>\n<div class=\"price variant a1P0V000004wwdxUAA\"><span style=\"color: #999999;\">KOGUS: 60 ml<\/span><\/div>\n<\/div>\n<p><span style=\"color: #999999;\">Kood : 559<\/span><\/p>\n","protected":false},"featured_media":3675,"template":"","meta":[],"product_brand":[],"product_cat":[170],"product_tag":[],"class_list":{"0":"post-3674","1":"product","2":"type-product","3":"status-publish","4":"has-post-thumbnail","6":"product_cat-eksklusiivsed-tooted","8":"first","9":"instock","10":"taxable","11":"shipping-taxable","12":"purchasable","13":"product-type-simple"},"jetpack_sharing_enabled":true,"_links":{"self":[{"href":"https:\/\/aaloe.ee\/et\/wp-json\/wp\/v2\/product\/3674","targetHints":{"allow":["GET"]}}],"collection":[{"href":"https:\/\/aaloe.ee\/et\/wp-json\/wp\/v2\/product"}],"about":[{"href":"https:\/\/aaloe.ee\/et\/wp-json\/wp\/v2\/types\/product"}],"wp:featuredmedia":[{"embeddable":true,"href":"https:\/\/aaloe.ee\/et\/wp-json\/wp\/v2\/media\/3675"}],"wp:attachment":[{"href":"https:\/\/aaloe.ee\/et\/wp-json\/wp\/v2\/media?parent=3674"}],"wp:term":[{"taxonomy":"product_brand","embeddable":true,"href":"https:\/\/aaloe.ee\/et\/wp-json\/wp\/v2\/product_brand?post=3674"},{"taxonomy":"product_cat","embeddable":true,"href":"https:\/\/aaloe.ee\/et\/wp-json\/wp\/v2\/product_cat?post=3674"},{"taxonomy":"product_tag","embeddable":true,"href":"https:\/\/aaloe.ee\/et\/wp-json\/wp\/v2\/product_tag?post=3674"}],"curies":[{"name":"wp","href":"https:\/\/api.w.org\/{rel}","templated":true}]}}