{"id":3668,"date":"2018-03-15T20:14:24","date_gmt":"2018-03-15T18:14:24","guid":{"rendered":"http:\/\/aaloe.ee\/et\/?post_type=product&#038;p=3668"},"modified":"2025-04-14T22:40:33","modified_gmt":"2025-04-14T19:40:33","slug":"balancing-toner-tasakaalustav-toonik","status":"publish","type":"product","link":"https:\/\/aaloe.ee\/et\/toode\/balancing-toner-tasakaalustav-toonik\/","title":{"rendered":"Balancing toner &#8211; Tasakaalustav toonik"},"content":{"rendered":"<p>&nbsp;<\/p>\n<h2><span style=\"color: #99cc00;\">Tasakaalustav toonik<\/span><\/h2>\n<p><span style=\"color: #999999;\">\u2013 V\u00e4rskendab, rahustab ja niisutab.<\/span><br \/>\n<span style=\"color: #999999;\">\u2013 Pehmendab nahka ja \u00fchtlustab selle v\u00e4rvitooni.<\/span><br \/>\n<span style=\"color: #999999;\">\u2013 Ahendab poore.<\/span><br \/>\n<span style=\"color: #999999;\">Kas teie nahk vajab p\u00e4rast puhastust midagi enamat? Kui kasutate puhastus- ja niisutusvahendi vahel tasakaalustavat toonikut, v\u00f5ite olla kindel, et olete eemaldanud kogu mustuse, ahendanud poorid ja oma nahka niisutanud.<\/span><br \/>\n<span style=\"color: #999999;\">Tasakaalustav toonik sisaldab merevetikaekstrakti ja naatriumh\u00fcaluronaadi unikaalset kooslust. Koos toimides niisutavad ja pehmendavad need t\u00f5husad koostisained nahka, aidates s\u00e4ilitada<\/span><br \/>\n<span style=\"color: #999999;\">naha noorusliku jume.<\/span><br \/>\n<span style=\"color: #999999;\">\u00dchtlasi oleme toonikut rikastanud kurgiekstraktiga, mis rahustab ja pakub lisaniisutust. Kurk v\u00f5ib naha tooni kaunimaks muuta. Peale selle sisaldab kurk lignaane, mis aitavad nahal p\u00fcsida pingul ja siledana. Valge tee ekstrakt on suurep\u00e4rane antioks\u00fcdant, milles leidub rohkelt pol\u00fcfenoole. See toimib koos aaloega, mille kontsentratsioon on selles tootes t\u00f5eliselt suur. See taastab naha tasakaalu ja aitab v\u00f5idelda vabade radikaalide vastu.<\/span><br \/>\n<span style=\"color: #999999;\">Et muuta see efektiivne toode veel v\u00f5imsamaks, oleme lisanud h\u00fcaluroonhapet. Sellel on v\u00f5ime t\u00f5mmata ligi niiskust, mist\u00f5ttu kutsutakse seda ka molekulik\u00e4snaks.<\/span><br \/>\n<span style=\"color: #999999;\">Kui kasutate n\u00e4ohoolduses tasakaalustavat toonikut, n\u00e4ete ilmselget vahet \u2013 nahk muutub pehmemaks ja kaunimaks ning omastab paremini muudes vahendites leiduvaid kasulikke aineid.<\/span><\/p>\n<p><span style=\"color: #99cc00;\">KASUTUS:<\/span> <span style=\"color: #999999;\">Niisutage vatit\u00fckk v\u00f5i -padi rohke toonikuga ning kandke toonik sellega puhtale n\u00e4o- ja kaelanahale. Kasutage kaks korda p\u00e4evas. Nii ahendate poorid ja niisutate nahka.<\/span><br \/>\n<span style=\"color: #999999;\"><span style=\"color: #ff0000;\">T\u00c4HELEPANU!<\/span> V\u00e4ltige silma sattumist. Silmade \u00e4rrituse korral loputage hoolikalt veega. Kui \u00e4rritus ei m\u00f6\u00f6du, katkestage toote kasutamine ja pidage n\u00f5u arstiga.<\/span><\/p>\n<p><strong><span style=\"color: #999999;\">Lisainfo PDF:\u00a0<span style=\"color: #99cc00;\"><a style=\"color: #99cc00;\" href=\"http:\/\/aaloe.ee\/wp-content\/uploads\/2018\/03\/Tasakaalustav-toonik-kood-560.pdf\">Tasakaalustav toonik\u00a0<\/a><\/span><\/span><\/strong><\/p>\n<p>&nbsp;<\/p>\n","protected":false},"excerpt":{"rendered":"<div>\n<p class=\"intro variant a1P0V000004wwdnUAA\"><span style=\"color: #999999;\">Hoiab pH tasakaalus<\/span><\/p>\n<p class=\"intro variant a1P0V000004wwdnUAA\"><span style=\"color: #999999;\">Kui kasutate puhastus- ja niisutusvahendi vahel tasakaalustavat toonikut, v\u00f5ite olla kindel, et olete eemaldanud kogu mustuse, ahendanud poorid ja oma nahka niisutanud.<\/span><\/p>\n<\/div>\n<div>\n<div class=\"price variant a1P0V000004wwdnUAA\"><span style=\"color: #999999;\">KOGUS: 130 ml<\/span><\/div>\n<\/div>\n<p><span style=\"color: #999999;\">Kood : 560<\/span><\/p>\n<h2><\/h2>\n","protected":false},"featured_media":3672,"template":"","meta":[],"product_brand":[],"product_cat":[170],"product_tag":[],"class_list":{"0":"post-3668","1":"product","2":"type-product","3":"status-publish","4":"has-post-thumbnail","6":"product_cat-eksklusiivsed-tooted","8":"first","9":"outofstock","10":"taxable","11":"shipping-taxable","12":"purchasable","13":"product-type-simple"},"jetpack_sharing_enabled":true,"_links":{"self":[{"href":"https:\/\/aaloe.ee\/et\/wp-json\/wp\/v2\/product\/3668","targetHints":{"allow":["GET"]}}],"collection":[{"href":"https:\/\/aaloe.ee\/et\/wp-json\/wp\/v2\/product"}],"about":[{"href":"https:\/\/aaloe.ee\/et\/wp-json\/wp\/v2\/types\/product"}],"wp:featuredmedia":[{"embeddable":true,"href":"https:\/\/aaloe.ee\/et\/wp-json\/wp\/v2\/media\/3672"}],"wp:attachment":[{"href":"https:\/\/aaloe.ee\/et\/wp-json\/wp\/v2\/media?parent=3668"}],"wp:term":[{"taxonomy":"product_brand","embeddable":true,"href":"https:\/\/aaloe.ee\/et\/wp-json\/wp\/v2\/product_brand?post=3668"},{"taxonomy":"product_cat","embeddable":true,"href":"https:\/\/aaloe.ee\/et\/wp-json\/wp\/v2\/product_cat?post=3668"},{"taxonomy":"product_tag","embeddable":true,"href":"https:\/\/aaloe.ee\/et\/wp-json\/wp\/v2\/product_tag?post=3668"}],"curies":[{"name":"wp","href":"https:\/\/api.w.org\/{rel}","templated":true}]}}