{"id":3641,"date":"2018-02-19T12:33:16","date_gmt":"2018-02-19T10:33:16","guid":{"rendered":"http:\/\/aaloe.ee\/et\/?post_type=product&#038;p=3641"},"modified":"2025-04-02T00:03:23","modified_gmt":"2025-04-01T21:03:23","slug":"infinite-forever-niisutav-puhastusvahend","status":"publish","type":"product","link":"https:\/\/aaloe.ee\/et\/toode\/infinite-forever-niisutav-puhastusvahend\/","title":{"rendered":"Infinite by Forever &#8211; Niisutav puhastusvahend"},"content":{"rendered":"<h2><span style=\"color: #99cc00;\">Niisutav puhastusvahend<\/span><\/h2>\n<p><span style=\"color: #999999;\">Infinite Hydrating Cleanser &#8211;\u00a0<\/span><span style=\"color: #999999;\">Niisutava puhastuskreemi koostises on looduslikud t\u00f5husad puhastusained nagu \u00f5unaekstrakt, \u00f5una aminohape ja kookose rasvhapped, mis niisutavad nahka ja eemaldavad \u00f5rnalt mustuse ja rasu, kuivatamata nahka. Kreemja ja \u00f5rna puhastusvahendi kasutamise j\u00e4rel on nahk niisutatud, pehme ja puhas ning valmis j\u00e4rgmiste vananemisilminguid leevendavate toodete m\u00f5juks.\u00a0<\/span><\/p>\n<p><span style=\"color: #999999;\">Kogus 118 ml\u00a0<\/span><\/p>\n<p><span style=\"color: #999999;\">Kood : 554<\/span><\/p>\n","protected":false},"excerpt":{"rendered":"<p><span style=\"color: #999999;\">Kreemja ja \u00f5rna puhastusvahendi kasutamise j\u00e4rel on nahk niisutatud, pehme ja puhas ning valmis j\u00e4rgmiste vananemisilminguid leevendavate toodete m\u00f5juks.\u00a0<\/span><br \/>\n<span style=\"color: #999999;\">Kogus 118 ml\u00a0<\/span><\/p>\n","protected":false},"featured_media":3642,"template":"","meta":[],"product_brand":[],"product_cat":[170],"product_tag":[],"class_list":{"0":"post-3641","1":"product","2":"type-product","3":"status-publish","4":"has-post-thumbnail","6":"product_cat-eksklusiivsed-tooted","8":"first","9":"instock","10":"taxable","11":"shipping-taxable","12":"purchasable","13":"product-type-simple"},"jetpack_sharing_enabled":true,"_links":{"self":[{"href":"https:\/\/aaloe.ee\/et\/wp-json\/wp\/v2\/product\/3641","targetHints":{"allow":["GET"]}}],"collection":[{"href":"https:\/\/aaloe.ee\/et\/wp-json\/wp\/v2\/product"}],"about":[{"href":"https:\/\/aaloe.ee\/et\/wp-json\/wp\/v2\/types\/product"}],"wp:featuredmedia":[{"embeddable":true,"href":"https:\/\/aaloe.ee\/et\/wp-json\/wp\/v2\/media\/3642"}],"wp:attachment":[{"href":"https:\/\/aaloe.ee\/et\/wp-json\/wp\/v2\/media?parent=3641"}],"wp:term":[{"taxonomy":"product_brand","embeddable":true,"href":"https:\/\/aaloe.ee\/et\/wp-json\/wp\/v2\/product_brand?post=3641"},{"taxonomy":"product_cat","embeddable":true,"href":"https:\/\/aaloe.ee\/et\/wp-json\/wp\/v2\/product_cat?post=3641"},{"taxonomy":"product_tag","embeddable":true,"href":"https:\/\/aaloe.ee\/et\/wp-json\/wp\/v2\/product_tag?post=3641"}],"curies":[{"name":"wp","href":"https:\/\/api.w.org\/{rel}","templated":true}]}}