{"id":3633,"date":"2018-02-15T21:07:55","date_gmt":"2018-02-15T19:07:55","guid":{"rendered":"http:\/\/aaloe.ee\/et\/?post_type=product&#038;p=3633"},"modified":"2025-04-02T00:04:54","modified_gmt":"2025-04-01T21:04:54","slug":"infinite-forever-nahapingulduskompleks","status":"publish","type":"product","link":"https:\/\/aaloe.ee\/et\/toode\/infinite-forever-nahapingulduskompleks\/","title":{"rendered":"Infinite by Forever collagen complex &#8211; Nahapingulduskompleks"},"content":{"rendered":"<p><span style=\"color: #999999;\">Ilu algab seestpoolt- \u00f5igest toitumisest. Foreveri esimene ja ainulaadne ilu-toidulisand aitab vananemisprotsessi kontrolli all hoida. Nahka pinguldava kompleksi koostisess kuulub patenditud kantaluubikontsentraadi, f\u00fctogeramiidide ja merekalade kollageeni kooslus , mis niisutab nahka, v\u00e4hendab s\u00fcgavate n\u00e4okortsude moodustumist, pinguldab nahka ja muudab selle elastsemaks.<\/span><\/p>\n<p><span style=\"color: #999999;\">Kood: 556\u00a0 \u00a0 \u00a0 \u00a0 60 tabletti<\/span><\/p>\n","protected":false},"excerpt":{"rendered":"<p><span style=\"color: #999999;\">Foreveri esimene ja ainulaadne ilu-toidulisand aitab vananemisprotsessi kontrolli all hoida.\u00a0<\/span><\/p>\n<p>60 tabletti<\/p>\n<p><span style=\"color: #999999;\">Kood: 556\u00a0 \u00a0\u00a0<\/span><\/p>\n","protected":false},"featured_media":3634,"template":"","meta":[],"product_brand":[],"product_cat":[170],"product_tag":[],"class_list":{"0":"post-3633","1":"product","2":"type-product","3":"status-publish","4":"has-post-thumbnail","6":"product_cat-eksklusiivsed-tooted","8":"first","9":"instock","10":"taxable","11":"shipping-taxable","12":"purchasable","13":"product-type-simple"},"jetpack_sharing_enabled":true,"_links":{"self":[{"href":"https:\/\/aaloe.ee\/et\/wp-json\/wp\/v2\/product\/3633","targetHints":{"allow":["GET"]}}],"collection":[{"href":"https:\/\/aaloe.ee\/et\/wp-json\/wp\/v2\/product"}],"about":[{"href":"https:\/\/aaloe.ee\/et\/wp-json\/wp\/v2\/types\/product"}],"wp:featuredmedia":[{"embeddable":true,"href":"https:\/\/aaloe.ee\/et\/wp-json\/wp\/v2\/media\/3634"}],"wp:attachment":[{"href":"https:\/\/aaloe.ee\/et\/wp-json\/wp\/v2\/media?parent=3633"}],"wp:term":[{"taxonomy":"product_brand","embeddable":true,"href":"https:\/\/aaloe.ee\/et\/wp-json\/wp\/v2\/product_brand?post=3633"},{"taxonomy":"product_cat","embeddable":true,"href":"https:\/\/aaloe.ee\/et\/wp-json\/wp\/v2\/product_cat?post=3633"},{"taxonomy":"product_tag","embeddable":true,"href":"https:\/\/aaloe.ee\/et\/wp-json\/wp\/v2\/product_tag?post=3633"}],"curies":[{"name":"wp","href":"https:\/\/api.w.org\/{rel}","templated":true}]}}