{"id":3629,"date":"2018-02-15T20:28:35","date_gmt":"2018-02-15T18:28:35","guid":{"rendered":"http:\/\/aaloe.ee\/et\/?post_type=product&#038;p=3629"},"modified":"2025-04-02T00:06:00","modified_gmt":"2025-04-01T21:06:00","slug":"infinite-forever-pinguldav-seerum","status":"publish","type":"product","link":"https:\/\/aaloe.ee\/et\/toode\/infinite-forever-pinguldav-seerum\/","title":{"rendered":"Infinite by Forever &#8211; Pinguldav seerum"},"content":{"rendered":"<h2><span style=\"color: #99cc00;\">Pinguldav seerum<\/span><\/h2>\n<p><span style=\"color: #999999;\">&#8211; L\u00f5hnatu.<\/span><br \/>\n<span style=\"color: #999999;\">&#8211; Kliiniliselt testitud p\u00f6\u00f6rdelise koostisainega.<\/span><br \/>\n<span style=\"color: #999999;\">&#8211; Pinguldab nahka ja v\u00e4hendab kortsude teket.<\/span><br \/>\n<span style=\"color: #999999;\">&#8211; Aitab s\u00e4ilitada kollageeni normaalse s\u00fcnteesi ja \u00fchtlustab naha jumet.<\/span><\/p>\n<p><span style=\"color: #999999;\">Seda eesrindlikku toodet valmistatakse kliiniliselt testitud koostisainega trifluoratset\u00fc\u00fcltripeptiid-2, mis v\u00f5imendab aaloe t\u00f5husust.\u00a0Kliinilised uuringud on n\u00e4idanud, et see koostisosa parandab silmn\u00e4htavalt naha elastsust. Pealegi v\u00f5itleb see progeriiniga \u2013 toksilise valguga, mida vanusega juurde tuleb ja mis on nahale kahjulik. Nahas loomulikult toimuvaid protsesse imiteerides pinguldab see kolme aminohappe peptiid nahka ja v\u00e4hendab kortsude teket.<\/span><\/p>\n<p><span style=\"color: #999999;\">See koostisaine v\u00f5iks ka \u00fcksi olla iseseisev toode, kuid me oleme siit edasi l\u00e4inud. Pinguldava seerumi koostises on veel h\u00fcdrol\u00fc\u00fcsitud naatriumh\u00fcaluronaati \u2013 looduslikku niisutajat, mis turgutab nahka ja aitab niiskustaset s\u00e4ilitada, et aaloe rahustav ja pinguldav m\u00f5ju avalduks optimaalselt. P\u00e4rmiekstrakt toetab kollageeni s\u00fcnteesi ja naha loomulikku kaitsefunktsiooni, et nahal oleks \u00fchtlasem jume. Vadakuvalgud v\u00e4rskendavad, siluvad ja pinguldavad nahka ning muudavad selle lopsakamaks.<\/span><br \/>\n<span style=\"color: #999999;\">See mitmete suurep\u00e4raste koostisainetega seerum on nahahooldusspetsialistide unistus, mis \u00fchendab endas looduse j\u00f5u ja teaduse uusimad avastused, et kinkida teile kaunim v\u00e4limus ja parem enesetunne.<\/span><\/p>\n<p><span style=\"color: #999999;\">Pinguldav seerum sisaldab kliiniliselt kontrollitud vananemisvastast kolme aminohappe peptiidi, mis j\u00e4ljendab naha loomulikke protsess ja suurendab n\u00fcnda naha elastsust. Peale selle kuuluvad seerumi koostisesse t\u00f5husad looduslikud koostisained ja meie patenditud\u00a0 aaloe, mis \u00fcheskoos niisutavad, tasandavad\u00a0 ja pinguldavad nahka ning muudavad selle elastsemaks, et nahk n\u00e4eks nooruslikum v\u00e4lja.<\/span><\/p>\n<p><span style=\"color: #999999;\"><strong>KASUTAMINE:<\/strong> vajutage dosaatorit ja kandke n\u00e4onahale\u00a0\u00f5rnade, ent kiirete pikiliigutustega. Parima tulemuse\u00a0saavutamiseks kandke toodet (\u00fche dosaatorivajutuse jagu)\u00a0ka kaelanahale suunaga \u00fclespoole l\u00f5ua suunas, et anda\u00a0nahale nooruslik v\u00e4limus. Kasutage hommikul ja \u00f5htul\u00a0eelnevalt puhastatud nahal.<\/span><\/p>\n<p><span style=\"color: #999999;\">30ml<\/span><\/p>\n<p><span style=\"color: #999999;\">Kood : 555<\/span><\/p>\n","protected":false},"excerpt":{"rendered":"<p><span style=\"color: #999999;\">\u00a0Seerum\u00a0pinguldab nahka ning muudab selle elastsemaks, et nahk n\u00e4eks nooruslikum v\u00e4lja.<\/span><\/p>\n<p><span style=\"color: #999999;\">30ml<\/span><\/p>\n<p><span style=\"color: #999999;\">Kood 555\u00a0 \u00a0 \u00a0\u00a0<\/span><\/p>\n","protected":false},"featured_media":3630,"template":"","meta":[],"product_brand":[],"product_cat":[170],"product_tag":[],"class_list":{"0":"post-3629","1":"product","2":"type-product","3":"status-publish","4":"has-post-thumbnail","6":"product_cat-eksklusiivsed-tooted","8":"first","9":"instock","10":"taxable","11":"shipping-taxable","12":"purchasable","13":"product-type-simple"},"jetpack_sharing_enabled":true,"_links":{"self":[{"href":"https:\/\/aaloe.ee\/et\/wp-json\/wp\/v2\/product\/3629","targetHints":{"allow":["GET"]}}],"collection":[{"href":"https:\/\/aaloe.ee\/et\/wp-json\/wp\/v2\/product"}],"about":[{"href":"https:\/\/aaloe.ee\/et\/wp-json\/wp\/v2\/types\/product"}],"wp:featuredmedia":[{"embeddable":true,"href":"https:\/\/aaloe.ee\/et\/wp-json\/wp\/v2\/media\/3630"}],"wp:attachment":[{"href":"https:\/\/aaloe.ee\/et\/wp-json\/wp\/v2\/media?parent=3629"}],"wp:term":[{"taxonomy":"product_brand","embeddable":true,"href":"https:\/\/aaloe.ee\/et\/wp-json\/wp\/v2\/product_brand?post=3629"},{"taxonomy":"product_cat","embeddable":true,"href":"https:\/\/aaloe.ee\/et\/wp-json\/wp\/v2\/product_cat?post=3629"},{"taxonomy":"product_tag","embeddable":true,"href":"https:\/\/aaloe.ee\/et\/wp-json\/wp\/v2\/product_tag?post=3629"}],"curies":[{"name":"wp","href":"https:\/\/api.w.org\/{rel}","templated":true}]}}