{"id":3623,"date":"2018-02-15T19:06:21","date_gmt":"2018-02-15T17:06:21","guid":{"rendered":"http:\/\/aaloe.ee\/et\/?post_type=product&#038;p=3623"},"modified":"2025-04-02T00:07:17","modified_gmt":"2025-04-01T21:07:17","slug":"taastav-kreem","status":"publish","type":"product","link":"https:\/\/aaloe.ee\/et\/toode\/taastav-kreem\/","title":{"rendered":"Infinite by Forever &#8211; Taastav kreem"},"content":{"rendered":"<h2><span style=\"color: #99cc00;\">Taastav kreem<\/span><\/h2>\n<p><span style=\"color: #999999;\">Kiiresti imenduva niisutava ja siluva taastuskreemi koostises on rohkem kui 15 nahka turgutavat koostisainet. Taastava kreemi loomisel on tuginetud nahahooldusteaduseuusimatele avastustele. Selle koostises on aaloed , palju antioks\u00fcdante sisaldavaid assai marju, granaat\u00f5una ja vananemist pidurdavaid eeterlikke \u00f5lisid, mis taastavad ja v\u00e4rskendavad kuivanud nahka.\u00a0<\/span><\/p>\n<p><span style=\"color: #999999;\">Kas pole mitte suurep\u00e4rane l\u00f5pul\u00f6\u00f6k vananemise vastu?<\/span><\/p>\n<p><span style=\"color: #999999;\">Kood : 558\u00a0 \u00a0 \u00a0 \u00a0 \u00a0 \u00a0 \u00a0 \u00a0 \u00a0 \u00a0Kogus:\u00a0 48,2g<\/span><\/p>\n<p>&nbsp;<\/p>\n<p>&nbsp;<\/p>\n","protected":false},"excerpt":{"rendered":"<p><span style=\"color: #99cc00;\">Uudne nahahoolduss\u00fcsteem<\/span><br \/>\n<span style=\"color: #999999;\">Taastava kreemi loomisel on tuginetud nahahooldusteaduse uusimatele avastustele. Selle koostises\u00a0<span class=\"text_exposed_show\">on aaloed, palju antioks\u00fcdante sisaldavaid assai marju, granaat\u00f5una ja vananemist pidurdavaid eeterlikke \u00f5lisid, mis taastavad ja v\u00e4rskendavad kuivanud nahka.<\/span><\/span><\/p>\n<p><span style=\"color: #999999;\">kood: 558\u00a0 \u00a0 \u00a0 \u00a0 \u00a048,2g<\/span><\/p>\n","protected":false},"featured_media":3624,"template":"","meta":[],"product_brand":[],"product_cat":[170],"product_tag":[],"class_list":{"0":"post-3623","1":"product","2":"type-product","3":"status-publish","4":"has-post-thumbnail","6":"product_cat-eksklusiivsed-tooted","8":"first","9":"instock","10":"taxable","11":"shipping-taxable","12":"purchasable","13":"product-type-simple"},"jetpack_sharing_enabled":true,"_links":{"self":[{"href":"https:\/\/aaloe.ee\/et\/wp-json\/wp\/v2\/product\/3623","targetHints":{"allow":["GET"]}}],"collection":[{"href":"https:\/\/aaloe.ee\/et\/wp-json\/wp\/v2\/product"}],"about":[{"href":"https:\/\/aaloe.ee\/et\/wp-json\/wp\/v2\/types\/product"}],"wp:featuredmedia":[{"embeddable":true,"href":"https:\/\/aaloe.ee\/et\/wp-json\/wp\/v2\/media\/3624"}],"wp:attachment":[{"href":"https:\/\/aaloe.ee\/et\/wp-json\/wp\/v2\/media?parent=3623"}],"wp:term":[{"taxonomy":"product_brand","embeddable":true,"href":"https:\/\/aaloe.ee\/et\/wp-json\/wp\/v2\/product_brand?post=3623"},{"taxonomy":"product_cat","embeddable":true,"href":"https:\/\/aaloe.ee\/et\/wp-json\/wp\/v2\/product_cat?post=3623"},{"taxonomy":"product_tag","embeddable":true,"href":"https:\/\/aaloe.ee\/et\/wp-json\/wp\/v2\/product_tag?post=3623"}],"curies":[{"name":"wp","href":"https:\/\/api.w.org\/{rel}","templated":true}]}}