{"id":3620,"date":"2018-02-15T18:52:43","date_gmt":"2018-02-15T16:52:43","guid":{"rendered":"http:\/\/aaloe.ee\/et\/?post_type=product&#038;p=3620"},"modified":"2025-04-02T00:08:32","modified_gmt":"2025-04-01T21:08:32","slug":"infinite-by-forever","status":"publish","type":"product","link":"https:\/\/aaloe.ee\/et\/toode\/infinite-by-forever\/","title":{"rendered":"Infinite by Forever &#8211; Uudne nahahoolduss\u00fcsteem"},"content":{"rendered":"<h2><span style=\"color: #99cc00;\">Infinite by Forever\u2122 <\/span><\/h2>\n<p><span style=\"color: #999999;\">Uudne nahahoolduss\u00fcsteem<\/span><\/p>\n<div id=\"id_5af197a07fe403508440048\" class=\"text_exposed_root text_exposed\"><span style=\"color: #999999;\">UUS! Vananemisvastane nahahoolduskomplekt. Infinite uudsesse peptiididega nahahoolduss\u00fcsteemi komplekti kuulub 4 toodet:<\/span><br \/>\n<span style=\"color: #999999;\">Infinite by Foreveri loomisel on meie spetsialistid kasutusele v\u00f5tnud peptiidid, looduslikud mineraalid,<\/span><br \/>\n<span style=\"color: #999999;\">taimeekstraktid, k\u00f5rbetaimed ja nahahoolduse uusimad teadusavastused, mis mitte \u00fcksnes ei t\u00e4ienda aaloed, vaid t\u00f5epoolest suurendavad selle efektiivsust ja aitavad selle kasulikel omadustel paremini esile tulla.<\/span><span style=\"color: #999999;\">Need tooted t\u00e4iendavad \u00fcksteist, et tagada \u00fclit\u00f5hus nahahooldus, mis aitab v\u00e4hendada kortsude teket, silub nahka, toidab seda seestpoolt ning muudab v\u00e4ljastpoolt ilusamaks. Infinite by Foreveri abil on erinevus nii n\u00e4htav kui ka tuntav.<\/span><span style=\"color: #999999;\"><strong>Niisutav puhasti<\/strong><\/span><br \/>\n<span style=\"color: #999999;\">Kasutus: puhastage n\u00e4o- ja kaelanahka kaks korda p\u00e4evas (hommikul ja \u00f5htul).<\/span><br \/>\n<span style=\"color: #999999;\"><strong>Nahapingulduskompleks<\/strong><\/span><br \/>\n<span style=\"color: #999999;\">Tarvitamine: v\u00f5tke hommikul kaks tabletti.<\/span><br \/>\n<span style=\"color: #999999;\"><strong>Pinguldav seerum<\/strong><\/span><br \/>\n<span style=\"color: #999999;\">Kasutus: kandke kaks korda p\u00e4evas (hommikul ja \u00f5htul) puhastatud n\u00e4o- ja kaelanahale.<\/span><br \/>\n<span style=\"color: #999999;\"><strong>Taastav kreem<\/strong><\/span><br \/>\n<span style=\"color: #999999;\">Kasutus: kandke nahale kaks korda p\u00e4evas (hommikul ja \u00f5htul) p\u00e4rast pinguldavat seerumit infinite.<\/span><span style=\"color: #999999;\"><span class=\"text_exposed_show\">Komplekti hind kokku on 160.95\u20ac.<br \/>\nTooted on saadaval ka \u00fcksikuna.<\/span><\/span><\/div>\n<div>&#8216;<\/div>\n<div><strong><span style=\"color: #99cc00;\">Tootekataloog :\u00a0<span style=\"color: #ff9900;\"><a style=\"color: #ff9900;\" href=\"http:\/\/aaloe.ee\/wp-content\/uploads\/2018\/02\/FLP-Infinite.pdf\">FLP-Infinite<\/a><\/span><\/span><\/strong><\/div>\n<div id=\"fbPhotoSnowliftCTMButton\"><\/div>\n<div id=\"fbPhotoSnowliftProductsTagList\" class=\"pts fbPhotoProductsTagList\"><\/div>\n<div id=\"fbPhotoSnowliftProductTags\" class=\"fbPhotoProductTags\"><\/div>\n","protected":false},"excerpt":{"rendered":"<p><strong><span style=\"color: #99cc00;\">Te ehk arvate, et juba tunnete aaloe v\u00e4ge? Aga aaloe toime ei ole veel kunagi olnud nii tugev!<\/span><\/strong><\/p>\n<p><span style=\"color: #999999;\">Uudne nahahoolduss\u00fcsteem. See komplekt koosneb \u00fcliefektiivsetest toodetest, mis niisutavad, p\u00e4rsivad peenemate ja s\u00fcgavamate kortsude teket ning aitavad kollageeni tootmise normaalsena hoida, et saaksite kenam v\u00e4lja n\u00e4ha ja end paremini tunda.<\/span><\/p>\n<p><span style=\"color: #999999;\">Kood : 553<\/span><\/p>\n","protected":false},"featured_media":5770,"template":"","meta":[],"product_brand":[],"product_cat":[170],"product_tag":[],"class_list":{"0":"post-3620","1":"product","2":"type-product","3":"status-publish","4":"has-post-thumbnail","6":"product_cat-eksklusiivsed-tooted","8":"first","9":"instock","10":"taxable","11":"shipping-taxable","12":"purchasable","13":"product-type-simple"},"jetpack_sharing_enabled":true,"_links":{"self":[{"href":"https:\/\/aaloe.ee\/et\/wp-json\/wp\/v2\/product\/3620","targetHints":{"allow":["GET"]}}],"collection":[{"href":"https:\/\/aaloe.ee\/et\/wp-json\/wp\/v2\/product"}],"about":[{"href":"https:\/\/aaloe.ee\/et\/wp-json\/wp\/v2\/types\/product"}],"wp:featuredmedia":[{"embeddable":true,"href":"https:\/\/aaloe.ee\/et\/wp-json\/wp\/v2\/media\/5770"}],"wp:attachment":[{"href":"https:\/\/aaloe.ee\/et\/wp-json\/wp\/v2\/media?parent=3620"}],"wp:term":[{"taxonomy":"product_brand","embeddable":true,"href":"https:\/\/aaloe.ee\/et\/wp-json\/wp\/v2\/product_brand?post=3620"},{"taxonomy":"product_cat","embeddable":true,"href":"https:\/\/aaloe.ee\/et\/wp-json\/wp\/v2\/product_cat?post=3620"},{"taxonomy":"product_tag","embeddable":true,"href":"https:\/\/aaloe.ee\/et\/wp-json\/wp\/v2\/product_tag?post=3620"}],"curies":[{"name":"wp","href":"https:\/\/api.w.org\/{rel}","templated":true}]}}