{"id":359,"date":"2014-11-23T20:40:49","date_gmt":"2014-11-23T18:40:49","guid":{"rendered":"http:\/\/aaloe.ee\/?post_type=product&#038;p=359"},"modified":"2025-11-19T23:20:57","modified_gmt":"2025-11-19T21:20:57","slug":"forever-caltcium","status":"publish","type":"product","link":"https:\/\/aaloe.ee\/et\/toode\/forever-caltcium\/","title":{"rendered":"Forever Caltcium &#8211; Kaltsium"},"content":{"rendered":"<h3><span style=\"color: #99cc00;\">Forever Caltcium\u2122 <\/span><\/h3>\n<h3 align=\"LEFT\"><span style=\"color: #ff9900;\">Kaltsium (tsitraadi kujul) D-vitamiini ja magneesiumiga<\/span><\/h3>\n<p style=\"text-align: justify;\"><span style=\"color: #999999;\">Teaduslikud uuringud on\u00a0n\u00e4idanud, et mida vanemaks\u00a0inimene saab, seda v\u00e4hem\u00a0omastab tema organism\u00a0kaltsiumi. T\u00e4iskasvanu suudab\u00a0toidust omastada kuni 60%\u00a0v\u00e4hem kaltsiumi kui laps. Mida\u00a0teha, et luud ja hambad p\u00fcsiksid\u00a0terved?\u00a0Kui tahame olla terved, peame\u00a0oma keha eest hoolitsema\u00a0seestpoolt. Uuendatud \u201eForever\u00a0Calcium\u2122\u201c sisaldab \u00f5igesti\u00a0tasakaalustatud koguses\u00a0kaltsiumi, magneesiumi, tsinki,\u00a0mangaani, vaske ning C- ja\u00a0D-vitamiini, mis aitavad luude\u00a0siseehituse ja talitluse korras\u00a0hoida. \u201eForever\u201c t\u00f5husamad\u00a0kaltsiumivormid stimuleerivad\u00a0paremini luukoe kasvu ja p\u00fcsivad\u00a0kauem vereringes\u00fcsteemis.\u00a0Peale selle koosneb \u201eForever\u00a0Calcium\u2122\u201c mineraalikompleks\u00a0v\u00e4iksematest ja kergemini\u00a0imenduvatest osakestest.\u00a0Uuendatud \u201eForever\u00a0Calcium\u2122\u201c sisaldab kaltsiumi\u00a0ja muid mineraale efektiivsemal\u00a0kujul, mida organism imendab\u00a0ja omastab maksimaalselt.\u00a0Kaltsiumipuuduse v\u00e4ltimiseks\u00a0tuleb tarvitada t\u00e4isv\u00e4\u00e4rtuslikku\u00a0toidulisandit.\u00a0\u201eForever Calcium\u2122\u201c v\u00f5ite olla\u00a0kindel, et olete valinud parima\u00a0kvaliteediga toitained, mis teie\u00a0tervist hoiavad. \u00a0<\/span><\/p>\n<p style=\"text-align: justify;\"><span style=\"color: #999999;\"> D-vitamiin ja magneesium aitavad organismil paremini kaltsiumi omastada. \u00dches tabletis on 250mg kaltsiumi. Neli tabletti p\u00e4evas on lihtne ja t\u00f5hus viis varustada organismi sellise kaltsiumikogusega, et hoida luud tervete ja tugevatena.<\/span><\/p>\n<p><span style=\"color: #999999;\">90 tabletti<\/span><\/p>\n<p><span style=\"color: #999999;\">Kood : 206<\/span><\/p>\n<h4><span style=\"color: #999999;\">Lae endale toote lisainfo PDF failina:<\/span><strong> <span style=\"color: #99cc00;\"><a style=\"color: #99cc00;\" href=\"http:\/\/aaloe.ee\/wp-content\/uploads\/2014\/11\/Kood-206.pdf\">\u00a0<\/a><\/span><\/strong><span style=\"color: #99cc00;\"><a style=\"color: #99cc00;\" href=\"http:\/\/aaloe.ee\/wp-content\/uploads\/2014\/11\/Kood-206.pdf\">Forever Caltcium\u2122<\/a><\/span><\/h4>\n<p>&nbsp;<\/p>\n","protected":false},"excerpt":{"rendered":"<div>\n<h3 align=\"LEFT\"><span style=\"color: #99cc00;\">Kaltsium (tsitraadi kujul) D-vitamiini ja magneesiumiga<\/span><\/h3>\n<p class=\"intro variant a1Pd0000002JUJIEA4\"><span style=\"color: #999999;\">Vanusega h\u00e4\u00e4bub organismi v\u00f5ime omastada kaltsiumi. Seda aitab t\u00f5kestada uuendatud Forever Calcium\u2122, mis sisaldab kaltsiumi ja muid mineraale efektiivsemal kujul, mida organism imendab ja omastab maksimaalselt.<\/span><\/p>\n<p class=\"variant a1Pd0000002JUJIEA4\"><span style=\"color: #999999;\">Forever Calcium\u2122\u2018iga v\u00f5ite olla kindel, et olete valinud parima kvaliteediga toitained.<\/span><\/p>\n<\/div>\n<div>\n<div class=\"price variant a1Pd0000002JUJIEA4\"><span style=\"color: #999999;\">KOGUS: 90 tabletti.<\/span><\/div>\n<div class=\"price variant a1Pd0000002JUJIEA4\"><span style=\"color: #999999;\">KOOD: 206<\/span><\/div>\n<\/div>\n","protected":false},"featured_media":4127,"template":"","meta":[],"product_brand":[],"product_cat":[15],"product_tag":[],"class_list":{"0":"post-359","1":"product","2":"type-product","3":"status-publish","4":"has-post-thumbnail","6":"product_cat-toidulisandid","8":"first","9":"instock","10":"taxable","11":"shipping-taxable","12":"purchasable","13":"product-type-simple"},"jetpack_sharing_enabled":true,"_links":{"self":[{"href":"https:\/\/aaloe.ee\/et\/wp-json\/wp\/v2\/product\/359","targetHints":{"allow":["GET"]}}],"collection":[{"href":"https:\/\/aaloe.ee\/et\/wp-json\/wp\/v2\/product"}],"about":[{"href":"https:\/\/aaloe.ee\/et\/wp-json\/wp\/v2\/types\/product"}],"wp:featuredmedia":[{"embeddable":true,"href":"https:\/\/aaloe.ee\/et\/wp-json\/wp\/v2\/media\/4127"}],"wp:attachment":[{"href":"https:\/\/aaloe.ee\/et\/wp-json\/wp\/v2\/media?parent=359"}],"wp:term":[{"taxonomy":"product_brand","embeddable":true,"href":"https:\/\/aaloe.ee\/et\/wp-json\/wp\/v2\/product_brand?post=359"},{"taxonomy":"product_cat","embeddable":true,"href":"https:\/\/aaloe.ee\/et\/wp-json\/wp\/v2\/product_cat?post=359"},{"taxonomy":"product_tag","embeddable":true,"href":"https:\/\/aaloe.ee\/et\/wp-json\/wp\/v2\/product_tag?post=359"}],"curies":[{"name":"wp","href":"https:\/\/api.w.org\/{rel}","templated":true}]}}