{"id":3431,"date":"2017-03-07T15:30:24","date_gmt":"2017-03-07T13:30:24","guid":{"rendered":"http:\/\/aaloe.ee\/et\/?post_type=product&#038;p=3431"},"modified":"2025-10-31T23:56:17","modified_gmt":"2025-10-31T21:56:17","slug":"forever-lite-ultra-sokolaadimaitseline","status":"publish","type":"product","link":"https:\/\/aaloe.ee\/et\/toode\/forever-lite-ultra-sokolaadimaitseline\/","title":{"rendered":"Forever Lite Ultra &#8211; \u0161okolaadimaitseline kokteil"},"content":{"rendered":"<h3><span style=\"color: #99cc00;\">Forever Lite Ultra &#8211; \u0161okolaadimaitseline<\/span><\/h3>\n<p><span style=\"color: #999999;\">Aminoteiiniga Forever Lite Ultra on suurep\u00e4rane lisand teie tervislikule eluviisile. See\u00a0toitainekokteil \u00fchendab endas uut arusaama toitumisest ja uusimaid tehnoloogiaid. Forever Lite Ultra aitab kujundada h\u00e4id toitumisharjumusi ja tervislikku eluviisi.\u00a0<\/span><\/p>\n<p><span style=\"color: #999999;\">Kaks portsu v\u00e4herasvase piimaga tehtud Forever Lite Ultra kokteili p\u00e4evas annab 100% soovitatavast p\u00e4evasest vitamiini- ja mineraalikogusest. Forever Lite Ultra sisaldab 18 aminohapet, sealhulgas primaarstruktuuriga ja hargnenud ahelaga aminohapped. Kokteilis olev aminoteiin kiirendab valkude l\u00f5hustumist ja t\u00f5hustab aminohapete omastamist.<\/span><\/p>\n<p class=\"western\" lang=\"en-US\"><span style=\"color: #999999;\">Forever Lite Ultra kuulub lahutamatult kaalulangetusprogrammi Clean 9. See kokteil ja Clean 9 aitavad teil hoolitseda oma tervise eest ja luua efektiivse optimaalkaalu s\u00e4ilitusprogrammi.<\/span><\/p>\n<p class=\"western\" lang=\"en-US\"><span style=\"color: #999999;\">KASUTAMINE: Segage \u00fcks m\u00f5\u00f5tlusikat\u00e4is pulbrit (kasutage kaasasolevat 25 g lusikat) 300 ml lahja piimaga. Loksutage purki enne igat kasutamist.<\/span><\/p>\n<p class=\"western\" lang=\"en-US\"><span style=\"color: #999999;\">Toode on kantud K\u00f6lni nimistusse. K\u00f6lni nimekirjas on tooted, mida sportlased v\u00f5ivad tarbida, riskimata positiivse dopinguprooviga. Nii saavad sportlased Foreveri tooteid kasutada ilma dopingu-proovi p\u00e4rast muretsemata.<\/span><\/p>\n<p><span style=\"color: #999999;\">KOOD 471<\/span><\/p>\n<p><span style=\"color: #999999;\">Forever Lite Ultra &#8211; \u0161okolaadimaitseline<\/span><\/p>\n","protected":false},"excerpt":{"rendered":"<p><span style=\"color: #999999;\">Suurep\u00e4rane t\u00e4iendus tervislikule toidulauale. Kaks portsjonit lahja piimaga segatud kokteili p\u00e4evas annab 100% soovituslikust p\u00e4evasest vitamiini- ja mineraalinormist.\u00a0Forever Lite Ultra kokteilid aitavad t\u00f5husalt optimaalset kaalu s\u00e4ilitada.<\/span><\/p>\n<p><span style=\"color: #999999;\">390g (15 portsjonit)<\/span><\/p>\n<p><span style=\"color: #999999;\">KOOD:\u00a0 471<\/span><\/p>\n","protected":false},"featured_media":3432,"template":"","meta":[],"product_brand":[],"product_cat":[14],"product_tag":[],"class_list":{"0":"post-3431","1":"product","2":"type-product","3":"status-publish","4":"has-post-thumbnail","6":"product_cat-joogid","8":"first","9":"instock","10":"taxable","11":"shipping-taxable","12":"purchasable","13":"product-type-simple"},"jetpack_sharing_enabled":true,"_links":{"self":[{"href":"https:\/\/aaloe.ee\/et\/wp-json\/wp\/v2\/product\/3431","targetHints":{"allow":["GET"]}}],"collection":[{"href":"https:\/\/aaloe.ee\/et\/wp-json\/wp\/v2\/product"}],"about":[{"href":"https:\/\/aaloe.ee\/et\/wp-json\/wp\/v2\/types\/product"}],"wp:featuredmedia":[{"embeddable":true,"href":"https:\/\/aaloe.ee\/et\/wp-json\/wp\/v2\/media\/3432"}],"wp:attachment":[{"href":"https:\/\/aaloe.ee\/et\/wp-json\/wp\/v2\/media?parent=3431"}],"wp:term":[{"taxonomy":"product_brand","embeddable":true,"href":"https:\/\/aaloe.ee\/et\/wp-json\/wp\/v2\/product_brand?post=3431"},{"taxonomy":"product_cat","embeddable":true,"href":"https:\/\/aaloe.ee\/et\/wp-json\/wp\/v2\/product_cat?post=3431"},{"taxonomy":"product_tag","embeddable":true,"href":"https:\/\/aaloe.ee\/et\/wp-json\/wp\/v2\/product_tag?post=3431"}],"curies":[{"name":"wp","href":"https:\/\/api.w.org\/{rel}","templated":true}]}}