{"id":334,"date":"2014-11-23T20:07:29","date_gmt":"2014-11-23T18:07:29","guid":{"rendered":"http:\/\/aaloe.ee\/?post_type=product&#038;p=334"},"modified":"2025-11-19T22:57:51","modified_gmt":"2025-11-19T20:57:51","slug":"forever-garlic-tyme","status":"publish","type":"product","link":"https:\/\/aaloe.ee\/et\/toode\/forever-garlic-tyme\/","title":{"rendered":"Forever Garlic Tyme &#8211; K\u00fc\u00fcslaugu- t\u00fc\u00fcmiani kapslid"},"content":{"rendered":"<h3><span style=\"color: #99cc00;\">Forever Garlic Tyme\u2122<\/span><\/h3>\n<h3 align=\"LEFT\"><span style=\"color: #ff9900;\">K\u00fc\u00fcslaugu- t\u00fc\u00fcmiani kapslid<\/span><\/h3>\n<p style=\"text-align: justify;\" align=\"LEFT\"><span style=\"color: #999999;\">Tegu on kahe iidsetest aegadest tuntud taime kooslusega. K\u00fc\u00fcslauk t\u00f5hustab rasva muundumist energiaks, samuti on hea antioks\u00fcdant. \u00dches kaplis on 1g k\u00fc\u00fcslaugu kontsentraati ja 50mg t\u00fc\u00fcmianipulbrit.<\/span><\/p>\n<p style=\"text-align: justify;\" align=\"LEFT\"><span style=\"color: #999999;\">Inimesed tarvitanud juba\u00a0tuhandeid aastaid. Isegi Egiptuse\u00a0pap\u00fc\u00fcrustelt aastast 1500 eKr\u00a0on leitud 22 tervistparandavat\u00a0k\u00fc\u00fcslauguretsepti. Selle taime\u00a0kasulikkust tunnustatakse\u00a0t\u00e4naselgi p\u00e4eval.\u00a0K\u00fc\u00fcslauk ja t\u00fc\u00fcmian on kaks\u00a0tugevat antioks\u00fcdanti, mis on\u00a0suurep\u00e4raselt \u00fchildatud Forever\u2019i\u00a0k\u00fc\u00fcslaugu-t\u00fc\u00fcmianikapslites\u00a0\u201eForever Garlic-Thyme\u201c. Need\u00a0v\u00e4ikesed, kergelt neelatavad\u00a0kapslid aitavad tervena p\u00fcsida.\u00a0Uuringud on n\u00e4idanud, et\u00a0k\u00fc\u00fcslauk sisaldab selliseid aineid,\u00a0mis muudavad rasva ainevahetuse\u00a0k\u00e4igus energiaks ja kaitsevad\u00a0organismi vabade radikaalide\u00a0m\u00f5ju eest. K\u00fc\u00fcslaugust eralduv\u00a0aine allitsiin h\u00e4vitab baktereid,\u00a0seeni ja viiruseid. On t\u00f5estatud,\u00a0et ka k\u00fc\u00fcslaugus sisalduvatel\u00a0v\u00e4\u00e4vli\u00fchenditel on kasulikke\u00a0omadusi. K\u00fc\u00fcslauk sisaldab\u00a0immuuns\u00fcsteemi tugevdavat\u00a0germaaniumit, antioks\u00fcdant\u00a0seleeni ja letsitiini, mis aitab\u00a0k\u00f5rvaldada ladestunud rasvu.\u00a0T\u00fc\u00fcmian sisaldab tanniini,\u00a0fenooli ja t\u00fcmooli (saponiine).\u00a0Need on mitte \u00fcksnes tugevad\u00a0antioks\u00fcdandid, vaid kaitsevad\u00a0organismi ka bakterite ja seente\u00a0eest.\u00a0\u201eForever Garlic-Thyme\u201c sisaldab\u00a0kaaliumit, kaltsiumit, B-grupi\u00a0vitamiine ja C-vitamiini.<\/span><\/p>\n<p style=\"text-align: justify;\" align=\"LEFT\"><span style=\"color: #99cc00;\">SOOVITUSLIK\u00a0TARVITAMINE:<\/span> <span style=\"color: #999999;\">\u00fcks kapsel iga\u00a0s\u00f6\u00f6gikorra ajal toidulisandina<\/span><\/p>\n<p><span style=\"color: #999999;\">100 kapslit<\/span><\/p>\n<p><span style=\"color: #999999;\">Kood : 65<\/span><\/p>\n<h4><span style=\"font-size: medium;\"><span style=\"color: #999999;\">Lae endale toote lisainfo PDF failina:<\/span><strong> \u00a0\u00a0<\/strong><span style=\"color: #99cc00;\"><a style=\"color: #99cc00;\" href=\"http:\/\/aaloe.ee\/wp-content\/uploads\/2014\/11\/kood-65.pdf\">Forever Garlic Tyme\u2122<\/a><\/span><strong><br \/>\n<\/strong><\/span><\/h4>\n","protected":false},"excerpt":{"rendered":"<div>\n<h3 class=\"variant a1Pd0000002JUKaEAO\"><span style=\"color: #99cc00;\">K\u00fc\u00fcslaugu-t\u00fc\u00fcmianikapslid<\/span><\/h3>\n<p class=\"intro variant a1Pd0000002JUKaEAO\"><span style=\"color: #999999;\">Tegu on kahe iidsetest aegadest tuntud taime kooslusega. K\u00fc\u00fcslauk t\u00f5hustab rasva muundumist energiaks, samuti on hea antioks\u00fcdant.<\/span><\/p>\n<p class=\"variant a1Pd0000002JUKaEAO\"><span style=\"color: #999999;\">\u00dches kapslis on 1 g k\u00fc\u00fcslaugu kontsentraati ja 50 mg t\u00fc\u00fcmianipulbrit.<\/span><\/p>\n<\/div>\n<div>\n<div class=\"price variant a1Pd0000002JUKaEAO\"><span style=\"color: #999999;\">KOGUS: 100 kapslit<\/span><\/div>\n<div class=\"price variant a1Pd0000002JUKaEAO\"><span style=\"color: #999999;\">KOOD: 065<\/span><\/div>\n<\/div>\n","protected":false},"featured_media":4129,"template":"","meta":[],"product_brand":[],"product_cat":[15],"product_tag":[],"class_list":{"0":"post-334","1":"product","2":"type-product","3":"status-publish","4":"has-post-thumbnail","6":"product_cat-toidulisandid","8":"first","9":"instock","10":"taxable","11":"shipping-taxable","12":"purchasable","13":"product-type-simple"},"jetpack_sharing_enabled":true,"_links":{"self":[{"href":"https:\/\/aaloe.ee\/et\/wp-json\/wp\/v2\/product\/334","targetHints":{"allow":["GET"]}}],"collection":[{"href":"https:\/\/aaloe.ee\/et\/wp-json\/wp\/v2\/product"}],"about":[{"href":"https:\/\/aaloe.ee\/et\/wp-json\/wp\/v2\/types\/product"}],"wp:featuredmedia":[{"embeddable":true,"href":"https:\/\/aaloe.ee\/et\/wp-json\/wp\/v2\/media\/4129"}],"wp:attachment":[{"href":"https:\/\/aaloe.ee\/et\/wp-json\/wp\/v2\/media?parent=334"}],"wp:term":[{"taxonomy":"product_brand","embeddable":true,"href":"https:\/\/aaloe.ee\/et\/wp-json\/wp\/v2\/product_brand?post=334"},{"taxonomy":"product_cat","embeddable":true,"href":"https:\/\/aaloe.ee\/et\/wp-json\/wp\/v2\/product_cat?post=334"},{"taxonomy":"product_tag","embeddable":true,"href":"https:\/\/aaloe.ee\/et\/wp-json\/wp\/v2\/product_tag?post=334"}],"curies":[{"name":"wp","href":"https:\/\/api.w.org\/{rel}","templated":true}]}}