{"id":329,"date":"2014-11-23T20:03:10","date_gmt":"2014-11-23T18:03:10","guid":{"rendered":"http:\/\/aaloe.ee\/?post_type=product&#038;p=329"},"modified":"2025-11-19T23:25:01","modified_gmt":"2025-11-19T21:25:01","slug":"forever-active-ha","status":"publish","type":"product","link":"https:\/\/aaloe.ee\/et\/toode\/forever-active-ha\/","title":{"rendered":"Forever Active HA &#8211; liigestele"},"content":{"rendered":"<h3><span style=\"color: #99cc00;\">+++Forever Active HA\u2122<\/span><\/h3>\n<h3><span style=\"color: #ff9900;\">H\u00fcaluroonhappe, \u00a0kollajuure \u00a0ja \u00a0ingveri\u00f5li \u00a0kapslid<\/span><\/h3>\n<p style=\"text-align: justify;\"><span style=\"color: #999999;\">\u201eForever Active HA\u201c on\u00a0madala molekulaarmassiga\u00a0h\u00fcaluroonhappe, kollajuure\u00a0ja ingveri\u00f5li segu. See on \u00fcks\u00a0t\u00f5husamaid liigeste ja naha toite\u00a0vahendeid.\u00a0H\u00fcaluroonhapet toodab\u00a0organism ise ning kasutab seda\u00a0liigeste \u201em\u00e4\u00e4rimiseks\u201c ja naha\u00a0niisutamiseks. Aja jooksul\u00a0v\u00e4heneb loomulikul teel meie\u00a0organismi h\u00fcaluroonhappetase,\u00a0mist\u00f5ttu muutub nahk\u00a0kortsuliseks, liigesed kuluvad ja\u00a0juuksed kaotavad s\u00e4ra.\u00a0Alles hiljuti oli h\u00fcaluroonhappe\u00a0varusid v\u00f5imalik t\u00e4iendada\u00a0vaid s\u00fcstimise teel, sest\u00a0seedes\u00fcsteem ei olnud v\u00f5imeline\u00a0seda omastama. T\u00e4nu Injuv\u00ae\u00a0protsessile, mille k\u00e4igus\u00a0h\u00fcaluroonhape l\u00f5hustatakse,\u00a0saame seda t\u00e4nap\u00e4eval juba\u00a0kapslite kujul tarvitada.\u00a0\u201eForever Active HA\u201c kapsaites\u00a0sisaldub h\u00fcaluroonhape,\u00a0kollajuur ja ingveri\u00f5li. Hiinas\u00a0on taimedega ravitsejad ingterit\u00a0ja kollajuurt liigeste raviks\u00a0kasutanud juba sadu aastaid.\u00a0Kui tahate olla kui \u201eh\u00e4sti \u00f5litatud\u00a0masinav\u00e4rk\u201c on \u201eForever Active\u00a0HA\u201c just see, mida vajate!<\/span><\/p>\n<p style=\"text-align: justify;\"><span style=\"color: #99cc00;\">SOOVITUSLIK\u00a0TARVITAMINE:<\/span> <span style=\"color: #999999;\">\u00fcks kapsel kaks\u00a0korda p\u00e4evas.<\/span><\/p>\n<p><span style=\"color: #999999;\">60 kapslit<\/span><\/p>\n<p><span style=\"color: #999999;\">Kood : 264<\/span><\/p>\n<h4><span style=\"color: #999999;\">Lae endale toote lisainfo PDF failina: <\/span><strong><span style=\"color: #99cc00;\">\u00a0<\/span><\/strong><span style=\"color: #99cc00;\"><a style=\"color: #99cc00;\" href=\"http:\/\/aaloe.ee\/wp-content\/uploads\/2014\/11\/kood-264.pdf\">Forever Active HA\u2122\u00a0\u00a0<\/a><\/span><\/h4>\n","protected":false},"excerpt":{"rendered":"<div>\n<h3 class=\"variant a1Pd0000002JUIKEA4\"><span style=\"color: #99cc00;\">Forever Active HA<\/span><\/h3>\n<p class=\"intro variant a1Pd0000002JUIKEA4\"><span style=\"color: #999999;\">\u201eForever Active HA\u201c on madala molekulaarmassiga h\u00fcaluroonhappe, kollajuure ja ingveri\u00f5li segu.<\/span><\/p>\n<p class=\"variant a1Pd0000002JUIKEA4\"><span style=\"color: #999999;\">H\u00fcaluroonhappe, kollajuure ja ingveri\u00f5li segu. See on \u00fcks t\u00f5husamaid liigeste ja naha toitevahendeid, mis \u201em\u00e4\u00e4rib\u201c suurep\u00e4raselt liigeseid ja niisutab nahka. Kui tahate olla kui \u201eh\u00e4sti \u00f5litatud auto\u201c, on need kapslid just see, mida vajate!<\/span><\/p>\n<\/div>\n<div>\n<div class=\"price variant a1Pd0000002JUIKEA4\"><span style=\"color: #999999;\">KOGUS: 60 kapslit<\/span><\/div>\n<div class=\"price variant a1Pd0000002JUIKEA4\"><span style=\"color: #999999;\">KOOD: 264<\/span><\/div>\n<\/div>\n","protected":false},"featured_media":4117,"template":"","meta":[],"product_brand":[],"product_cat":[15],"product_tag":[],"class_list":{"0":"post-329","1":"product","2":"type-product","3":"status-publish","4":"has-post-thumbnail","6":"product_cat-toidulisandid","8":"first","9":"instock","10":"taxable","11":"shipping-taxable","12":"purchasable","13":"product-type-simple"},"jetpack_sharing_enabled":true,"_links":{"self":[{"href":"https:\/\/aaloe.ee\/et\/wp-json\/wp\/v2\/product\/329","targetHints":{"allow":["GET"]}}],"collection":[{"href":"https:\/\/aaloe.ee\/et\/wp-json\/wp\/v2\/product"}],"about":[{"href":"https:\/\/aaloe.ee\/et\/wp-json\/wp\/v2\/types\/product"}],"wp:featuredmedia":[{"embeddable":true,"href":"https:\/\/aaloe.ee\/et\/wp-json\/wp\/v2\/media\/4117"}],"wp:attachment":[{"href":"https:\/\/aaloe.ee\/et\/wp-json\/wp\/v2\/media?parent=329"}],"wp:term":[{"taxonomy":"product_brand","embeddable":true,"href":"https:\/\/aaloe.ee\/et\/wp-json\/wp\/v2\/product_brand?post=329"},{"taxonomy":"product_cat","embeddable":true,"href":"https:\/\/aaloe.ee\/et\/wp-json\/wp\/v2\/product_cat?post=329"},{"taxonomy":"product_tag","embeddable":true,"href":"https:\/\/aaloe.ee\/et\/wp-json\/wp\/v2\/product_tag?post=329"}],"curies":[{"name":"wp","href":"https:\/\/api.w.org\/{rel}","templated":true}]}}