{"id":324,"date":"2014-11-23T19:56:21","date_gmt":"2014-11-23T17:56:21","guid":{"rendered":"http:\/\/aaloe.ee\/?post_type=product&#038;p=324"},"modified":"2025-11-19T23:40:44","modified_gmt":"2025-11-19T21:40:44","slug":"forever-immublend","status":"publish","type":"product","link":"https:\/\/aaloe.ee\/et\/toode\/forever-immublend\/","title":{"rendered":"Forever ImmuBlend- immuuns\u00fcsteemile"},"content":{"rendered":"<h3><\/h3>\n<h3><span style=\"color: #99cc00;\">Forever Immublend\u2122<\/span><\/h3>\n<h3 style=\"text-align: justify;\"><span style=\"color: #ff9900;\">Toidulisand immuuns\u00fcsteemi igak\u00fclgseks toetuseks<\/span><\/h3>\n<p style=\"text-align: justify;\"><span style=\"color: #999999;\">\u201eForever Immublend\u201c toetab\u00a0k\u00f5iki immuuns\u00fcsteemi\u00a0funktsioone. Patenditud\u00a0toidulisandi koostisained on\u00a0valitud nii, et iga\u00fcks neist\u00a0tugevdaks immuuns\u00fcsteemi\u00a0teatud talitlust. \u201eForever\u00a0Immublend\u201c paneb meie\u00a0organismi bioloogilise\u00a0kaitses\u00fcsteemi t\u00f6\u00f6le suurimal\u00a0v\u00f5imsusel, t\u00e4nu millele saame\u00a0muretult oma igap\u00e4evaelu elada.\u00a0Immuunsust parandav\u00a0toidulisand sisaldab\u00a0fruktooligosahhariide,\u00a0laktoferiini, leht-kobartorikut\u00a0(maitake-seent), shiitake-seent,\u00a0tsinki ning C- ja D-vitamiini.\u00a0Iga koostisaine panustab meie\u00a0organismi heaolusse isemoodi:<\/span><br \/>\n<span style=\"color: #999999;\">\u2022 fruktooligosahhariidid hoiavad\u00a0seedetrakti probiootiliste\u00a0bakterite taseme normis,<\/span><br \/>\n<span style=\"color: #999999;\">\u2022 laktoferiin toetab immuunrakkude\u00a0tootmist ja aitab\u00a0kasulike bakterite taset seedekulglas\u00a0optimaalsena \u00a0 hoida,<\/span><br \/>\n<span style=\"color: #999999;\">\u2022 maitake- ja shiitake-seened\u00a0toetavad immuunrakkude\u00a0tootmist ja s\u00fcdame veresoonkonna\u00a0talitlust,<\/span><br \/>\n<span style=\"color: #999999;\">\u2022 D-vitamiin tugevdab immuunrakke,<\/span><br \/>\n<span style=\"color: #999999;\">\u2022 C-vitamiin v\u00f5itleb vabade\u00a0radikaalide vastu,<\/span><br \/>\n<span style=\"color: #999999;\">\u2022 tsink v\u00f5itleb vabade radikaalide\u00a0vastu ja toetab immuunrakkude\u00a0tootmist.<\/span><br \/>\n<span style=\"color: #999999;\">Toidulisandi eriline valem\u00a0hoolitseb immuuns\u00fcsteemi\u00a0eest igak\u00fclgselt. See varustab\u00a0immuuns\u00fcsteemi oluliste\u00a0toitainete ja naturaalsete taimsete\u00a0ainetega, mis toetavad \u00fcheskoos\u00a0immuuns\u00fcsteemi funktsioone.<\/span><\/p>\n<p><span style=\"color: #999999;\">60 tabletti<\/span><\/p>\n<p><span style=\"color: #999999;\">Kood : 355<\/span><\/p>\n<h4><span style=\"font-size: medium;\"><span style=\"color: #999999;\">Lae endale toote lisainfo PDF failina :<\/span><span style=\"color: #999999;\">\u00a0<\/span><span style=\"color: #99cc00;\"><a style=\"color: #99cc00;\" href=\"http:\/\/aaloe.ee\/wp-content\/uploads\/2014\/11\/kood-355.pdf\">Forever Immublend\u2122<\/a><\/span><strong><br \/>\n<\/strong><\/span><\/h4>\n","protected":false},"excerpt":{"rendered":"<div>\n<h3 class=\"variant a1Pd0000002JUKPEA4\"><span style=\"color: #99cc00;\">Forever ImmuBlend<\/span><\/h3>\n<p class=\"intro variant a1Pd0000002JUKPEA4\"><span style=\"color: #999999;\">\u201eForever Immublend\u201c toetab k\u00f5iki immuuns\u00fcsteemi funktsioone.<\/span><\/p>\n<p class=\"variant a1Pd0000002JUKPEA4\"><span style=\"color: #999999;\">Toidulisand immuuns\u00fcsteemi igak\u00fclgseks toetuseks. K\u00f5ik patenditud segu koostisosad on valitud nii, et need m\u00f5juksid vastavalt immuuns\u00fcsteemi teatud funktsioonile.<\/span><\/p>\n<\/div>\n<div>\n<div class=\"price variant a1Pd0000002JUKPEA4\"><span style=\"color: #999999;\">KOGUS: 60 tabletti<\/span><\/div>\n<div class=\"price variant a1Pd0000002JUKPEA4\"><span style=\"color: #999999;\">KOOD: 355<\/span><\/div>\n<\/div>\n","protected":false},"featured_media":4119,"template":"","meta":[],"product_brand":[],"product_cat":[15],"product_tag":[],"class_list":{"0":"post-324","1":"product","2":"type-product","3":"status-publish","4":"has-post-thumbnail","6":"product_cat-toidulisandid","8":"first","9":"instock","10":"taxable","11":"shipping-taxable","12":"purchasable","13":"product-type-simple"},"jetpack_sharing_enabled":true,"_links":{"self":[{"href":"https:\/\/aaloe.ee\/et\/wp-json\/wp\/v2\/product\/324","targetHints":{"allow":["GET"]}}],"collection":[{"href":"https:\/\/aaloe.ee\/et\/wp-json\/wp\/v2\/product"}],"about":[{"href":"https:\/\/aaloe.ee\/et\/wp-json\/wp\/v2\/types\/product"}],"wp:featuredmedia":[{"embeddable":true,"href":"https:\/\/aaloe.ee\/et\/wp-json\/wp\/v2\/media\/4119"}],"wp:attachment":[{"href":"https:\/\/aaloe.ee\/et\/wp-json\/wp\/v2\/media?parent=324"}],"wp:term":[{"taxonomy":"product_brand","embeddable":true,"href":"https:\/\/aaloe.ee\/et\/wp-json\/wp\/v2\/product_brand?post=324"},{"taxonomy":"product_cat","embeddable":true,"href":"https:\/\/aaloe.ee\/et\/wp-json\/wp\/v2\/product_cat?post=324"},{"taxonomy":"product_tag","embeddable":true,"href":"https:\/\/aaloe.ee\/et\/wp-json\/wp\/v2\/product_tag?post=324"}],"curies":[{"name":"wp","href":"https:\/\/api.w.org\/{rel}","templated":true}]}}