{"id":315,"date":"2014-11-23T19:48:13","date_gmt":"2014-11-23T17:48:13","guid":{"rendered":"http:\/\/aaloe.ee\/?post_type=product&#038;p=315"},"modified":"2025-11-19T22:48:38","modified_gmt":"2025-11-19T20:48:38","slug":"absorbent-c","status":"publish","type":"product","link":"https:\/\/aaloe.ee\/et\/toode\/absorbent-c\/","title":{"rendered":"Absorbent C"},"content":{"rendered":"<h3><span style=\"color: #99cc00;\">Absorbent- C\u2122<\/span><\/h3>\n<h3 style=\"text-align: justify;\"><span style=\"color: #ff9900;\">C- vitamiini ja kaerakliide segu<\/span><\/h3>\n<p style=\"text-align: justify;\"><span style=\"color: #999999;\">Ainulaadne patenteeritud koostis tagab organismis kogu tabletis sisalduva 60mg C-vitamiini omastamine. See on kiiduv\u00e4\u00e4rt valik neile, kes \u00a0soovivad s\u00e4ilitada \u00a0head tervist.<\/span><\/p>\n<p><span style=\"color: #999999;\">C-vitamiini igap\u00e4evast\u00a0tarvitamist on iidsetest aegadest\u00a0seostatud hea tervisega.\u00a0T\u00e4nap\u00e4eva teadus \u00a0\u00a0annab meile\u00a0selle vitamiini tarvitamiseks\u00a0rohkemgi p\u00f5hjuseid:\u00a0<\/span><br \/>\n<span style=\"color: #999999;\">\u2022 C-vitamiin on tugev antioks\u00fcdant, mis aitab organismi kaitses\u00fcsteemil \u00a0v\u00f5idelda vabalde radikaalide vastu;<\/span><br \/>\n<span style=\"color: #999999;\">\u2022 C-vitamiin on vajalik\u00a0nahale, kuna see t\u00f5hustab\u00a0rakkudevahelise kollageeni\u00a0moodustumist;<\/span><br \/>\n<span style=\"color: #999999;\">\u2022 C-vitamiin on vajalik, et\u00a0sidekoed oleksid terved.<\/span><\/p>\n<p><span style=\"color: #999999;\">Inimorganism ei ole v\u00f5imeline ise C-vitamiini tootma, sellep\u00e4rast peame seda saama toidust. C-vitamiini olulisus organismile on ilmselge. Teaduslikud uuringud kinnitavad, et stress, ravimid ja keskkonnasaaste kulutavad keha C-vitamiini varusid. N\u00e4iteks v\u00f5ib \u00fche sigareti suitsetamine h\u00e4vitada koguni 25 mg C-vitamiini. Selle vitamiini puudus p\u00f5hjustab igemete veritsust ja kapillaaride purunemist. Toidulisand \u201eAbsorbent-C\u201c sisaldab veel kaerakliisid \u2013 \u00fches tabletis on 60 mg C-vitamiini ja 500 mg kaerakliisid. Kaerakliid (h\u00e4stilahustuvad puhastamata kiudained kaerast) aitavad C-vitamiini paremini omastada. Ainulaadse patenditud protsessi abil loodud koostis tagab, et organism omastab k\u00f5ik tabletis sisalduvad 60 mg C-vitamiini. Hea tervise s\u00e4ilitamiseks on toidulisandit \u201eAbsorbent-C\u201c soovitatav tarvitada iga p\u00e4ev.<\/span><\/p>\n<p style=\"text-align: justify;\"><span style=\"color: #999999;\">100 tabletti<\/span><\/p>\n<p style=\"text-align: justify;\"><span style=\"color: #999999;\">Kood : 48<\/span><\/p>\n<h4><span style=\"color: #999999;\">Lae endale toote lisainfo PDF failina:<\/span> <span style=\"color: #99cc00;\"><a style=\"color: #99cc00;\" href=\"http:\/\/aaloe.ee\/wp-content\/uploads\/2014\/11\/kood-48.pdf\">Absorbent- C\u2122<\/a><\/span><\/h4>\n","protected":false},"excerpt":{"rendered":"<div>\n<h3 class=\"variant a1Pd0000002JOhWEAW\"><span style=\"color: #99cc00;\">Forever C-vitamiin<\/span><\/h3>\n<p class=\"intro variant a1Pd0000002JOhWEAW\"><span style=\"color: #999999;\">C-vitamiini igap\u00e4evast tarvitamist on iidsetest aegadest seostatud hea tervisega.<\/span><\/p>\n<p class=\"variant a1Pd0000002JOhWEAW\"><span style=\"color: #999999;\">C-vitamiini ja kaerakliide segu. Ainulaadne patenteeritud koostis tagab organismis kogu tabletis sisalduva 60 mg C-vitamiini omastamise. See on kiiduv\u00e4\u00e4rt valik neile, kes soovivad s\u00e4ilitada head tervist.<\/span><\/p>\n<\/div>\n<div>\n<div class=\"price variant a1Pd0000002JOhWEAW\"><span style=\"color: #999999;\">KOGUS: 100 tabletti (igas tabletis on 60 mg C-vitamiini).<\/span><\/div>\n<div class=\"price variant a1Pd0000002JOhWEAW\"><span style=\"color: #999999;\">KOOD: 048<\/span><\/div>\n<\/div>\n<div class=\"price variant a1Pd0000002JOhWEAW\"><\/div>\n<div class=\"price variant a1Pd0000002JOhWEAW\"><\/div>\n","protected":false},"featured_media":4113,"template":"","meta":[],"product_brand":[],"product_cat":[15],"product_tag":[],"class_list":{"0":"post-315","1":"product","2":"type-product","3":"status-publish","4":"has-post-thumbnail","6":"product_cat-toidulisandid","8":"first","9":"instock","10":"taxable","11":"shipping-taxable","12":"purchasable","13":"product-type-simple"},"jetpack_sharing_enabled":true,"_links":{"self":[{"href":"https:\/\/aaloe.ee\/et\/wp-json\/wp\/v2\/product\/315","targetHints":{"allow":["GET"]}}],"collection":[{"href":"https:\/\/aaloe.ee\/et\/wp-json\/wp\/v2\/product"}],"about":[{"href":"https:\/\/aaloe.ee\/et\/wp-json\/wp\/v2\/types\/product"}],"wp:featuredmedia":[{"embeddable":true,"href":"https:\/\/aaloe.ee\/et\/wp-json\/wp\/v2\/media\/4113"}],"wp:attachment":[{"href":"https:\/\/aaloe.ee\/et\/wp-json\/wp\/v2\/media?parent=315"}],"wp:term":[{"taxonomy":"product_brand","embeddable":true,"href":"https:\/\/aaloe.ee\/et\/wp-json\/wp\/v2\/product_brand?post=315"},{"taxonomy":"product_cat","embeddable":true,"href":"https:\/\/aaloe.ee\/et\/wp-json\/wp\/v2\/product_cat?post=315"},{"taxonomy":"product_tag","embeddable":true,"href":"https:\/\/aaloe.ee\/et\/wp-json\/wp\/v2\/product_tag?post=315"}],"curies":[{"name":"wp","href":"https:\/\/api.w.org\/{rel}","templated":true}]}}