{"id":305,"date":"2014-11-23T19:28:21","date_gmt":"2014-11-23T17:28:21","guid":{"rendered":"http:\/\/aaloe.ee\/?post_type=product&#038;p=305"},"modified":"2025-11-20T00:18:48","modified_gmt":"2025-11-19T22:18:48","slug":"forever-daily-uus","status":"publish","type":"product","link":"https:\/\/aaloe.ee\/et\/toode\/forever-daily-uus\/","title":{"rendered":"Forever Daily &#8211; multivitamiin"},"content":{"rendered":"<h3><span style=\"color: #99cc00;\">Forever Daily\u2122\u00a0 \u00a0&#8211; multivitamiin<\/span><\/h3>\n<p style=\"text-align: justify;\"><span style=\"color: #999999;\">Tegu on uudse toidulisandiga,\u00a0mis sisaldab \u201eForever\u00a0Living\u201c patenditud aaloe\u00a0oligosahhariidide kompleksi\u00a0(AOS). \u201eForever Daily\u2122\u201c\u00a0varustab organismi 55 h\u00e4sti\u00a0tasakaalustatud toitainega\u00a0(sealhulgas t\u00e4htsaimad\u00a0vitamiinid ja mineraalid) ning\u00a0tagab nende toitainete t\u00f5husama\u00a0omastamise ja mineraalide\u00a0j\u00f5udmise organismi teatud\u00a0s\u00fcsteemidesse.\u00a0\u201eForever Daily\u2122\u201c on\u00a0toidulisand, mille koostises\u00a0on optimaalne kogus olulisi\u00a0looduslikke taimset p\u00e4ritolu\u00a0toitaineid, bioflavonoide,\u00a0moodsate tehnoloogiate abil\u00a0t\u00f6\u00f6deldud antioks\u00fcdante ning\u00a0patenditud puu- ja juurviljasegu.\u00a0T\u00e4nu sellele saab organism k\u00f5iki\u00a0vajalikke peamisi ja t\u00e4iendavaid\u00a0mikro- ja makrotoitaineid.\u00a0See eriline toode toidab keha ja\u00a0hoolitseb selle eest: toidulisand\u00a0katab meie igap\u00e4evased\u00a0toitumispuuduj\u00e4\u00e4gid ning aitab\u00a0p\u00fcsida terve ja energilisena.<\/span><\/p>\n<p><span style=\"color: #999999;\">60 tabletti<\/span><\/p>\n<p><span style=\"color: #999999;\">Kood : 439<\/span><\/p>\n<h4><span style=\"font-size: medium;\"><span style=\"color: #999999;\">Lae endale toote lisainfo PDF failina:<\/span><strong><span style=\"color: #99cc00;\">\u00a0<\/span><\/strong><span style=\"color: #99cc00;\"><a style=\"color: #99cc00;\" href=\"http:\/\/aaloe.ee\/wp-content\/uploads\/2014\/11\/kood-439.pdf\">Forever Daily\u2122\u00a0<\/a><\/span><\/span><\/h4>\n<h4><span style=\"color: #ff9900;\"><a style=\"color: #ff9900;\" title=\"Forever Daily\" href=\"https:\/\/www.youtube.com\/watch?feature=player_embedded&amp;v=ERvt8b2wHiQ\" target=\"_blank\" rel=\"noopener\">Vaata videot<\/a><\/span><\/h4>\n","protected":false},"excerpt":{"rendered":"<div>\n<h3 class=\"variant a1Pd0000002JUIyEAO\"><span style=\"color: #99cc00;\">Forever Daily\u2122<\/span><\/h3>\n<p class=\"intro variant a1Pd0000002JUIyEAO\"><span style=\"color: #999999;\">Aaloe oligosahhariidide kompleksiga Forever Daily\u2122 on uuenduslik viis varustada organismi toitainetega. Toode sisaldab 55 suurep\u00e4raselt tasakaalustatud toitainet, mille omastamist t\u00f5hustab aaloe oligosahhariidide kompleks.<\/span><\/p>\n<p class=\"variant a1Pd0000002JUIyEAO\"><span style=\"color: #999999;\">Forever Daily\u2122 koostisosad toimivad s\u00fcnergiliselt ja varustavad organismi k\u00f5ikide vajalike ainetega, t\u00e4nu millele tunneme end energilisema ja tervemana!<\/span><\/p>\n<\/div>\n<div>\n<div class=\"price variant a1Pd0000002JUIyEAO\"><span style=\"color: #999999;\">KOGUS: 60 tabletti.<\/span><\/div>\n<\/div>\n<div class=\"price variant a1Pd0000002JUIyEAO\"><\/div>\n<div class=\"price variant a1Pd0000002JUIyEAO\"><\/div>\n","protected":false},"featured_media":4139,"template":"","meta":[],"product_brand":[],"product_cat":[15],"product_tag":[],"class_list":{"0":"post-305","1":"product","2":"type-product","3":"status-publish","4":"has-post-thumbnail","6":"product_cat-toidulisandid","8":"first","9":"instock","10":"taxable","11":"shipping-taxable","12":"purchasable","13":"product-type-simple"},"jetpack_sharing_enabled":true,"_links":{"self":[{"href":"https:\/\/aaloe.ee\/et\/wp-json\/wp\/v2\/product\/305","targetHints":{"allow":["GET"]}}],"collection":[{"href":"https:\/\/aaloe.ee\/et\/wp-json\/wp\/v2\/product"}],"about":[{"href":"https:\/\/aaloe.ee\/et\/wp-json\/wp\/v2\/types\/product"}],"wp:featuredmedia":[{"embeddable":true,"href":"https:\/\/aaloe.ee\/et\/wp-json\/wp\/v2\/media\/4139"}],"wp:attachment":[{"href":"https:\/\/aaloe.ee\/et\/wp-json\/wp\/v2\/media?parent=305"}],"wp:term":[{"taxonomy":"product_brand","embeddable":true,"href":"https:\/\/aaloe.ee\/et\/wp-json\/wp\/v2\/product_brand?post=305"},{"taxonomy":"product_cat","embeddable":true,"href":"https:\/\/aaloe.ee\/et\/wp-json\/wp\/v2\/product_cat?post=305"},{"taxonomy":"product_tag","embeddable":true,"href":"https:\/\/aaloe.ee\/et\/wp-json\/wp\/v2\/product_tag?post=305"}],"curies":[{"name":"wp","href":"https:\/\/api.w.org\/{rel}","templated":true}]}}