{"id":298,"date":"2014-11-23T18:53:35","date_gmt":"2014-11-23T16:53:35","guid":{"rendered":"http:\/\/aaloe.ee\/?post_type=product&#038;p=298"},"modified":"2025-11-19T23:45:33","modified_gmt":"2025-11-19T21:45:33","slug":"vitalize-mens","status":"publish","type":"product","link":"https:\/\/aaloe.ee\/et\/toode\/vitalize-mens\/","title":{"rendered":"Vitolize Men\u00b4s &#8211; Meeste toidulisand"},"content":{"rendered":"<h3><span style=\"color: #99cc00;\">Vitolize \u2122 Men\u00b4s\u00a0<\/span><\/h3>\n<p><span style=\"color: #999999;\">Iga mees puutub varem v\u00f5i\u00a0hiljem kokku eesn\u00e4\u00e4rmemurega.\u00a0<\/span><span style=\"color: #999999;\">\u201eVitolize \u2122\u201c on loodud\u00a0\u201eForever Pr\u26426\u00ae\u201c baasil, kuid\u00a0<\/span><span style=\"color: #999999;\">see sisaldab rohkem kergesti\u00a0omastatavaid toitaineid ja <\/span><span style=\"color: #999999;\">efektiivseid taimseid koostisosi.<\/span><\/p>\n<p><span style=\"color: #999999;\">Kui tarvitate \u201eVitolize \u2122\u201c,\u00a0toitute tervislikult ja teete\u00a0regulaarselt sporti, p\u00fcsib eesn\u00e4\u00e4re\u00a0tervena. Sellesse ainulaadsesse,\u00a0hoolikalt valmistatud tootesse on\u00a0k\u00e4tketud mitmesuguste t\u00f5husate\u00a0ainete kooslus. Toidulisand\u00a0sisaldab ravimtaimi, vitamiine,\u00a0mineraale ja antioks\u00fcdante, mis\u00a0hoiavad kuseerituse, munandite\u00a0talitluse ja eesn\u00e4\u00e4rme korras.<\/span><br \/>\n<span style=\"color: #999999;\">Patenditud taimesegu<\/span><br \/>\n<span style=\"color: #999999;\">\u201eVitolize \u2122\u201c valmistamisel\u00a0on kasutatud patenditud\u00a0taimesegu, milles on\u00a0oliivi\u00f5li, granaadiekstrakt ja\u00a0k\u00f5rvitsaseemne\u00f5li. Neid taimi\u00a0on juba aastasadu kasutatud\u00a0eesn\u00e4\u00e4rme tervendamiseks.<\/span><\/p>\n<p><span style=\"color: #999999;\">Eriline toitainekooslus<\/span><br \/>\n<span style=\"color: #999999;\">\u201eVitolize \u2122\u201c on just meestele\u00a0loodud toitainesegu, mis\u00a0aitab p\u00fcsida tervena ja hoiab\u00a0eesn\u00e4\u00e4rme talitluse normis.\u00a0Et eesn\u00e4\u00e4re p\u00fcsiks terve, on\u00a0vaja C-, D-, E ja B6-vitamiini.\u00a0Neile vitamiinidele on lisatud\u00a0kaks mineraali: seleen ja tsink.\u00a0Teaduslike uuringutega on\u00a0t\u00f5estatud, et need on eesn\u00e4\u00e4rme\u00a0tervisele v\u00e4ga vajalikud. Lisaks\u00a0sisaldab \u201eVitolize \u2122\u201c t\u00e4pselt nii\u00a0palju l\u00fckopeeni, kui eesn\u00e4\u00e4rme\u00a0optimaalseks talitluseks vaja.<\/span><\/p>\n<div class=\"o-faq__header js-toggle-content js-is-active\" aria-controls=\"ingredients\">\n<h3 class=\"o-faq__title\"><span style=\"color: #ff9900;\">Koostisained<\/span><\/h3>\n<div class=\"o-faq__header-icon\"><span style=\"color: #999999;\">Oliivi\u00f5li (\u00a0<em>Olea europaea<\/em>\u00a0), \u017eelatiin, k\u00f5rvitsaseemne\u00f5li (\u00a0<em>Cucurbita pepo<\/em>\u00a0), niiskuses\u00e4ilitaja (gl\u00fctserool), granaat\u00f5una ekstrakt (\u00a0<em>Punica granatum<\/em>\u00a0), C-vitamiin (askorbiinhape), tsinkgl\u00fckonaat, vesi, stabilisaator (mesilane) (DL-alfa- tokoferool)], emulgaator (\u00a0<strong>sojaletsitiin<\/strong>\u00a0), E-vitamiin [D-alfa-tokoferool,\u00a0<strong>soja\u00f5li<\/strong>\u00a0], paksendaja (jaanileivapuu ekstrakt) (\u00a0<em>Ceratonia siliqua<\/em>)), D-vitamiin [antioks\u00fcdant (naatriumaskorbaat, DL-alfa-tokoferool), paakumisvastane aine (r\u00e4nidioksiid), kolekaltsiferool], vitamiin B6 (p\u00fcridoksiinvesinikkloriid), v\u00e4rvained (suhkru v\u00e4rvaine, ammoniaaksulfitprotsess).\u00a0<\/span><\/div>\n<\/div>\n<div id=\"ingredients\" class=\"o-faq__content js-is-visible\">\n<p><span style=\"color: #999999;\">Allergeenid: vaata\u00a0\u00a0<strong>paksus kirjas<\/strong>\u00a0teksti.<\/span><\/p>\n<div class=\"o-faq__header js-toggle-content js-is-active\" aria-controls=\"nutritionalInformation\">\n<h3 class=\"o-faq__title\"><span style=\"color: #99cc00;\">Toitev\u00e4\u00e4rtus<\/span><\/h3>\n<div class=\"o-faq__header-icon\"><span style=\"color: #999999;\">Toitev\u00e4\u00e4rtus soovitatava p\u00e4evaannuse kohta (2 kapslit):<\/span><\/div>\n<\/div>\n<div id=\"nutritionalInformation\" class=\"o-faq__content js-is-visible\">\n<table border=\"1\" cellspacing=\"1\" cellpadding=\"1\">\n<tbody>\n<tr>\n<td><span style=\"color: #999999;\"><strong>Toitaine<\/strong><\/span><\/td>\n<td><span style=\"color: #999999;\"><strong>2 kapsli sisu<\/strong><\/span><\/td>\n<td><span style=\"color: #999999;\"><strong>% RI*<\/strong><\/span><\/td>\n<\/tr>\n<tr>\n<td><span style=\"color: #999999;\">B6-vitamiini<\/span><\/td>\n<td><span style=\"color: #999999;\">1,4 mg<\/span><\/td>\n<td><span style=\"color: #999999;\">100 %<\/span><\/td>\n<\/tr>\n<tr>\n<td><span style=\"color: #999999;\">C-vitamiini<\/span><\/td>\n<td><span style=\"color: #999999;\">80 mg<\/span><\/td>\n<td><span style=\"color: #999999;\">100 %<\/span><\/td>\n<\/tr>\n<tr>\n<td><span style=\"color: #999999;\">D-vitamiini<\/span><\/td>\n<td><span style=\"color: #999999;\">5 \u03bcg<\/span><\/td>\n<td><span style=\"color: #999999;\">100 %<\/span><\/td>\n<\/tr>\n<tr>\n<td><span style=\"color: #999999;\">E-vitamiini<\/span><\/td>\n<td><span style=\"color: #999999;\">12 mg<\/span><\/td>\n<td><span style=\"color: #999999;\">100 %<\/span><\/td>\n<\/tr>\n<tr>\n<td><span style=\"color: #999999;\">Tsink<\/span><\/td>\n<td><span style=\"color: #999999;\">10 mg<\/span><\/td>\n<td><span style=\"color: #999999;\">100 %<\/span><\/td>\n<\/tr>\n<tr>\n<td><span style=\"color: #999999;\">Seleeni<\/span><\/td>\n<td><span style=\"color: #999999;\">55 \u03bcg<\/span><\/td>\n<td><span style=\"color: #999999;\">100 %<\/span><\/td>\n<\/tr>\n<tr>\n<td><span style=\"color: #999999;\">L\u00fckopeen<\/span><\/td>\n<td><span style=\"color: #999999;\">2,5 mg<\/span><\/td>\n<td><span style=\"color: #999999;\">&#8211;<\/span><\/td>\n<\/tr>\n<tr>\n<td><span style=\"color: #999999;\">Oliivi\u00f5li<\/span><\/td>\n<td><span style=\"color: #999999;\">490 mg<\/span><\/td>\n<td><span style=\"color: #999999;\">&#8211;<\/span><\/td>\n<\/tr>\n<tr>\n<td><span style=\"color: #999999;\">K\u00f5rvitsaseemne\u00f5li<\/span><\/td>\n<td><span style=\"color: #999999;\">250 mg<\/span><\/td>\n<td><span style=\"color: #999999;\">&#8211;<\/span><\/td>\n<\/tr>\n<tr>\n<td><span style=\"color: #999999;\">Granaat\u00f5una ekstrakt<\/span><\/td>\n<td><span style=\"color: #999999;\">150 mg<\/span><\/td>\n<td><span style=\"color: #999999;\">&#8211;<\/span><\/td>\n<\/tr>\n<\/tbody>\n<\/table>\n<p><span style=\"color: #999999;\">*% RI = P\u00e4evase tarbimise v\u00f5rdlusv\u00e4\u00e4rtus<\/span><\/p>\n<div class=\"o-faq__header js-toggle-content js-is-active\" aria-controls=\"instructions\">\n<h3 class=\"o-faq__title\"><span style=\"color: #99cc00;\">Juhised<\/span><\/h3>\n<div class=\"o-faq__header-icon\"><span style=\"color: #999999;\">Soovitatav \u00f6\u00f6p\u00e4evane annus on 2 kapslit p\u00e4evas tervelt koos veega alla neelatuna.<\/span><\/div>\n<\/div>\n<div id=\"instructions\" class=\"o-faq__content js-is-visible\">\n<p><span style=\"color: #999999;\"><em>See toode on toidulisand.\u00a0Soovitatavat \u00f6\u00f6p\u00e4evast annust ei tohi \u00fcletada.\u00a0Toidulisand ei asenda mitmek\u00fclgset ja tasakaalustatud toitumist ega tervislikku eluviisi.\u00a0Hoida lastele k\u00e4ttesaamatus kohas.<\/em><\/span><\/p>\n<\/div>\n<\/div>\n<\/div>\n<h4><span style=\"color: #999999;\">Lae endale toote lisainfo PDF failina:<\/span> <span style=\"color: #99cc00;\">Vitolize \u2122<a style=\"color: #99cc00;\" href=\"http:\/\/aaloe.ee\/wp-content\/uploads\/2014\/11\/kood-374.pdf\"><span style=\"color: #99cc00;\">\u00a0<\/span>Men\u00b4s<\/a><\/span><\/h4>\n<p>&nbsp;<\/p>\n","protected":false},"excerpt":{"rendered":"<div>\n<h3 class=\"intro variant a1Pd0000002JULJEA4\"><span style=\"color: #99cc00;\">Vitolize \u2122 Meeste toidulisand<\/span><\/h3>\n<p class=\"variant a1Pd0000002JULJEA4\"><span style=\"color: #999999;\">Vitolize \u2122 on spetsiaalselt meestele loodud toimeainekooslus, mille vitamiinid, mineraalid, antioks\u00fcdandid ja patenditud taimesegu aitavad p\u00fcsida tervena ja hoiavad eesn\u00e4\u00e4rme talitluse korras.\u00a0\u00a0Sisaldab muuhulgas C-, D-, E- ja B6-vitamiini ning mineraalidest seleeni ja tsinki.<\/span><\/p>\n<\/div>\n<div>\n<div class=\"price variant a1Pd0000002JULJEA4\"><span style=\"color: #999999;\">KOGUS: 60 geelkapslit<\/span><\/div>\n<div class=\"price variant a1Pd0000002JULJEA4\"><span style=\"color: #999999;\">KOOD: 374<\/span><\/div>\n<\/div>\n<div class=\"price variant a1Pd0000002JULJEA4\"><\/div>\n","protected":false},"featured_media":4951,"template":"","meta":[],"product_brand":[],"product_cat":[15],"product_tag":[],"class_list":{"0":"post-298","1":"product","2":"type-product","3":"status-publish","4":"has-post-thumbnail","6":"product_cat-toidulisandid","8":"first","9":"instock","10":"taxable","11":"shipping-taxable","12":"purchasable","13":"product-type-simple"},"jetpack_sharing_enabled":true,"_links":{"self":[{"href":"https:\/\/aaloe.ee\/et\/wp-json\/wp\/v2\/product\/298","targetHints":{"allow":["GET"]}}],"collection":[{"href":"https:\/\/aaloe.ee\/et\/wp-json\/wp\/v2\/product"}],"about":[{"href":"https:\/\/aaloe.ee\/et\/wp-json\/wp\/v2\/types\/product"}],"wp:featuredmedia":[{"embeddable":true,"href":"https:\/\/aaloe.ee\/et\/wp-json\/wp\/v2\/media\/4951"}],"wp:attachment":[{"href":"https:\/\/aaloe.ee\/et\/wp-json\/wp\/v2\/media?parent=298"}],"wp:term":[{"taxonomy":"product_brand","embeddable":true,"href":"https:\/\/aaloe.ee\/et\/wp-json\/wp\/v2\/product_brand?post=298"},{"taxonomy":"product_cat","embeddable":true,"href":"https:\/\/aaloe.ee\/et\/wp-json\/wp\/v2\/product_cat?post=298"},{"taxonomy":"product_tag","embeddable":true,"href":"https:\/\/aaloe.ee\/et\/wp-json\/wp\/v2\/product_tag?post=298"}],"curies":[{"name":"wp","href":"https:\/\/api.w.org\/{rel}","templated":true}]}}