{"id":290,"date":"2014-11-23T17:27:00","date_gmt":"2014-11-23T15:27:00","guid":{"rendered":"http:\/\/aaloe.ee\/?post_type=product&#038;p=290"},"modified":"2026-01-08T22:20:18","modified_gmt":"2026-01-08T20:20:18","slug":"forever-freedom","status":"publish","type":"product","link":"https:\/\/aaloe.ee\/et\/toode\/forever-freedom\/","title":{"rendered":"Forever Freedom &#8211; Aaloenektar Forever Freedom"},"content":{"rendered":"<h3><span style=\"color: #99cc00;\">Forever Freedom<\/span><\/h3>\n<p><span style=\"color: #999999;\">Mahl \u201eForever Freedom\u201c\u00a0leevendab liigeste vananemise\u00a0ja kulumise s\u00fcmptomeid, mida\u00a0tekitavad m\u00f6\u00f6duvad aastad ja\u00a0aktiivne sport.\u00a0\u201eForever Freedom\u201c on\u00a0aaloemahla, gl\u00fckoosamiinsulfaadi, <\/span><span style=\"color: #999999;\">kondro-itiinsulfaadi, MSMi ning\u00a0C- ja E-vitamiini segu.\u00a0Gl\u00fckoosamiinsulfaat ja\u00a0kondroitiinsulfaat on k\u00f5hre-de\u00a0loomulikud koostisained, mis\u00a0kaitsevad k\u00f5hrede struktuuri\u00a0ning tagavad, et need meie\u00a0\u201eamortisaa-torid\u201c oleksid \u00f5igesti\u00a0niisutatud ja liigestes paiknev\u00a0m\u00e4\u00e4rdevedelik oleks vajaliku\u00a0viskoossusega. Vananedes kaotab\u00a0organism v\u00f5ime piisaval hulgal\u00a0toota terveteks liigesteks vajalikke\u00a0elemente.\u00a0MSM on bioloogiliselt\u00a0omastatava v\u00e4\u00e4vli p\u00f5hiallikas,\u00a0mida leidub organismi igas\u00a0rakus. See kaitseb p\u00f5letiku eest.\u00a0C-vitamiin on oluline mis\u00a0tahes laadi paranemiseks\u00a0ning ise\u00e4ranis tarvilik MSMi\u00a0funktsioneerimi-seks.\u00a0Aaloe aitab k\u00f5iki neid liigestele\u00a0vajalikke aineid paremini\u00a0omastada.\u00a0Mahla \u201eForever Freedom\u201c\u00a0soovitatav p\u00e4evakogus (120 ml)\u00a0sisaldab gl\u00fckoosamiinsulfaati\u00a0(1500 mg), kondroitiinsulfaati\u00a0(1200 mg), MSMi (750 mg),\u00a0C-vitamiini (250 mg).\u00a0Mahlas \u201eForever Freedom\u201c\u00a0sisalduvad toitained on saadud\u00a0loo-duslikest ainetest.\u00a0\u201eForever Freedom\u201c on turvaline\u00a0ja t\u00f5hus abi liigestele.<\/span><\/p>\n<p><span style=\"color: #999999;\">SOOVITATAV: 60\u2013120 ml\u00a0(30 ml kaupa kaks korda p\u00e4evas\u00a0v\u00f5i 60 ml kaupa kaks korda p\u00e4evas,\u00a0peale juua vett). Enne tarvitamist\u00a0loksutada. P\u00e4rast avamist hoida\u00a0k\u00fclmkapis.<\/span><\/p>\n<p><span style=\"color: #999999;\"><span style=\"color: #ff9900;\">Lae alla tooteinfo PDF fail:\u00a0<\/span><a style=\"color: #99cc00;\" href=\"http:\/\/aaloe.ee\/wp-content\/uploads\/2014\/11\/kood-196.pdf\">Forever Freedom<\/a><\/span><b><span style=\"color: #99cc00;\">\u00a0\u2122<\/span><\/b><\/p>\n","protected":false},"excerpt":{"rendered":"<h3><span style=\"color: #99cc00;\">Aaloenektar Forever Freedom<\/span><\/h3>\n<p><span style=\"color: #ff9900;\">90,11 % Aloe Verat<\/span><\/p>\n<p style=\"text-align: justify;\"><span style=\"color: #999999;\">Toidulisandis on aaloe looduslikke omadusi t\u00e4iustatud gl\u00fckosamiini, kondroitiini, C-vitamiini ja MSM-iga. See mahl on suurep\u00e4rane viis kaitsta liigeseid kulumise eest. Mahl aitab s\u00e4ilitada liigeste normaalse funktsioneerimise ning toob tagasi elur\u00f5\u00f5mu.<\/span><\/p>\n<p><span style=\"color: #999999;\">Kogus: 1 liiter<\/span><\/p>\n<p><span style=\"color: #999999;\">Kood: 196<\/span><\/p>\n","protected":false},"featured_media":6763,"template":"","meta":[],"product_brand":[],"product_cat":[14],"product_tag":[],"class_list":{"0":"post-290","1":"product","2":"type-product","3":"status-publish","4":"has-post-thumbnail","6":"product_cat-joogid","8":"first","9":"instock","10":"taxable","11":"shipping-taxable","12":"purchasable","13":"product-type-simple"},"jetpack_sharing_enabled":true,"_links":{"self":[{"href":"https:\/\/aaloe.ee\/et\/wp-json\/wp\/v2\/product\/290","targetHints":{"allow":["GET"]}}],"collection":[{"href":"https:\/\/aaloe.ee\/et\/wp-json\/wp\/v2\/product"}],"about":[{"href":"https:\/\/aaloe.ee\/et\/wp-json\/wp\/v2\/types\/product"}],"wp:featuredmedia":[{"embeddable":true,"href":"https:\/\/aaloe.ee\/et\/wp-json\/wp\/v2\/media\/6763"}],"wp:attachment":[{"href":"https:\/\/aaloe.ee\/et\/wp-json\/wp\/v2\/media?parent=290"}],"wp:term":[{"taxonomy":"product_brand","embeddable":true,"href":"https:\/\/aaloe.ee\/et\/wp-json\/wp\/v2\/product_brand?post=290"},{"taxonomy":"product_cat","embeddable":true,"href":"https:\/\/aaloe.ee\/et\/wp-json\/wp\/v2\/product_cat?post=290"},{"taxonomy":"product_tag","embeddable":true,"href":"https:\/\/aaloe.ee\/et\/wp-json\/wp\/v2\/product_tag?post=290"}],"curies":[{"name":"wp","href":"https:\/\/api.w.org\/{rel}","templated":true}]}}