{"id":258,"date":"2014-11-23T13:32:43","date_gmt":"2014-11-23T11:32:43","guid":{"rendered":"http:\/\/aaloe.ee\/?post_type=product&#038;p=258"},"modified":"2025-11-19T23:51:51","modified_gmt":"2025-11-19T21:51:51","slug":"vitalize-womens","status":"publish","type":"product","link":"https:\/\/aaloe.ee\/et\/toode\/vitalize-womens\/","title":{"rendered":"Vitoliz Women\u00b4s &#8211; Naiste toidulisand"},"content":{"rendered":"<h3><span style=\"color: #99cc00;\">Vitolize\u2122 Women\u00b4s<\/span><\/h3>\n<p><span style=\"color: #999999;\">Vaevarikkad PMS s\u00fcmptomid, ebameeldivad aistingud menopausi ajal ja kuseteede talitlush\u00e4ired v\u00f5ivad olla tingitud hormonaalsetest muutustest ja teatud ainete puudusest. \u201eVitolize\u2122\u201c on antioks\u00fcdandirikaste puuviljade, ravimtaimede, vitamiinide ja mineraalide looduslik kooslus, mis on loodud just naiste vajadusi silmas pidades.<\/span><\/p>\n<p><span style=\"color: #999999;\">Patenditud taimesegu<\/span><\/p>\n<p><span style=\"color: #999999;\">\u201eVitolize\u2122\u201c sisaldab patenditud\u00a0taimesegu (\u00f5un, kannatuslille\u00a0\u00f5ied ja hiina sidrunv\u00e4\u00e4ndik).\u00a0Neid taimi on juba aastasadu\u00a0kasutatud hormonaalse tasakaalu\u00a0taastamiseks ja \u00fcldise seisundi\u00a0parandamiseks.\u00a0 \u201eVitolize\u2122\u201c sisaldab\u00a0j\u00f5hvikapulbrit, mille kasu\u00a0tervisele on t\u00f5estatud\u00a0kliiniliste uuringutega. Forever\u00a0Living Products valmistab\u00a0j\u00f5hvikapulbrit patenditud\u00a0meetodil. T\u00e4nu unikaalsele\u00a0tootmisviisile ei h\u00e4vita maomahl\u00a0j\u00f5hvika kasulikke omadusi\u00a0ning toitained j\u00f5uavad edasi\u00a0soolestikku, kus organism need\u00a0<\/span><span style=\"color: #999999;\">v\u00e4hehaaval omastab.\u00a0Eriline toitainekooslus\u00a0\u201eVitolize\u2122\u201c sisaldab ainulaadset,\u00a0just naistele loodud toitainesegu,\u00a0mis aitab terve olla ja hormoonidel\u00a0tasakaalus p\u00fcsida. Hormoonide\u00a0tootmiseks on vaja magneesiumi,\u00a0C- ja B-vitamiini, kuid stress\u00a0ja m\u00f5ningate levinud ravimite\u00a0(sealhulgas rasestumisvastas-te ja\u00a0hormoonasendusravi preparaatide)\u00a0tarvitamine v\u00e4hendab oluliselt\u00a0nende kogust organismis. Need vitamiinid on \u00fchitatud patenditud\u00a0kujul raua ja kaltsiumi \u2013 kahe mineraaliga,\u00a0mis on v\u00e4ga t\u00e4htsad terve\u00a0s\u00fcdame, veresoonte ja luude jaoks.\u00a0Toitainete proportsioonid on suurep\u00e4raselt\u00a0tasakaalus, t\u00e4nu millele\u00a0on nende toime optimaalne.<\/span><\/p>\n<div class=\"o-faq__header js-toggle-content js-is-active\" aria-controls=\"ingredients\">\n<h3 class=\"o-faq__title\"><span style=\"color: #99cc00;\">Koostisained<\/span><\/h3>\n<div class=\"o-faq__header-icon\"><span style=\"color: #999999;\">Stabilisaator (mikrokristalliline tselluloos), karpkalapulber (\u00a0<em>Vaccinium macrocarpon<\/em>\u00a0), magneesium [magneesiumbisgl\u00fctsinaat, magneesiumkarbonaat, happesuse regulaator (sidrunhape)], kaltsiumkarbonaat, stabilisaator (h\u00fcdroks\u00fcprop\u00fc\u00fclmet\u00fc\u00fcltselluloos) D-alfa-tokofer\u00fc\u00fclatsetaat), pinnat\u00f6\u00f6tlusaine [paksendaja ( naatriumkarboks\u00fcmet\u00fc\u00fcltselluloos), dekstriin, dekstroos, keskmise ahelaga trigl\u00fctseriidid, \u00f5unhappe regulaator (maloodiumtsitraat), paakumisvastane aine (r\u00e4nidioksiid), paakumisvastane aine (\u00a0<em>r\u00e4nidioksiid<\/em>\u00a0)], kannatuslillepulber (<em>Passiflora incarnata<\/em>\u00a0), palsamipulber (\u00a0<em>Schizandra chinensis<\/em>\u00a0), raud (raudbisgl\u00fctsinaat), paakumisvastased ained (rasvhapete magneesiumisoolad), D-vitamiin (maisit\u00e4rklis, sahharoos; ), B12-vitamiin (happesuse regulaator (dikaltsiumfosfaat), ts\u00fcanokobalamiin ], foolhape (ptero\u00fc\u00fclmonoglutamiinhape).<\/span><\/div>\n<\/div>\n<div id=\"ingredients\" class=\"o-faq__content js-is-visible\">\n<p><span style=\"color: #999999;\"><em>Juhime t\u00e4helepanu, et toote sisu v\u00f5ib muutuda ja pakendil olev teave kehtib.<\/em><\/span><\/p>\n<div class=\"o-faq__header js-toggle-content js-is-active\" aria-controls=\"nutritionalInformation\">\n<h3 class=\"o-faq__title\"><span style=\"color: #99cc00;\">Toitev\u00e4\u00e4rtus<\/span><\/h3>\n<\/div>\n<div id=\"nutritionalInformation\" class=\"o-faq__content js-is-visible\">\n<p><span style=\"color: #999999;\">Toitev\u00e4\u00e4rtus soovitatava p\u00e4evaannuse kohta (4 tabletti):<\/span><\/p>\n<table border=\"1\" cellspacing=\"1\" cellpadding=\"1\">\n<tbody>\n<tr>\n<td><span style=\"color: #999999;\"><strong>Toitaine<\/strong><\/span><\/td>\n<td><span style=\"color: #999999;\"><strong>4 tabelit.<\/strong><\/span><\/td>\n<td><span style=\"color: #999999;\"><strong>% RI*<\/strong><\/span><\/td>\n<\/tr>\n<tr>\n<td><span style=\"color: #999999;\">B6-vitamiini<\/span><\/td>\n<td><span style=\"color: #999999;\">1,4 mg<\/span><\/td>\n<td><span style=\"color: #999999;\">100 %<\/span><\/td>\n<\/tr>\n<tr>\n<td><span style=\"color: #999999;\">B12-vitamiini<\/span><\/td>\n<td><span style=\"color: #999999;\">2,4 \u03bcg<\/span><\/td>\n<td><span style=\"color: #999999;\">96 %<\/span><\/td>\n<\/tr>\n<tr>\n<td><span style=\"color: #999999;\">C-vitamiini<\/span><\/td>\n<td><span style=\"color: #999999;\">80 mg<\/span><\/td>\n<td><span style=\"color: #999999;\">100 %<\/span><\/td>\n<\/tr>\n<tr>\n<td><span style=\"color: #999999;\">D-vitamiini<\/span><\/td>\n<td><span style=\"color: #999999;\">10 \u03bcg<\/span><\/td>\n<td><span style=\"color: #999999;\">200 %<\/span><\/td>\n<\/tr>\n<tr>\n<td><span style=\"color: #999999;\">E-vitamiini<\/span><\/td>\n<td><span style=\"color: #999999;\">20 mg<\/span><\/td>\n<td><span style=\"color: #999999;\">167 %<\/span><\/td>\n<\/tr>\n<tr>\n<td><span style=\"color: #999999;\">Foolhape<\/span><\/td>\n<td><span style=\"color: #999999;\">200 \u03bcg<\/span><\/td>\n<td><span style=\"color: #999999;\">100 %<\/span><\/td>\n<\/tr>\n<tr>\n<td><span style=\"color: #999999;\">Rauta<\/span><\/td>\n<td><span style=\"color: #999999;\">5 mg<\/span><\/td>\n<td><span style=\"color: #999999;\">36 %<\/span><\/td>\n<\/tr>\n<tr>\n<td><span style=\"color: #999999;\">Kaltsium<\/span><\/td>\n<td><span style=\"color: #999999;\">120 mg<\/span><\/td>\n<td><span style=\"color: #999999;\">15 %<\/span><\/td>\n<\/tr>\n<tr>\n<td><span style=\"color: #999999;\">Magneesium<\/span><\/td>\n<td><span style=\"color: #999999;\">60 mg<\/span><\/td>\n<td><span style=\"color: #999999;\">16 %<\/span><\/td>\n<\/tr>\n<tr>\n<td><span style=\"color: #999999;\">Puuviljade ja \u00fcrtide segu**<\/span><\/td>\n<td><span style=\"color: #999999;\">580 mg<\/span><\/td>\n<td><span style=\"color: #999999;\">&#8211;<\/span><\/td>\n<\/tr>\n<\/tbody>\n<\/table>\n<p><span style=\"color: #999999;\">\u00a0*% RI = P\u00e4evase tarbimise v\u00f5rdlusv\u00e4\u00e4rtus<\/span><\/p>\n<p><span style=\"color: #999999;\">** Sisaldab j\u00f5hvikat, \u00f5una, kannatuslille ja skisandrat<\/span><\/p>\n<h4><span style=\"color: #99cc00;\">Kasutamine<\/span><\/h4>\n<p><span style=\"color: #999999;\">Soovitatav p\u00e4evane annus: 4 tabletti<\/span><\/p>\n<p><span style=\"color: #999999;\"><em>See toode on toidulisand.\u00a0Soovitatavat \u00f6\u00f6p\u00e4evast annust ei tohi \u00fcletada.\u00a0Toidulisand ei asenda mitmek\u00fclgset ja tasakaalustatud toitumist ega tervislikku eluviisi.\u00a0Hoida lastele k\u00e4ttesaamatus kohas.<\/em><\/span><\/p>\n<p><span style=\"color: #999999;\">Lae endale toote lisainfo PDF failina: <\/span><span style=\"color: #008000;\"><span style=\"color: #99cc00;\"><strong><a style=\"color: #99cc00;\" href=\"http:\/\/aaloe.ee\/wp-content\/uploads\/2014\/11\/kood-375.pdf\"> Vitolize\u2122<\/a><\/strong><a style=\"color: #99cc00;\" href=\"http:\/\/aaloe.ee\/wp-content\/uploads\/2014\/11\/kood-375.pdf\">\u00a0Women\u00b4s<\/a><\/span><\/span><\/p>\n<\/div>\n<\/div>\n<p>&nbsp;<\/p>\n","protected":false},"excerpt":{"rendered":"<h3 class=\"variant a1Pd0000002JUL9EAO\"><span style=\"color: #999999;\">Vitolize\u2122<\/span><\/h3>\n<div>\n<p class=\"intro variant a1Pd0000002JUL9EAO\"><span style=\"color: #999999;\">Vitolize\u2122on loodud just naiste vajadusi silmas pidades.<\/span><\/p>\n<p class=\"variant a1Pd0000002JUL9EAO\"><span style=\"color: #999999;\">Vitolize\u2122 on loodud just naiste vajadusi silmas pidades. See on antioks\u00fcdandirikaste puuviljade, ravimtaimede, vitamiinide ja mineraalide looduslik kooslus, mis aitab naisel terve olla ja hormoonidel tasakaalus p\u00fcsida.<\/span><\/p>\n<\/div>\n<div>\n<div class=\"price variant a1Pd0000002JUL9EAO\"><span style=\"color: #999999;\">KOGUS: 120 tabletti<\/span><\/div>\n<div class=\"price variant a1Pd0000002JUL9EAO\"><span style=\"color: #999999;\">KOOD: 375<\/span><\/div>\n<\/div>\n","protected":false},"featured_media":4953,"template":"","meta":[],"product_brand":[],"product_cat":[15],"product_tag":[],"class_list":{"0":"post-258","1":"product","2":"type-product","3":"status-publish","4":"has-post-thumbnail","6":"product_cat-toidulisandid","8":"first","9":"instock","10":"taxable","11":"shipping-taxable","12":"purchasable","13":"product-type-simple"},"jetpack_sharing_enabled":true,"_links":{"self":[{"href":"https:\/\/aaloe.ee\/et\/wp-json\/wp\/v2\/product\/258","targetHints":{"allow":["GET"]}}],"collection":[{"href":"https:\/\/aaloe.ee\/et\/wp-json\/wp\/v2\/product"}],"about":[{"href":"https:\/\/aaloe.ee\/et\/wp-json\/wp\/v2\/types\/product"}],"wp:featuredmedia":[{"embeddable":true,"href":"https:\/\/aaloe.ee\/et\/wp-json\/wp\/v2\/media\/4953"}],"wp:attachment":[{"href":"https:\/\/aaloe.ee\/et\/wp-json\/wp\/v2\/media?parent=258"}],"wp:term":[{"taxonomy":"product_brand","embeddable":true,"href":"https:\/\/aaloe.ee\/et\/wp-json\/wp\/v2\/product_brand?post=258"},{"taxonomy":"product_cat","embeddable":true,"href":"https:\/\/aaloe.ee\/et\/wp-json\/wp\/v2\/product_cat?post=258"},{"taxonomy":"product_tag","embeddable":true,"href":"https:\/\/aaloe.ee\/et\/wp-json\/wp\/v2\/product_tag?post=258"}],"curies":[{"name":"wp","href":"https:\/\/api.w.org\/{rel}","templated":true}]}}