{"id":2222,"date":"2016-03-26T17:17:57","date_gmt":"2016-03-26T15:17:57","guid":{"rendered":"http:\/\/aaloe.ee\/?post_type=product&#038;p=2222"},"modified":"2025-11-20T00:38:37","modified_gmt":"2025-11-19T22:38:37","slug":"forever-argi-l-arginiin-vitamiinikompleks","status":"publish","type":"product","link":"https:\/\/aaloe.ee\/et\/toode\/forever-argi-l-arginiin-vitamiinikompleks\/","title":{"rendered":"Forever ARGI+"},"content":{"rendered":"<h3><span style=\"color: #99cc00;\">Forever ARGI+<\/span><\/h3>\n<h3><span style=\"color: #ff9900;\">L- Arginiini ja vitamiinide kompleks<\/span><\/h3>\n<p style=\"text-align: justify;\"><span style=\"color: #999999;\">Uue p\u00f5lvkonna toidulisand, mis sisaldab 5g\u00a0L-Arginiini \u00fche portsu (paki) kohta ja s\u00fcnergilisi vitamiine, mis annavad kehale hoogu ja energiat kogu pikaks p\u00e4evaks ja parandab organismi \u00fcldseisundit.<\/span><\/p>\n<p style=\"text-align: justify;\"><span style=\"color: #999999;\">Vaid \u00fcks pakike<\/span> <span style=\"color: #99cc00;\">ARGI+<\/span> <span style=\"color: #999999;\">segatuna 250ml vee v\u00f5i meelsaima aaloemahlaga v\u00f5i muu joogiga, mis\u00a0toob parema enesetunde.\u00a0<\/span><span lang=\"et\" style=\"color: #999999;\">Juua \u00fcks kord p\u00e4evas.<\/span><\/p>\n<h3 style=\"text-align: justify;\"><span style=\"color: #99cc00;\">Mis on ARGI+ ?<\/span><\/h3>\n<p style=\"text-align: justify;\"><span style=\"color: #999999;\">Tegu on L-arginiinist ja vitamiinikompleksist koosneva toidulisandiga. L-arginiin on tervise igak\u00fclgseks toetamiseks vajalik aminohape. Inimese organism muudab L-arginiini l\u00e4m\u00acmastikoksiidi molekuliks, mis aitab veresoontel l\u00f5dvestuda ja laieneda, et veri saaks paremini voolata. Parem verevarustus t\u00f5hustab paljusid olulisi funktsioone, aitab verer\u00f5hu \u00f5igena ja s\u00fcdameveresoonkonna tervena hoida.<\/span><br \/>\n<strong><span style=\"color: #99cc00;\">ARGI+ valem <\/span><\/strong><span style=\"color: #999999;\">v\u00f5imaldab organismil osa saada k\u00f5ikidest L-arginiini headest k\u00fclgedest. Pealegi on see rikastatud antioks\u00fc\u00acdantsete omaduste poolest tuntud granaat\u00f5una, kolesterooli normis hoidva punase veini ekstrakti ning s\u00fcdame veresooni ja immuuns\u00fcsteemi tervena hoidvate viinamarjakestadega. Teised ARGI+ koostises olevad marja- ja puuviljamahlad aitavad neutraliseerida vabu radikaale, toetavad tervet arengut ning luude ja lihaste talitlust.<\/span><\/p>\n<p><strong><span style=\"color: #99cc00;\">Kui v\u00f5tta kokku k\u00f5ik, mis L-arginiini ja l\u00e4mmastikoksiidi m\u00f5just teada on, millised on ARGI+ tarvitamise plussid<\/span><\/strong><\/p>\n<p style=\"text-align: justify;\"><span style=\"color: #ff9900;\">10.<\/span> <span style=\"color: #999999;\">Ergutab vananemisvastaste hormoonide tegevust. Kes k\u00fcll tahaks paista vanem kui ta\u00a0 tegelikult on?<\/span><br \/>\n<span style=\"color: #ff9900;\">9.<\/span> <span style=\"color: #999999;\">Parandab insuliini toimet, t\u00e4nu millele aitab vere gl\u00fckoosi\u00achulka \u00f5igel tasemel hoida.<\/span><br \/>\n<span style=\"color: #ff9900;\">8. <\/span><span style=\"color: #999999;\">Punase veini ekstrakt aitab vere kolesteroolitaseme normis hoida.<\/span><br \/>\n<span style=\"color: #999999;\"><span style=\"color: #ff9900;\"> 7. <\/span>Granaat\u00f5un ja marjad sisaldavad palju anti oks\u00fcdante, mis on kasulikud vabade\u00a0 radikaalide\u00a0\u00a0 kahjuliku m\u00f5ju neutraliseerimiseks.<\/span><br \/>\n<span style=\"color: #999999;\"><span style=\"color: #ff9900;\"> 6.<\/span> Suurendab lihaste massi ja j\u00f5udu, v\u00e4hendab rasvkude. V\u00f5rratu eelis spordiharrastajatele ja naistele.<\/span><br \/>\n<span style=\"color: #999999;\"> <span style=\"color: #ff9900;\">5.<\/span> L\u00e4mmastikoksiid suurendab veresoonte l\u00e4bilaskev\u00f5imet ja v\u00f5ib parandada seksuaalfunktsiooni.<\/span><br \/>\n<span style=\"color: #999999;\"> <span style=\"color: #ff9900;\">4.<\/span> Stimuleerib luude ja kudede kasvu ning taastumist, mist\u00f5ttu sobib eriti h\u00e4sti p\u00e4rast luumurde ja pehmete kudede vigastusi.<\/span><br \/>\n<span style=\"color: #999999;\"><span style=\"color: #ff9900;\"> 3. <\/span>Aitab s\u00e4ilitada \u00f5ige verer\u00f5hu ja terve s\u00fcdameveresoonkonna.<\/span><br \/>\n<span style=\"color: #999999;\"><span style=\"color: #ff9900;\"> 2. <\/span>L\u00e4mmastikoksiid toetab immuuns\u00fcsteemi, h\u00e4vitab baktereid, viiruseid ja teisi v\u00f5\u00f5rkehi.<\/span><br \/>\n<span style=\"color: #999999;\"><span style=\"color: #ff9900;\"> 1. <\/span>ARGI+ on v\u00f5rratu toidulisand, mis tugevdab organismi paljusid s\u00fcsteeme, v\u00f5imaldades meie kehal talitleda optimaalsel re\u017eiimil.<\/span><\/p>\n<p><span style=\"color: #ff9900;\">Toode kuulub K\u00f6lni nimekirja (Gologne List)\u00a0Cologne <\/span><\/p>\n<p><span style=\"color: #00ff00;\"><a style=\"color: #00ff00;\" href=\"http:\/\/www.koelnerliste.com\/en\/cologne-list.html\" target=\"_blank\" rel=\"noopener\">http:\/\/www.koelnerliste.com\/en\/cologne-list.html<\/a><\/span><\/p>\n<p style=\"text-align: justify;\"><span style=\"color: #999999;\">See t\u00e4hendab, et sportlased v\u00f5ivad selles nimistus olevaid tooteid tarbida, riskimata positiivse dopinguprooviga. Kuid vastutuse v\u00f5tavad sportlased siiski ise ja otsustavad, kas antud tooted on neile sobivad.<\/span><br \/>\n<span style=\"color: #999999;\"> NB! Kui olete rase, imetate last v\u00f5i kannatate terviseh\u00e4irete all, pidage toote kasutamise eel n\u00f5u arstiga.<\/span><\/p>\n<p><span style=\"color: #999999;\">Toitev\u00e4\u00e4rtus<\/span><\/p>\n<table border=\"1\">\n<tbody>\n<tr>\n<td><span style=\"color: #999999;\"><b>Toitained<\/b><\/span><\/td>\n<td><span style=\"color: #999999;\"><strong>P\u00e4evane annus (10 g)<\/strong><\/span><\/td>\n<td><span style=\"color: #999999;\"><strong>% RI*<\/strong><\/span><\/td>\n<\/tr>\n<tr>\n<td><span style=\"color: #999999;\">Energia<\/span><\/td>\n<td><span style=\"color: #999999;\">140 kJ\/33 kcal<\/span><\/td>\n<td><span style=\"color: #999999;\">\u00a0&#8211;<\/span><\/td>\n<\/tr>\n<tr>\n<td><span style=\"color: #999999;\">S\u00fcsivesikud<\/span><\/td>\n<td><span style=\"color: #999999;\">2 g<\/span><\/td>\n<td><span style=\"color: #999999;\">\u00a0&#8211;<\/span><\/td>\n<\/tr>\n<tr>\n<td><span style=\"color: #999999;\">\u00a0millest suhkruid<\/span><\/td>\n<td><span style=\"color: #999999;\">2 g<\/span><\/td>\n<td><span style=\"color: #999999;\">\u00a0&#8211;<\/span><\/td>\n<\/tr>\n<tr>\n<td><span style=\"color: #999999;\">C-vitamiin<\/span><\/td>\n<td><span style=\"color: #999999;\">80 mg<\/span><\/td>\n<td><span style=\"color: #999999;\">100 %<\/span><\/td>\n<\/tr>\n<tr>\n<td><span style=\"color: #999999;\">D3-vitamiin<\/span><\/td>\n<td><span style=\"color: #999999;\">5 \u03bcg<\/span><\/td>\n<td><span style=\"color: #999999;\">100 %<\/span><\/td>\n<\/tr>\n<tr>\n<td><span style=\"color: #999999;\">K2-vitamiin<\/span><\/td>\n<td><span style=\"color: #999999;\">20 \u03bcg<\/span><\/td>\n<td><span style=\"color: #999999;\">27 %<\/span><\/td>\n<\/tr>\n<tr>\n<td><span style=\"color: #999999;\">B6-vitamiin<\/span><\/td>\n<td><span style=\"color: #999999;\">1,4 mg<\/span><\/td>\n<td><span style=\"color: #999999;\">100 %<\/span><\/td>\n<\/tr>\n<tr>\n<td><span style=\"color: #999999;\">B12-vitamiin<\/span><\/td>\n<td><span style=\"color: #999999;\">2,5 \u03bcg<\/span><\/td>\n<td><span style=\"color: #999999;\">100 %<\/span><\/td>\n<\/tr>\n<tr>\n<td><span style=\"color: #999999;\">Foolhape<\/span><\/td>\n<td><span style=\"color: #999999;\">200 \u00b5g<\/span><\/td>\n<td><span style=\"color: #999999;\">100 %<\/span><\/td>\n<\/tr>\n<tr>\n<td><span style=\"color: #999999;\">L-arginiin<\/span><\/td>\n<td><span style=\"color: #999999;\">5 g<\/span><\/td>\n<td><span style=\"color: #999999;\">\u00a0&#8211;<\/span><\/td>\n<\/tr>\n<tr>\n<td><span style=\"color: #999999;\">Mahla ja puuviljaekstrakti segu\u00a0<\/span><\/td>\n<td><span style=\"color: #999999;\">114 mg<\/span><\/td>\n<td><span style=\"color: #999999;\">\u00a0&#8211;<\/span><\/td>\n<\/tr>\n<\/tbody>\n<\/table>\n<p><span style=\"color: #999999;\">* RI = P\u00e4evane annus %<\/span><\/p>\n<p><span style=\"color: #999999;\">30\u00a0pakikest<\/span><\/p>\n<p><span style=\"color: #999999;\">Kood : 437<\/span><\/p>\n<p id=\"tw-target-text\" class=\"tw-data-text tw-text-large XcVN5d tw-ta\" dir=\"ltr\" data-placeholder=\"T\u00f5lge\"><span lang=\"et\" style=\"color: #999999;\">See toode on toidulisand. Soovitatud p\u00e4evaannust ei tohi \u00fcletada. Toidulisand ei asenda mitmek\u00fclgset ja tasakaalustatud toitumist ega tervislikke eluviise. Hoida lastele k\u00e4ttesaamatus kohas.<\/span><\/p>\n<p><span style=\"color: #9c9c9c;\"><span style=\"color: #999999;\">Lae endale toote lisainfo PDF failina:<\/span><\/span><span style=\"color: #00ff00;\"><strong>\u00a0<\/strong>Forever ARGI+\u2122<\/span><\/p>\n","protected":false},"excerpt":{"rendered":"<div>\n<h3 class=\"variant a1Pd0000002JUIUEA4\"><span style=\"color: #99cc00;\">ARGI+<\/span><\/h3>\n<p class=\"intro variant a1Pd0000002JUIUEA4\"><span style=\"color: #999999;\">Ammutage igap\u00e4evane \u201eimemolekulide\u201c ports ARGI+ abil. L-arginiin on \u00fclit\u00e4htis aminohape, mis osaleb organismi paljudes funktsioonides alates rakutalitluse toetamisest kuni l\u00e4mmastikoksiidi tootmise soodustamiseni, et organitesse j\u00f5uaks rohkem verd. Oleme sellele igati v\u00e4\u00e4rtuslikule koostisainele t\u00e4iendavalt lisanud uuendusliku vitamiinikompleksi ja puuvilju ning loonud hoolikalt tasakaalustatud toidulisandi, mis tugevdab kogu organismi. Segage paki sisu vee, Foreveri aaloemahla v\u00f5i oma lemmikjoogiga ja nautige suvist marjamaitset.\u00a0 ARGI+ sisaldab endas kogu L-arginiini v\u00e4ge. Toitained ja vitamiinid tugevdavad selle m\u00f5ju veelgi.<\/span><\/p>\n<p class=\"variant a1Pd0000002JUIUEA4\"><span style=\"color: #999999;\">K\u00f5ik need koostisained moodustavad \u00fcheskoos uue p\u00f5lvkonna toidulisandi, mis parandab organismi \u00fcldseisundit. Rikastage oma toidulauda t\u00f5husa L-arginiiniga.<\/span><\/p>\n<\/div>\n<div>\n<div class=\"price variant a1Pd0000002JUIUEA4\"><span style=\"color: #999999;\">Kogus: 300 g<\/span><\/div>\n<div class=\"price variant a1Pd0000002JUIUEA4\"><span style=\"color: #999999;\">Kood: 473<\/span><\/div>\n<\/div>\n","protected":false},"featured_media":4111,"template":"","meta":[],"product_brand":[],"product_cat":[15],"product_tag":[],"class_list":{"0":"post-2222","1":"product","2":"type-product","3":"status-publish","4":"has-post-thumbnail","6":"product_cat-toidulisandid","8":"first","9":"instock","10":"taxable","11":"shipping-taxable","12":"purchasable","13":"product-type-simple"},"jetpack_sharing_enabled":true,"_links":{"self":[{"href":"https:\/\/aaloe.ee\/et\/wp-json\/wp\/v2\/product\/2222","targetHints":{"allow":["GET"]}}],"collection":[{"href":"https:\/\/aaloe.ee\/et\/wp-json\/wp\/v2\/product"}],"about":[{"href":"https:\/\/aaloe.ee\/et\/wp-json\/wp\/v2\/types\/product"}],"wp:featuredmedia":[{"embeddable":true,"href":"https:\/\/aaloe.ee\/et\/wp-json\/wp\/v2\/media\/4111"}],"wp:attachment":[{"href":"https:\/\/aaloe.ee\/et\/wp-json\/wp\/v2\/media?parent=2222"}],"wp:term":[{"taxonomy":"product_brand","embeddable":true,"href":"https:\/\/aaloe.ee\/et\/wp-json\/wp\/v2\/product_brand?post=2222"},{"taxonomy":"product_cat","embeddable":true,"href":"https:\/\/aaloe.ee\/et\/wp-json\/wp\/v2\/product_cat?post=2222"},{"taxonomy":"product_tag","embeddable":true,"href":"https:\/\/aaloe.ee\/et\/wp-json\/wp\/v2\/product_tag?post=2222"}],"curies":[{"name":"wp","href":"https:\/\/api.w.org\/{rel}","templated":true}]}}