{"id":1961,"date":"2015-08-27T21:32:02","date_gmt":"2015-08-27T18:32:02","guid":{"rendered":"http:\/\/aaloe.ee\/?post_type=product&#038;p=1961"},"modified":"2025-04-01T23:30:11","modified_gmt":"2025-04-01T20:30:11","slug":"royal-jelly","status":"publish","type":"product","link":"https:\/\/aaloe.ee\/et\/toode\/royal-jelly\/","title":{"rendered":"Royal Jelly &#8211;  Mesilasemapiima tabletid"},"content":{"rendered":"<h4><span style=\"color: #99cc00;\"><strong>Foreveri mesilasemapiima tabletid<\/strong><\/span><\/h4>\n<p style=\"text-align: justify;\"><span style=\"color: #999999;\">Mesilaema toitepiima tabletid on t\u00e4iuslik tervistav toit.<\/span><\/p>\n<p><span style=\"color: #999999;\">Ta sisaldab v\u00e4ga olulist valku &#8211; gammaglobuliini, pantoteenhapet, k\u00f5iki asendamatuid aminohappeid ja k\u00fcmmet asendatavat aminohapet. Ravitoime tagavad mesilasema toitepiimas sisalduvad s\u00fcmpaatilist ja paras\u00fcmpaatilist n\u00e4rvis\u00fcsteemi stimuleerivaid ained ning vitamiinid, asendamatud aminohapped, hormoonid ja teised bioloogiliselt aktiivsed ained. Mesilaema toitepiim on ka antibiootiliste omadustega. ta avaldab toniseerivat, mikroobi- ja kiiritusvastast, immuuns\u00fcsteemi t\u00f5hustavat, ainevahetust stimuleerivat, organismi elulist toonust t\u00f5stvat ning verer\u00f5hku normaliseerivat toimet, samuti soodustab veresoonte seisundi ja elundite funktsioonide paranemist.\u00a0<\/span><\/p>\n<p><span style=\"color: #999999;\">Mesilasema toitepiim on t\u00f5hus n\u00e4rvin\u00f5rkuse (neurasteenia), j\u00f5uetuse (asteenia), masenduse (depressioni), vaimse ja kehalise \u00fclepingutuse, tuiksoonelubjastuse (ateroskleroosi), rinnaangiini (stenokardia), ajup\u00f5letiku (entsefaliidi), rasvumise, organismi kurnatuse, kopsuastma (bronhiaalastma) ja kehvveresuse (aneemia) korral.<\/span><\/p>\n<p style=\"text-align: justify;\"><span style=\"color: #999999;\">Mesilasemapiima on iidsetest aegadest peetud nooruse eliksiiriks. See kiirendab ainevahetust, annab energiat, leevendab stressi, aeglustab vananemisprotsessi.<\/span><\/p>\n<div class=\"o-faq__header js-toggle-content js-is-active\" aria-controls=\"ingredients\">\n<h3 class=\"o-faq__title\"><span style=\"color: #ff9900;\">Koostisained<\/span><\/h3>\n<div class=\"o-faq__header-icon\"><span style=\"color: #999999;\">Magusaine (sorbitool), fruktoos, mesilasema piimapulber, happesuse regulaator (sidrunhape), apelsini maitseaine, paakumisvastased ained (steariinhape, r\u00e4nidioksiid), stabilisaator (rasvhapete magneesiumisoolad).\u00a0<em>Sisaldab suhkrut ja magusainet.<\/em><\/span><\/div>\n<\/div>\n<div id=\"ingredients\" class=\"o-faq__content js-is-visible\">\n<p><span style=\"color: #999999;\"><em>Juhime t\u00e4helepanu, et toote sisu v\u00f5ib muutuda ja pakendil olev teave kehtib.<\/em><\/span><\/p>\n<div class=\"o-faq__header js-toggle-content js-is-active\" aria-controls=\"nutritionalInformation\">\n<h3 class=\"o-faq__title\"><span style=\"color: #ff9900;\">Toitev\u00e4\u00e4rtus<\/span><\/h3>\n<\/div>\n<div id=\"nutritionalInformation\" class=\"o-faq__content js-is-visible\">\n<table border=\"1\" cellspacing=\"1\" cellpadding=\"1\">\n<tbody>\n<tr>\n<td><span style=\"color: #999999;\"><strong>Toitaine<\/strong><\/span><\/td>\n<td><span style=\"color: #999999;\"><strong>1 laud.<\/strong><\/span><\/td>\n<td><span style=\"color: #999999;\"><strong>% RI*<\/strong><\/span><\/td>\n<td><span style=\"color: #999999;\"><strong>2 tabelit.<\/strong><\/span><\/td>\n<td><span style=\"color: #999999;\"><strong>% RI*<\/strong><\/span><\/td>\n<\/tr>\n<tr>\n<td><span style=\"color: #999999;\">Mesilasemapiima \u017eelee pulber<\/span><\/td>\n<td><span style=\"color: #999999;\">\u00a075<\/span><\/td>\n<td><span style=\"color: #999999;\">\u00a0&#8211;<\/span><\/td>\n<td><span style=\"color: #999999;\">150 mg**<\/span><\/td>\n<td><span style=\"color: #999999;\">\u00a0&#8211;<\/span><\/td>\n<\/tr>\n<\/tbody>\n<\/table>\n<p><span style=\"color: #999999;\">* RI = P\u00e4evase tarbimise viide<\/span><\/p>\n<p><span style=\"color: #999999;\">** Vastab 500 mg t\u00f6\u00f6tlemata mesilasemapiimale.<\/span><\/p>\n<div class=\"o-faq__header js-toggle-content js-is-active\" aria-controls=\"instructions\">\n<h3 class=\"o-faq__title\"><span style=\"color: #ff9900;\">Juhised<\/span><\/h3>\n<div class=\"o-faq__header-icon\"><span style=\"color: #999999;\">Soovitatav p\u00e4evane annus: 2 tabletti p\u00e4evas.<\/span><\/div>\n<\/div>\n<div id=\"instructions\" class=\"o-faq__content js-is-visible\">\n<p><span style=\"color: #999999;\"><em>See toode on toidulisand.\u00a0Soovitatavat \u00f6\u00f6p\u00e4evast annust ei tohi \u00fcletada.\u00a0Toidulisand ei asenda mitmek\u00fclgset ja tasakaalustatud toitumist ega tervislikku eluviisi.\u00a0Hoida lastele k\u00e4ttesaamatus kohas.<\/em><\/span><\/p>\n<\/div>\n<\/div>\n<\/div>\n<h5 style=\"text-align: justify;\"><span style=\"color: #999999;\"><strong>Lae endale toote lisainfo PDF-s : <span style=\"color: #99cc00;\">\u00a0<\/span><a href=\"http:\/\/aaloe.ee\/wp-content\/uploads\/2015\/08\/Kood-36.pdf\"><span style=\"color: #99cc00;\">Royal Jelly<\/span> <\/a><\/strong><br \/>\n<\/span><\/h5>\n","protected":false},"excerpt":{"rendered":"<h3><span style=\"color: #99cc00;\">Foreveri mesilasema toitepiima tabletid<\/span><\/h3>\n<p><span style=\"color: #999999;\">Mesilasemapiima on iidsetest aegadest peetud nooruse eliksiiriks. See kiirendab ainevahetust, annab energiat, leevendab stressi, aeglustab vananemisprotsessi. <\/span><\/p>\n<p><span style=\"color: #999999;\">Kood: 036<\/span><\/p>\n<p><span style=\"color: #999999;\">60 tabletti<\/span><\/p>\n","protected":false},"featured_media":4955,"template":"","meta":[],"product_brand":[],"product_cat":[17],"product_tag":[],"class_list":{"0":"post-1961","1":"product","2":"type-product","3":"status-publish","4":"has-post-thumbnail","6":"product_cat-mesilastooted","8":"first","9":"instock","10":"taxable","11":"shipping-taxable","12":"purchasable","13":"product-type-simple"},"jetpack_sharing_enabled":true,"_links":{"self":[{"href":"https:\/\/aaloe.ee\/et\/wp-json\/wp\/v2\/product\/1961","targetHints":{"allow":["GET"]}}],"collection":[{"href":"https:\/\/aaloe.ee\/et\/wp-json\/wp\/v2\/product"}],"about":[{"href":"https:\/\/aaloe.ee\/et\/wp-json\/wp\/v2\/types\/product"}],"wp:featuredmedia":[{"embeddable":true,"href":"https:\/\/aaloe.ee\/et\/wp-json\/wp\/v2\/media\/4955"}],"wp:attachment":[{"href":"https:\/\/aaloe.ee\/et\/wp-json\/wp\/v2\/media?parent=1961"}],"wp:term":[{"taxonomy":"product_brand","embeddable":true,"href":"https:\/\/aaloe.ee\/et\/wp-json\/wp\/v2\/product_brand?post=1961"},{"taxonomy":"product_cat","embeddable":true,"href":"https:\/\/aaloe.ee\/et\/wp-json\/wp\/v2\/product_cat?post=1961"},{"taxonomy":"product_tag","embeddable":true,"href":"https:\/\/aaloe.ee\/et\/wp-json\/wp\/v2\/product_tag?post=1961"}],"curies":[{"name":"wp","href":"https:\/\/api.w.org\/{rel}","templated":true}]}}