{"id":1867,"date":"2015-03-25T23:07:16","date_gmt":"2015-03-25T21:07:16","guid":{"rendered":"http:\/\/aaloe.ee\/?post_type=product&#038;p=1867"},"modified":"2023-09-18T13:17:49","modified_gmt":"2023-09-18T10:17:49","slug":"fit-1-lite-ultra-chocolate","status":"publish","type":"product","link":"https:\/\/aaloe.ee\/et\/toode\/fit-1-lite-ultra-chocolate\/","title":{"rendered":"F15 komplekt koos Lite Ultra Chocolate\/Aaloemahl"},"content":{"rendered":"<h3><span style=\"color: #99cc00;\">F15 komplekt koos Lite Ultra Chocolate\u00a0<\/span><\/h3>\n<p><span style=\"color: #ffcc00;\"><span style=\"color: #ff9900;\">Kood :\u00a0<\/span><span style=\"color: #999999;\">529<\/span><\/span><\/p>\n<p><span style=\"color: #999999;\">Astuge veel \u00fcks samm parema v\u00e4limuse ja enesetunde poole. \u00dcksk\u00f5ik, kas alles alustate v\u00f5i teil on juba korralik kogemustepagas, F15 pakub tugevnemiseks ja k\u00f5hnumiseks toitumis- ja treeningakava algajatele, edasij\u00f5udnutele ja vastupidavatele. K\u00f5ik 15-p\u00e4evased programmid on loodud nii, et need jagaksid inspireerivaid teadmisi, aitaksid igaveseks oma eluviisi muuta ja v\u00f5imaldaksid j\u00e4rjekindlalt muutuda.<\/span><\/p>\n<p style=\"text-align: justify;\"><span style=\"color: #999999;\">F15 \u00f5petab s\u00f6\u00f6misse ja sportimisse uut moodi suhtuma ning jagab teadmisi, mis innustavad muutuma. Parem v\u00e4limus ja enesetunne v\u00f5ivad oleneda mitmetest teguritest. Uurige j\u00e4rele, millised on need tegurid ja kuidas need enda kasuks p\u00f6\u00f6rata \u2013 see on juba pool v\u00f5itu!<\/span><\/p>\n<p style=\"text-align: justify;\"><a href=\"https:\/\/youtu.be\/ZEm_lh4zZSs\" target=\"_blank\" rel=\"noopener\"><span style=\"color: #99cc00;\">Vaata videot F15<\/span><\/a><\/p>\n<p><span style=\"color: #ff9900;\"><strong>SOOJENDUSKAVA:<\/strong>\u00a0<\/span><span style=\"color: #99cc00;\"><a style=\"color: #99cc00;\" href=\"https:\/\/www.youtube.com\/watch?v=SF2xS6h1QYk&amp;t=1s\" target=\"_blank\" rel=\"noopener\">https:\/\/www.youtube.com\/watch?v=SF2xS6h1QYk&amp;t=1s<\/a><\/span><\/p>\n<p><span style=\"color: #ff9900;\"><strong>ESIMENE TREENINGKAVA EDASIJ\u00d5UDNULE:<\/strong><\/span>\u00a0<span style=\"color: #99cc00;\"><a style=\"color: #99cc00;\" href=\"https:\/\/www.youtube.com\/watch?v=Rj_tgRKR_VM&amp;list=PLK-mdWd7TjPGal0QG8aViqm6FLWpYLxwL&amp;index=1\" target=\"_blank\" rel=\"noopener\">https:\/\/www.youtube.com\/watch?v=Rj_tgRKR_VM&amp;list=PLK-mdWd7TjPGal0QG8aViqm6FLWpYLxwL&amp;index=1<\/a><\/span><\/p>\n<p><strong><span style=\"color: #ff9900;\">TEINE TREENINGKAVA:<\/span>\u00a0<\/strong><span style=\"color: #99cc00;\"><a style=\"color: #99cc00;\" href=\"https:\/\/www.youtube.com\/watch?v=5CchiF5B3fo&amp;list=PLK-mdWd7TjPGal0QG8aViqm6FLWpYLxwL&amp;index=2\" target=\"_blank\" rel=\"noopener\">https:\/\/www.youtube.com\/watch?v=5CchiF5B3fo&amp;list=PLK-mdWd7TjPGal0QG8aViqm6FLWpYLxwL&amp;index=2<\/a><\/span><\/p>\n<p><span style=\"color: #ff9900;\"><strong>KOLMAS TREENINGKAVA:<\/strong><\/span>\u00a0<span style=\"color: #99cc00;\"><a style=\"color: #99cc00;\" href=\"https:\/\/www.youtube.com\/watch?v=UIdJHcW8v1E&amp;list=PLK-mdWd7TjPGal0QG8aViqm6FLWpYLxwL&amp;index=8\" target=\"_blank\" rel=\"noopener\">https:\/\/www.youtube.com\/watch?v=UIdJHcW8v1E&amp;list=PLK-mdWd7TjPGal0QG8aViqm6FLWpYLxwL&amp;index=8<\/a><\/span><\/p>\n<p><span style=\"color: #ff9900;\"><strong>NELJAS TEENINGKAVA:<\/strong><\/span><span style=\"color: #99cc00;\">\u00a0<a style=\"color: #99cc00;\" href=\"https:\/\/www.youtube.com\/watch?v=SSgWXsN0yC4&amp;list=PLK-mdWd7TjPGal0QG8aViqm6FLWpYLxwL&amp;index=6\" target=\"_blank\" rel=\"noopener\">https:\/\/www.youtube.com\/watch?v=SSgWXsN0yC4&amp;list=PLK-mdWd7TjPGal0QG8aViqm6FLWpYLxwL&amp;index=6<\/a><\/span><\/p>\n<p><span style=\"color: #ff9900;\"><strong>JOOGAKAVA:<\/strong><\/span>\u00a0<span style=\"color: #99cc00;\"><a style=\"color: #99cc00;\" href=\"https:\/\/www.youtube.com\/watch?v=aq59C4RRDX4&amp;list=PLK-mdWd7TjPGal0QG8aViqm6FLWpYLxwL&amp;index=3\" target=\"_blank\" rel=\"noopener\">https:\/\/www.youtube.com\/watch?v=aq59C4RRDX4&amp;list=PLK-mdWd7TjPGal0QG8aViqm6FLWpYLxwL&amp;index=3<\/a><\/span><\/p>\n<p><span style=\"color: #ff9900;\"><strong>TREENINGKAVA VASTUPIDAVALE:<\/strong>\u00a0<\/span><span style=\"color: #99cc00;\"><a style=\"color: #99cc00;\" href=\"https:\/\/www.youtube.com\/watch?v=wkGhwiRIAtQ\" target=\"_blank\" rel=\"noopener\">https:\/\/www.youtube.com\/watch?v=wkGhwiRIAtQ<\/a><\/span><\/p>\n<p><span style=\"color: #ff9900;\"><strong>VASTUPIDAVALE:<\/strong><\/span>\u00a0<span style=\"color: #99cc00;\"><a style=\"color: #99cc00;\" href=\"https:\/\/www.youtube.com\/watch?v=m3whzTsnc0s\" target=\"_blank\" rel=\"noopener\">https:\/\/www.youtube.com\/watch?v=m3whzTsnc0s<\/a><\/span><\/p>\n<p><span style=\"color: #ff9900;\"><strong>L\u00d5\u00d5GASTUS- JA VENITUSHARJUTUSED:<\/strong><\/span>\u00a0<span style=\"color: #99cc00;\"><a style=\"color: #99cc00;\" href=\"https:\/\/www.youtube.com\/watch?v=fNcgPB53mIs\" target=\"_blank\" rel=\"noopener\">https:\/\/www.youtube.com\/watch?v=fNcgPB53mIs<\/a><\/span><\/p>\n<p><strong><span style=\"color: #99cc00;\">Komplekti F15 \u00a0 moodustab:<\/span><\/strong><\/p>\n<p><span style=\"color: #999999;\">\u2022<\/span>\u00a0<span style=\"color: #999999;\">\u00a0 \u00a0aaloemahl (kaks 1-liitrist pudelit)<\/span><br \/>\n<span style=\"color: #999999;\"> \u2022\u00a0\u00a0 \u00a0kokteil Forever Lite Ultra Chocolate\u00ae (1 pakki)<\/span><br \/>\n<span style=\"color: #999999;\"> \u2022\u00a0\u00a0\u00a0 Forever Therm&#x2122; (30 tabletti)<\/span><br \/>\n<span style=\"color: #999999;\"> \u2022\u00a0\u00a0\u00a0 Forever Garcinia Plus\u00ae (90 kapslit)<\/span><br \/>\n<span style=\"color: #999999;\"> \u2022\u00a0\u00a0\u00a0 Forever Fiber&#x2122; (15 pakki)<\/span><br \/>\n<span style=\"color: #999999;\">\u2022 \u00a0 \u00a0Algaja F15 bro\u0161\u00fc\u00fcr<\/span><\/p>\n","protected":false},"excerpt":{"rendered":"<p><span style=\"color: #999999;\">Astuge veel \u00fcks samm parema v\u00e4limuse ja enesetunde poole. \u00dcksk\u00f5ik, kas alles alustate v\u00f5i teil on juba korralik kogemustepagas, F15 pakub tugevnemiseks ja k\u00f5hnumiseks toitumis- ja treeningakava algajatele. 15-p\u00e4evane programm on loodud nii, et need aitaksid igaveseks oma eluviisi muuta ja v\u00f5imaldaksid j\u00e4rjekindlalt muutuda.<\/span><\/p>\n","protected":false},"featured_media":4317,"template":"","meta":[],"product_brand":[],"product_cat":[74],"product_tag":[],"class_list":{"0":"post-1867","1":"product","2":"type-product","3":"status-publish","4":"has-post-thumbnail","6":"product_cat-komplektid","8":"first","9":"instock","10":"taxable","11":"shipping-taxable","12":"purchasable","13":"product-type-simple"},"jetpack_sharing_enabled":true,"_links":{"self":[{"href":"https:\/\/aaloe.ee\/et\/wp-json\/wp\/v2\/product\/1867","targetHints":{"allow":["GET"]}}],"collection":[{"href":"https:\/\/aaloe.ee\/et\/wp-json\/wp\/v2\/product"}],"about":[{"href":"https:\/\/aaloe.ee\/et\/wp-json\/wp\/v2\/types\/product"}],"wp:featuredmedia":[{"embeddable":true,"href":"https:\/\/aaloe.ee\/et\/wp-json\/wp\/v2\/media\/4317"}],"wp:attachment":[{"href":"https:\/\/aaloe.ee\/et\/wp-json\/wp\/v2\/media?parent=1867"}],"wp:term":[{"taxonomy":"product_brand","embeddable":true,"href":"https:\/\/aaloe.ee\/et\/wp-json\/wp\/v2\/product_brand?post=1867"},{"taxonomy":"product_cat","embeddable":true,"href":"https:\/\/aaloe.ee\/et\/wp-json\/wp\/v2\/product_cat?post=1867"},{"taxonomy":"product_tag","embeddable":true,"href":"https:\/\/aaloe.ee\/et\/wp-json\/wp\/v2\/product_tag?post=1867"}],"curies":[{"name":"wp","href":"https:\/\/api.w.org\/{rel}","templated":true}]}}