{"id":1863,"date":"2015-03-25T22:50:39","date_gmt":"2015-03-25T20:50:39","guid":{"rendered":"http:\/\/aaloe.ee\/?post_type=product&#038;p=1863"},"modified":"2023-09-18T13:20:53","modified_gmt":"2023-09-18T10:20:53","slug":"fit-1-lite-ultra-chocolate-2","status":"publish","type":"product","link":"https:\/\/aaloe.ee\/et\/toode\/fit-1-lite-ultra-chocolate-2\/","title":{"rendered":"F15  komplekt koos Lite Ultra Chocolate \/Aaloe-j\u00f5hvikamahl"},"content":{"rendered":"<h3><span style=\"color: #99cc00;\">F15 komplekt koos Lite Ultra Chocolate <\/span><\/h3>\n<p><span style=\"color: #999999;\">Kood : 498<\/span><\/p>\n<p><span style=\"color: #999999;\">Astuge veel \u00fcks samm parema v\u00e4limuse ja enesetunde poole. \u00dcksk\u00f5ik, kas alles alustate v\u00f5i teil on juba korralik kogemustepagas, F15 pakub tugevnemiseks ja k\u00f5hnumiseks toitumis- ja treeningakava edasij\u00f5udnutele. 15-p\u00e4evane programm on loodud nii, et need aitaksid igaveseks oma eluviisi muuta ja v\u00f5imaldaksid j\u00e4rjekindlalt muutuda.<\/span><\/p>\n<p style=\"text-align: justify;\"><span style=\"color: #999999;\">F15 abil saate tugevamaks, p\u00f5letate rohkem kaloreid ja muutute. Nii naiste kui ka meeste kehas m\u00e4ngivad lihased k\u00f5hnumisel v\u00e4ga olulist rolli. Programmiga Forever F15 saate selgeks, kuidas lihasmassi kasvatada ja s\u00e4ilitada.\u00a0 Saage programmi Forever F15 abil tugevaks, saledaks ja uueks!<\/span><\/p>\n<p style=\"text-align: justify;\"><span style=\"color: #99cc00;\"><strong>Lae alla bro\u0161\u00fc\u00fcr :\u00a0<\/strong><span style=\"color: #ff9900;\"> \u00a0<a style=\"color: #ff9900;\" href=\"https:\/\/gallery.foreverliving.com\/gallery\/\/LTU\/download\/distrib\/EST\/F15_pazengusiems_EST.pdf\" target=\"_blank\" rel=\"noopener\">Forever F15 edasij\u00f5udnule <\/a><\/span><\/span><\/p>\n<p><span style=\"color: #99cc00;\"><a style=\"color: #99cc00;\" href=\"https:\/\/youtu.be\/ZEm_lh4zZSs\" target=\"_blank\" rel=\"noopener\">Vaata videot F1<\/a>5<\/span><\/p>\n<p><span style=\"color: #ff9900;\"><strong>SOOJENDUSKAVA:<\/strong>\u00a0<\/span><span style=\"color: #99cc00;\"><a style=\"color: #99cc00;\" href=\"https:\/\/www.youtube.com\/watch?v=SF2xS6h1QYk&amp;t=1s\" target=\"_blank\" rel=\"noopener\">https:\/\/www.youtube.com\/watch?v=SF2xS6h1QYk&amp;t=1s<\/a><\/span><\/p>\n<p><span style=\"color: #ff9900;\"><strong>ESIMENE TREENINGKAVA EDASIJ\u00d5UDNULE:<\/strong><\/span>\u00a0<span style=\"color: #99cc00;\"><a style=\"color: #99cc00;\" href=\"https:\/\/www.youtube.com\/watch?v=Rj_tgRKR_VM&amp;list=PLK-mdWd7TjPGal0QG8aViqm6FLWpYLxwL&amp;index=1\" target=\"_blank\" rel=\"noopener\">https:\/\/www.youtube.com\/watch?v=Rj_tgRKR_VM&amp;list=PLK-mdWd7TjPGal0QG8aViqm6FLWpYLxwL&amp;index=1<\/a><\/span><\/p>\n<p><strong><span style=\"color: #ff9900;\">TEINE TREENINGKAVA:<\/span>\u00a0<\/strong><span style=\"color: #99cc00;\"><a style=\"color: #99cc00;\" href=\"https:\/\/www.youtube.com\/watch?v=5CchiF5B3fo&amp;list=PLK-mdWd7TjPGal0QG8aViqm6FLWpYLxwL&amp;index=2\" target=\"_blank\" rel=\"noopener\">https:\/\/www.youtube.com\/watch?v=5CchiF5B3fo&amp;list=PLK-mdWd7TjPGal0QG8aViqm6FLWpYLxwL&amp;index=2<\/a><\/span><\/p>\n<p><span style=\"color: #ff9900;\"><strong>KOLMAS TREENINGKAVA:<\/strong><\/span>\u00a0<span style=\"color: #99cc00;\"><a style=\"color: #99cc00;\" href=\"https:\/\/www.youtube.com\/watch?v=UIdJHcW8v1E&amp;list=PLK-mdWd7TjPGal0QG8aViqm6FLWpYLxwL&amp;index=8\" target=\"_blank\" rel=\"noopener\">https:\/\/www.youtube.com\/watch?v=UIdJHcW8v1E&amp;list=PLK-mdWd7TjPGal0QG8aViqm6FLWpYLxwL&amp;index=8<\/a><\/span><\/p>\n<p><span style=\"color: #ff9900;\"><strong>NELJAS TEENINGKAVA:<\/strong><\/span><span style=\"color: #99cc00;\">\u00a0<a style=\"color: #99cc00;\" href=\"https:\/\/www.youtube.com\/watch?v=SSgWXsN0yC4&amp;list=PLK-mdWd7TjPGal0QG8aViqm6FLWpYLxwL&amp;index=6\" target=\"_blank\" rel=\"noopener\">https:\/\/www.youtube.com\/watch?v=SSgWXsN0yC4&amp;list=PLK-mdWd7TjPGal0QG8aViqm6FLWpYLxwL&amp;index=6<\/a><\/span><\/p>\n<p><span style=\"color: #ff9900;\"><strong>JOOGAKAVA:<\/strong><\/span>\u00a0<span style=\"color: #99cc00;\"><a style=\"color: #99cc00;\" href=\"https:\/\/www.youtube.com\/watch?v=aq59C4RRDX4&amp;list=PLK-mdWd7TjPGal0QG8aViqm6FLWpYLxwL&amp;index=3\" target=\"_blank\" rel=\"noopener\">https:\/\/www.youtube.com\/watch?v=aq59C4RRDX4&amp;list=PLK-mdWd7TjPGal0QG8aViqm6FLWpYLxwL&amp;index=3<\/a><\/span><\/p>\n<p><span style=\"color: #ff9900;\"><strong>TREENINGKAVA VASTUPIDAVALE:<\/strong>\u00a0<\/span><span style=\"color: #99cc00;\"><a style=\"color: #99cc00;\" href=\"https:\/\/www.youtube.com\/watch?v=wkGhwiRIAtQ\" target=\"_blank\" rel=\"noopener\">https:\/\/www.youtube.com\/watch?v=wkGhwiRIAtQ<\/a><\/span><\/p>\n<p><span style=\"color: #ff9900;\"><strong>VASTUPIDAVALE:<\/strong><\/span>\u00a0<span style=\"color: #99cc00;\"><a style=\"color: #99cc00;\" href=\"https:\/\/www.youtube.com\/watch?v=m3whzTsnc0s\" target=\"_blank\" rel=\"noopener\">https:\/\/www.youtube.com\/watch?v=m3whzTsnc0s<\/a><\/span><\/p>\n<p><span style=\"color: #ff9900;\"><strong>L\u00d5\u00d5GASTUS- JA VENITUSHARJUTUSED:<\/strong><\/span>\u00a0<span style=\"color: #99cc00;\"><a style=\"color: #99cc00;\" href=\"https:\/\/www.youtube.com\/watch?v=fNcgPB53mIs\" target=\"_blank\" rel=\"noopener\">https:\/\/www.youtube.com\/watch?v=fNcgPB53mIs<\/a><\/span><\/p>\n<p><strong><span style=\"color: #ff9900;\">Komplekti F15\u00a0edasij\u00f5udnule moodustab:<\/span><\/strong><\/p>\n<p><span style=\"color: #999999;\">\u2022\u00a0 \u00a0 Aaloe-j\u00f5hvikamahl (kaks 1-liitrist pudelit)<\/span><br \/>\n<span style=\"color: #999999;\"> \u2022\u00a0\u00a0 \u00a0kokteil Forever Lite Ultra Chocolate\u00ae (1 pakki)<\/span><br \/>\n<span style=\"color: #999999;\"> \u2022\u00a0\u00a0\u00a0 Forever Therm&#x2122; (30 tabletti)<\/span><br \/>\n<span style=\"color: #999999;\"> \u2022\u00a0\u00a0\u00a0 Forever Garcinia Plus\u00ae (90 kapslit)<\/span><br \/>\n<span style=\"color: #999999;\"> \u2022\u00a0\u00a0\u00a0 Forever Fiber&#x2122; (15 pakki)<\/span><br \/>\n<span style=\"color: #999999;\">\u2022 \u00a0 \u00a0Lae ala bro\u0161\u00fc\u00fcr : <span style=\"color: #ff9900;\">\u00a0 <a style=\"color: #ff9900;\" href=\"https:\/\/gallery.foreverliving.com\/gallery\/LTU\/download\/distrib\/EST\/F15_pazengusiems_EST.pdf\" target=\"_blank\" rel=\"noopener\">F15\u00a0edasij\u00f5udnule<\/a><\/span><\/span><\/p>\n","protected":false},"excerpt":{"rendered":"<p><span style=\"color: #999999;\">Astuge veel \u00fcks samm parema v\u00e4limuse ja enesetunde poole. \u00dcksk\u00f5ik, kas alles alustate v\u00f5i teil on juba korralik kogemustepagas, F15 pakub tugevnemiseks ja k\u00f5hnumiseks toitumis- ja treeningakava edasij\u00f5udnutele. 15-p\u00e4evane programm on loodud nii, et need aitaksid igaveseks oma eluviisi muuta ja v\u00f5imaldaksid j\u00e4rjekindlalt muutuda.<\/span><\/p>\n","protected":false},"featured_media":4317,"template":"","meta":[],"product_brand":[],"product_cat":[74],"product_tag":[],"class_list":{"0":"post-1863","1":"product","2":"type-product","3":"status-publish","4":"has-post-thumbnail","6":"product_cat-komplektid","8":"first","9":"instock","10":"taxable","11":"shipping-taxable","12":"purchasable","13":"product-type-simple"},"jetpack_sharing_enabled":true,"_links":{"self":[{"href":"https:\/\/aaloe.ee\/et\/wp-json\/wp\/v2\/product\/1863","targetHints":{"allow":["GET"]}}],"collection":[{"href":"https:\/\/aaloe.ee\/et\/wp-json\/wp\/v2\/product"}],"about":[{"href":"https:\/\/aaloe.ee\/et\/wp-json\/wp\/v2\/types\/product"}],"wp:featuredmedia":[{"embeddable":true,"href":"https:\/\/aaloe.ee\/et\/wp-json\/wp\/v2\/media\/4317"}],"wp:attachment":[{"href":"https:\/\/aaloe.ee\/et\/wp-json\/wp\/v2\/media?parent=1863"}],"wp:term":[{"taxonomy":"product_brand","embeddable":true,"href":"https:\/\/aaloe.ee\/et\/wp-json\/wp\/v2\/product_brand?post=1863"},{"taxonomy":"product_cat","embeddable":true,"href":"https:\/\/aaloe.ee\/et\/wp-json\/wp\/v2\/product_cat?post=1863"},{"taxonomy":"product_tag","embeddable":true,"href":"https:\/\/aaloe.ee\/et\/wp-json\/wp\/v2\/product_tag?post=1863"}],"curies":[{"name":"wp","href":"https:\/\/api.w.org\/{rel}","templated":true}]}}