{"id":1837,"date":"2015-03-15T17:16:56","date_gmt":"2015-03-15T15:16:56","guid":{"rendered":"http:\/\/aaloe.ee\/?post_type=product&#038;p=1837"},"modified":"2025-11-20T00:29:29","modified_gmt":"2025-11-19T22:29:29","slug":"forever-fiber-vees-lahustuvad-kiudained","status":"publish","type":"product","link":"https:\/\/aaloe.ee\/et\/toode\/forever-fiber-vees-lahustuvad-kiudained\/","title":{"rendered":"Forever Fiber &#8211; vees lahustuvad kiudained"},"content":{"rendered":"<h3><span style=\"color: #99cc00;\">Forever Fiber<\/span><\/h3>\n<p style=\"text-align: justify;\"><span style=\"color: #999999;\">Igas Forever Fiberi\u2122 pakis on\u00a05 g kiudaineid, mis rikastavad\u00a0tervislikku toidulauda. Toitumisspetsialistid\u00a0soovitavad iga\u00a0p\u00e4ev tarvitada kuni 30 g kiudaineid,\u00a0et tagada tervis ja t\u00f6\u00f6korras\u00a0seedes\u00fcsteem. Paraku tarvitab\u00a0enamik inimesi vaid ligikaudu\u00a0pool sellest kogusest. Me s\u00f6\u00f6me\u00a0ohtralt t\u00f6\u00f6deldud toitu, mis\u00a0t\u00e4hendab, et me ei saa nii palju\u00a0kiudaineid kui normaalsele organismile\u00a0vaja. Forever Fiber\u2122\u00a0sisaldab neljast kiudaineliigist\u00a0koosnevat patenditud kompleksi,\u00a0nii et selle tarvitamisel rikastate\u00a0h\u00f5lpsasti oma toidusedelit kiudainetega.\u00a0Puistake seda toidule,\u00a0segage aaloemahla, m\u00f5ne muu\u00a0joogi v\u00f5i lihtsalt vee sisse (selle\u00a0saate pudeliga kaasa v\u00f5tta).\u00a0Ehkki kiudained seostuvad meie j<\/span><span style=\"color: #999999;\">aoks sageli t\u00f6\u00f6korras seedetraktiga\u00a0(ja see on \u00f5ige), on need\u00a0v\u00e4ga kasulikud kogu organismile.\u00a0Kui tarvitate Forever Fiberit\u2122\u00a0s\u00f6\u00f6gikordade vahel, ei l\u00e4he k\u00f5ht\u00a0nii ruttu t\u00fchjaks, t\u00e4nu millele\u00a0on kergem oma isu kontrolli all\u00a0hoida, s\u00f6\u00f6mishooge v\u00e4ltida ja\u00a0v\u00e4hem kaloreid tarvitada. See on\u00a0eriti oluline neile, kes p\u00fc\u00fcavad\u00a0kaalust alla v\u00f5tta (kui toidulisandi\u00a0tarvitamist t\u00e4iendavad\u00a0tervislik toitumine ja regulaarne\u00a0trenn). Kiudained v\u00f5ivad abiks\u00a0olla ka veresuhkru taseme normis\u00a0hoidmisel (kui see on eelnevalt\u00a0normis olnud) ja makro-toitainete\u00a0omastamise aeglustamisel\u00a0toidust, t\u00e4nu millele ei pruugi\u00a0p\u00e4rast s\u00f6\u00f6mist tekkida uimasust\u00a0ega j\u00f5uetuse tunnet.\u00a0Uuringute kohaselt m\u00f5juvad kiudained\u00a0h\u00e4sti ka s\u00fcdame ja veresoonkonna\u00a0talitlusele. Teadlased\u00a0tunnistavad t\u00e4nap\u00e4eval, et kuni\u00a070% immuuns\u00fcsteemist s\u00f5ltub\u00a0seedekulglast, sellep\u00e4rast v\u00f5ivad\u00a0kiudained seedimist tugevdades\u00a0soodsalt m\u00f5juda ka immuuns\u00fcsteemile.\u00a0Kui organism saab\u00a0piisavalt kiudaineid, v\u00f5ib see\u00a0h\u00f5lbustada ebavajalike ainete\u00a0v\u00e4ljutamist kehast ja leevendada\u00a0m\u00f5nikord esineva k\u00f5hukinnisuse\u00a0s\u00fcmptomeid.\u00a0Forever Fiberi\u2122 abil on v\u00e4ga\u00a0lihtne oma toidusedelit kiudainete\u00a0varal rikastada \u2013 igas pakis on 5\u00a0g lahustuvaid kiudaineid. See on\u00a0v\u00f5rdne peaaegu 1\u00bd klaasi pruuni\u00a0riisi v\u00f5i 2 viilu t\u00e4isteraleivaga,\u00a0ainult et ilma s\u00fcsivesikute ja\u00a0kaloriteta! Forever Fiber\u2122 on\u00a0mugav viis tarvitada iga p\u00e4ev\u00a0rohkem kiudaineid ja hoolitseda\u00a0oma tervise eest.<\/span><\/p>\n<p><strong><span style=\"color: #999999;\"><span style=\"color: #ff0000;\">NB!<\/span> Lahustuvad kiudained muutuvad k\u00f5hus geeljasmassiks, mis aeglustavad gl\u00fckoosi imendumist v\u00e4ltimaks liigkiiret veresuhkru taseme t\u00f5usu ning \u00a0v\u00e4hendavad organismis kolesterooli ja veresuhkrut. Seda liiki kiudainel on unikaalne v\u00f5ime absorbeerida vett 4-6 korda rohkem oma mahust,\u00a0 mis t\u00e4idab k\u00f5hu\u00f5\u00f5ne ja tekitab t\u00e4isk\u00f5hutunde v\u00e4ltimaks \u00fcles\u00f6\u00f6mist.<\/span><\/strong><\/p>\n<p style=\"text-align: justify;\"><strong><span style=\"color: #99cc00;\">SOOVITUSLIK\u00a0TARVITAMINE:<\/span><\/strong> <span style=\"color: #999999;\">segage pakk\u00a0toidulisandit Forever Fiber\u2122 iga\u00a0p\u00e4ev vee, aaloemahla v\u00f5i m\u00f5ne\u00a0muu joogi sisse. Optimaalse\u00a0tulemuse saavutamiseks puistake\u00a0pakit\u00e4is toidulisandit klaasi, lisage\u00a0meelep\u00e4rast jooki ja segage h\u00e4sti\u00a0l\u00e4bi. V\u00f5ib puistata ka toidule.\u00a0Forever Fiberit\u2122 on soovitatav\u00a0v\u00f5tta v\u00e4hemalt 30 minutise vahega\u00a0muude toidulisandite tarvitamisest,\u00a0sest kiudained v\u00f5ivad m\u00f5jutada\u00a0nende imendumist organismi.<\/span><\/p>\n<table border=\"1\" cellspacing=\"1\" cellpadding=\"1\">\n<tbody>\n<tr>\n<td><span style=\"color: #999999;\"><strong>Sisaldus<\/strong><\/span><\/td>\n<td><span style=\"color: #999999;\"><strong>\u00a0 \u00a0 100 g<\/strong><\/span><\/td>\n<td><span style=\"color: #999999;\"><strong>p\u00e4evane kogus<\/strong>\u00a0<strong>(6,1 g)<\/strong><\/span><\/td>\n<\/tr>\n<tr>\n<td><span style=\"color: #999999;\">Energiat<\/span><\/td>\n<td><span style=\"color: #999999;\">718 kJ\/169 kcal<\/span><\/td>\n<td><span style=\"color: #999999;\">42 kJ\/10 kcal<\/span><\/td>\n<\/tr>\n<tr>\n<td><span style=\"color: #999999;\">Rasva<\/span><\/td>\n<td><span style=\"color: #999999;\">0 g<\/span><\/td>\n<td><span style=\"color: #999999;\">0 g<\/span><\/td>\n<\/tr>\n<tr>\n<td><span style=\"color: #999999;\">\u00a0 millest k\u00fcllastunud\u00a0<\/span><\/td>\n<td><span style=\"color: #999999;\">0 g<\/span><\/td>\n<td><span style=\"color: #999999;\">0 g<\/span><\/td>\n<\/tr>\n<tr>\n<td><span style=\"color: #999999;\">S\u00fcsivesikuid\u00a0<\/span><\/td>\n<td><span style=\"color: #999999;\">11,0 g<\/span><\/td>\n<td><span style=\"color: #999999;\">0,7 g<\/span><\/td>\n<\/tr>\n<tr>\n<td><span style=\"color: #999999;\">\u00a0 millest suhkruid<\/span><\/td>\n<td><span style=\"color: #999999;\">1,5 g<\/span><\/td>\n<td><span style=\"color: #999999;\">0,1 g<\/span><\/td>\n<\/tr>\n<tr>\n<td><span style=\"color: #999999;\">Kiudaineid<\/span><\/td>\n<td><span style=\"color: #999999;\">82,0 g<\/span><\/td>\n<td><span style=\"color: #999999;\">5,0 g<\/span><\/td>\n<\/tr>\n<tr>\n<td><span style=\"color: #999999;\">Proteiine<\/span><\/td>\n<td><span style=\"color: #999999;\">0 g<\/span><\/td>\n<td><span style=\"color: #999999;\">0 g<\/span><\/td>\n<\/tr>\n<tr>\n<td><span style=\"color: #999999;\">Soola<\/span><\/td>\n<td><span style=\"color: #999999;\">0,5 g<\/span><\/td>\n<td><span style=\"color: #999999;\">0,03 g<\/span><\/td>\n<\/tr>\n<\/tbody>\n<\/table>\n<p><strong><span style=\"color: #99cc00;\">Loe lisa:<\/span> <span style=\"color: #ff9900;\"><a style=\"color: #ff9900;\" href=\"http:\/\/aaloe.ee\/wp-content\/uploads\/2015\/03\/forever-fiber.pdf\">forever-fiber<\/a><\/span><\/strong><\/p>\n<p style=\"text-align: justify;\">\n","protected":false},"excerpt":{"rendered":"<div>\n<h3 class=\"variant a1Pd0000002JUIoEAO\"><span style=\"color: #99cc00;\">Forever Fiber<\/span><\/h3>\n<p class=\"variant a1Pd0000002JUIoEAO\"><span style=\"color: #999999;\">Toidulisand sisaldab neljast kiudaineliigist koosnevat patenditud kompleksi, t\u00e4nu millele rikastate h\u00f5lpsasti oma toidusedelit kiudainetega.\u00a0Puistake seda toidule, segage aaloemahla, muu joogi v\u00f5i lihtsalt vee sisse (selle saate pudeliga kaasa v\u00f5tta). <\/span><\/p>\n<\/div>\n<div>\n<div class=\"price variant a1Pd0000002JUIoEAO\"><span style=\"color: #999999;\">KOGUS: 30 pakki\u00a0\u00e1 6,1 g<\/span><\/div>\n<div class=\"price variant a1Pd0000002JUIoEAO\"><span style=\"color: #999999;\">Kood: 464<\/span><\/div>\n<\/div>\n<div class=\"price variant a1Pd0000002JUIoEAO\"><\/div>\n<div class=\"price variant a1Pd0000002JUIoEAO\"><\/div>\n","protected":false},"featured_media":3436,"template":"","meta":[],"product_brand":[],"product_cat":[15,20],"product_tag":[],"class_list":{"0":"post-1837","1":"product","2":"type-product","3":"status-publish","4":"has-post-thumbnail","6":"product_cat-toidulisandid","7":"product_cat-kehakaal-ja-toitumine","9":"first","10":"instock","11":"taxable","12":"shipping-taxable","13":"purchasable","14":"product-type-simple"},"jetpack_sharing_enabled":true,"_links":{"self":[{"href":"https:\/\/aaloe.ee\/et\/wp-json\/wp\/v2\/product\/1837","targetHints":{"allow":["GET"]}}],"collection":[{"href":"https:\/\/aaloe.ee\/et\/wp-json\/wp\/v2\/product"}],"about":[{"href":"https:\/\/aaloe.ee\/et\/wp-json\/wp\/v2\/types\/product"}],"wp:featuredmedia":[{"embeddable":true,"href":"https:\/\/aaloe.ee\/et\/wp-json\/wp\/v2\/media\/3436"}],"wp:attachment":[{"href":"https:\/\/aaloe.ee\/et\/wp-json\/wp\/v2\/media?parent=1837"}],"wp:term":[{"taxonomy":"product_brand","embeddable":true,"href":"https:\/\/aaloe.ee\/et\/wp-json\/wp\/v2\/product_brand?post=1837"},{"taxonomy":"product_cat","embeddable":true,"href":"https:\/\/aaloe.ee\/et\/wp-json\/wp\/v2\/product_cat?post=1837"},{"taxonomy":"product_tag","embeddable":true,"href":"https:\/\/aaloe.ee\/et\/wp-json\/wp\/v2\/product_tag?post=1837"}],"curies":[{"name":"wp","href":"https:\/\/api.w.org\/{rel}","templated":true}]}}