{"id":1364,"date":"2014-12-19T20:45:33","date_gmt":"2014-12-19T18:45:33","guid":{"rendered":"http:\/\/aaloe.ee\/?post_type=product&#038;p=1364"},"modified":"2024-01-06T18:48:22","modified_gmt":"2024-01-06T16:48:22","slug":"forever-active-boost-fab-x","status":"publish","type":"product","link":"https:\/\/aaloe.ee\/et\/toode\/forever-active-boost-fab-x\/","title":{"rendered":"FAB X \u2013 energiajook"},"content":{"rendered":"<h3 class=\"variant a1Pd0000002JOgBEAW\"><span style=\"color: #99cc00;\">FAB X \u2013 energiajook<\/span><\/h3>\n<p><span style=\"color: #999999;\">\u201eFAB X Forever Active\u00a0Boost\u2122\u201c on energiajook, mis\u00a0ei sisalda kaloreid, s\u00fcsivesikuid\u00a0ega suhkrut, k\u00fcll aga ohtralt\u00a0vitamiine, aminohappeid\u00a0ja elektrol\u00fc\u00fcte. Kas olete\u00a0kunagi unistanud, et teil oleks\u00a0eesm\u00e4rkide elluviimiseks rohkem\u00a0aega? Aeg on meie kalleim vara.\u00a0Kui teil j\u00e4tkub energiat kogu\u00a0p\u00e4evaks, saate \u00e4ra teha k\u00f5ik, mis\u00a0plaanitud. Oleme loonud FAB\u00a0X-i, et saaksite elada aktiivselt\u00a0ning nautida suurep\u00e4rast\u00a0maitset ja kvaliteeti, mis on\u00a0juba kujunenud \u201eForever\u201c\u00a0tunnusm\u00e4rgiks.\u00a0Vahel ei piisa kiirest\u00a0j\u00f5utaastamisest, vaid tuleb\u00a0hoolitseda ka selle eest, et\u00a0p\u00e4rast toimekat p\u00e4eva j\u00e4tkuks\u00a0energiat veel sisukaks \u00f5htuks\u00a0v\u00f5i tunnikeseks spordisaalis. Et\u00a0energiajook FAB X ei sisalda\u00a0kaloreid ega suhkrut, sobib\u00a0see h\u00e4sti v\u00e4rskenduseks. T\u00e4nu\u00a0looduslikule koostisainele\u00a0guaraana-pauliiniale taastub\u00a0j\u00f5ud silmapilkselt. Tuntud\u00a0sporditoitumisteadlase loodud\u00a0ja patenditud koostisosade\u00a0kompleks varustab organismi\u00a0kauakestva energiaga.\u00a0FAB X-is on \u00fchendatud\u00a0vastupidavus, keskendatus,\u00a0energia ja vitamiinid. Nii\u00a0saate taas energiat ja v\u00f5ite\u00a0produktiivsemalt t\u00f6\u00f6tada,\u00a0kurnamata keha ebavajaliku\u00a0suhkru ja kaloritega. K\u00f5igil on\u00a0m\u00f5nikord vaja, et j\u00f5ud kiiresti\u00a0taastuks. FAB X on tervislik\u00a0valik, mida v\u00f5ib usaldada.<\/span><\/p>\n<p><span style=\"color: #999999;\">Jook paneb energia kohe tulvama ja jaksu j\u00e4tkub kauemaks. Andku FAB X teile energiat terveks p\u00e4evaks ja aidaku saavutada k\u00f5ik, mida ihkate!<\/span><\/p>\n<p><span style=\"color: #999999;\"><span style=\"color: #ff9900;\">Lae alla tooteinfo PDF fail:\u00a0<\/span><a style=\"color: #99cc00;\" href=\"http:\/\/aaloe.ee\/wp-content\/uploads\/2014\/12\/kood-440.pdf\">Forever Active Boost FAB X\u00a0<\/a><\/span><b><span style=\"color: #99cc00;\">\u00a0<\/span><\/b><\/p>\n","protected":false},"excerpt":{"rendered":"<p><span style=\"color: #999999;\">Energiajook FAB X on tervise ja reipuse allikas, mis ei sisalda kaloreid, s\u00fcsivesikuid ega suhkrut, k\u00fcll aga ohtralt vitamiine, aminohappeid ja elektrol\u00fc\u00fcte.<\/span><\/p>\n<p><span style=\"color: #999999;\">Jook paneb energia kohe tulvama ja jaksu j\u00e4tkub kauemaks. Andku FAB X teile energiat terveks p\u00e4evaks ja aidaku saavutada k\u00f5ik, mida ihkate!<\/span><\/p>\n<p><span style=\"color: #999999;\">Kod: 440<\/span><\/p>\n<p style=\"text-align: justify;\"><span style=\"color: #999999;\">KOGUS: \u00fcks purk (250 ml).<\/span><\/p>\n","protected":false},"featured_media":1367,"template":"","meta":[],"product_brand":[],"product_cat":[186],"product_tag":[],"class_list":{"0":"post-1364","1":"product","2":"type-product","3":"status-publish","4":"has-post-thumbnail","6":"product_cat-186","8":"first","9":"instock","10":"taxable","11":"shipping-taxable","12":"purchasable","13":"product-type-simple"},"jetpack_sharing_enabled":true,"_links":{"self":[{"href":"https:\/\/aaloe.ee\/et\/wp-json\/wp\/v2\/product\/1364","targetHints":{"allow":["GET"]}}],"collection":[{"href":"https:\/\/aaloe.ee\/et\/wp-json\/wp\/v2\/product"}],"about":[{"href":"https:\/\/aaloe.ee\/et\/wp-json\/wp\/v2\/types\/product"}],"wp:featuredmedia":[{"embeddable":true,"href":"https:\/\/aaloe.ee\/et\/wp-json\/wp\/v2\/media\/1367"}],"wp:attachment":[{"href":"https:\/\/aaloe.ee\/et\/wp-json\/wp\/v2\/media?parent=1364"}],"wp:term":[{"taxonomy":"product_brand","embeddable":true,"href":"https:\/\/aaloe.ee\/et\/wp-json\/wp\/v2\/product_brand?post=1364"},{"taxonomy":"product_cat","embeddable":true,"href":"https:\/\/aaloe.ee\/et\/wp-json\/wp\/v2\/product_cat?post=1364"},{"taxonomy":"product_tag","embeddable":true,"href":"https:\/\/aaloe.ee\/et\/wp-json\/wp\/v2\/product_tag?post=1364"}],"curies":[{"name":"wp","href":"https:\/\/api.w.org\/{rel}","templated":true}]}}