{"id":1358,"date":"2014-12-19T20:32:36","date_gmt":"2014-12-19T18:32:36","guid":{"rendered":"http:\/\/aaloe.ee\/?post_type=product&#038;p=1358"},"modified":"2025-10-31T23:57:58","modified_gmt":"2025-10-31T21:57:58","slug":"forever-active-boost-fab","status":"publish","type":"product","link":"https:\/\/aaloe.ee\/et\/toode\/forever-active-boost-fab\/","title":{"rendered":"FAB &#8211; energiajook"},"content":{"rendered":"<h3><span style=\"color: #99cc00;\">FAB &#8211; energiajook<\/span><\/h3>\n<p><span style=\"color: #999999;\">FAB taastab j\u00f5u, nii jagub teil vastupidavust ja keskendumisjaksu teha \u00e4ra k\u00f5ik, mis kavatsetud.<\/span><\/p>\n<p><span style=\"color: #999999;\">Me k\u00f5ik teame, kui v\u00e4sitav v\u00f5ib olla murederohke aktiivne elu \u2013 t\u00f6\u00f6\u00fclesannete t\u00e4htajad, lastele kooli vastuminek, jalgpallitrenn, poesk\u00e4igud, koristamine jne. K\u00fcsite, kuidas k\u00fcll k\u00f5igeks energiat jagub. \u201eForever\u201c on leidnud lahenduse, mis aitab t\u00fchja \u201ek\u00fctusepaaki\u201c t\u00e4is tankida \u2013 selleks on naturaalne energiajook \u201eFAB (Forever Active Boost)\u201c. \u201eFAB\u201c erineb teistest energiajookidest, sest tunnete guaraana-pauliiniast (Brasiilias v\u00e4ga populaarne taim, mille seemnetes on palju kofeiini) saadavat energiatulva kohe ja selle m\u00f5ju kestab kaua. Joogi pikaajalise toime tagab ADX7 tehnoloogia. ADX7 on taimede ja muude toitainete patenditud segu, mis aitab s\u00e4ilitada vastupidavust. Selle l\u00f5i kuulus spordi alal t\u00f6\u00f6tav vene teadlane ja uurija. T\u00e4nu ADX7-le v\u00f5itsid Venemaa kergej\u00f5ustiklased ol\u00fcmpiam\u00e4ngudel \u00fcle 130 medali. \u201eFAB\u201c on kiire ja v\u00e4rskendav viis p\u00fcsida terve p\u00e4eva energiline ja vilgas. See taastab j\u00f5u, n\u00f5nda j\u00e4tkub teil jaksu ja keskendumisj\u00f5udu teha k\u00f5ik, mida peate v\u00f5i <a href=\"https:\/\/vao.com.ua\/\" target=\"_blank\" rel=\"noopener\">vao<\/a>.<\/span><\/p>\n<p><span style=\"color: #999999;\"><span style=\"color: #ff9900;\">Lae alla tooteinfo PDF fail:<\/span><b>\u00a0<\/b><a style=\"color: #99cc00;\" href=\"http:\/\/aaloe.ee\/wp-content\/uploads\/2014\/12\/kood-321.pdf\">Forever Active Boost FAB<\/a><\/span><b><span style=\"color: #99cc00;\">\u00a0<\/span><\/b><\/p>\n","protected":false},"excerpt":{"rendered":"<p class=\"variant a1Pd0000002JOg1EAG\"><span style=\"color: #999999;\">See \u00a0kiire ja v\u00e4rskendav naturaalne energiajook \u00a0aitab \u00a0p\u00fcsida terve p\u00e4eva energilise ja \u00e4rksana.\u00a0<\/span><span style=\"color: #999999;\">FAB taastab j\u00f5u, nii jagub teil vastupidavust ja keskendumisjaksu teha \u00e4ra k\u00f5ik, mis kavatsetud.<\/span><\/p>\n<p class=\"variant a1Pd0000002JOg1EAG\"><span style=\"color: #999999;\">Kood: 321<\/span><\/p>\n<p><span style=\"color: #999999;\">\u00dcks portsjon on \u00fcks purk (250 ml)<\/span><\/p>\n","protected":false},"featured_media":1361,"template":"","meta":[],"product_brand":[],"product_cat":[14],"product_tag":[],"class_list":{"0":"post-1358","1":"product","2":"type-product","3":"status-publish","4":"has-post-thumbnail","6":"product_cat-joogid","8":"first","9":"instock","10":"taxable","11":"shipping-taxable","12":"purchasable","13":"product-type-simple"},"jetpack_sharing_enabled":true,"_links":{"self":[{"href":"https:\/\/aaloe.ee\/et\/wp-json\/wp\/v2\/product\/1358","targetHints":{"allow":["GET"]}}],"collection":[{"href":"https:\/\/aaloe.ee\/et\/wp-json\/wp\/v2\/product"}],"about":[{"href":"https:\/\/aaloe.ee\/et\/wp-json\/wp\/v2\/types\/product"}],"wp:featuredmedia":[{"embeddable":true,"href":"https:\/\/aaloe.ee\/et\/wp-json\/wp\/v2\/media\/1361"}],"wp:attachment":[{"href":"https:\/\/aaloe.ee\/et\/wp-json\/wp\/v2\/media?parent=1358"}],"wp:term":[{"taxonomy":"product_brand","embeddable":true,"href":"https:\/\/aaloe.ee\/et\/wp-json\/wp\/v2\/product_brand?post=1358"},{"taxonomy":"product_cat","embeddable":true,"href":"https:\/\/aaloe.ee\/et\/wp-json\/wp\/v2\/product_cat?post=1358"},{"taxonomy":"product_tag","embeddable":true,"href":"https:\/\/aaloe.ee\/et\/wp-json\/wp\/v2\/product_tag?post=1358"}],"curies":[{"name":"wp","href":"https:\/\/api.w.org\/{rel}","templated":true}]}}