{"id":1337,"date":"2014-12-19T18:57:44","date_gmt":"2014-12-19T16:57:44","guid":{"rendered":"http:\/\/aaloe.ee\/?post_type=product&#038;p=1337"},"modified":"2024-01-06T19:00:19","modified_gmt":"2024-01-06T17:00:19","slug":"forever-fast-break-energy-bar","status":"publish","type":"product","link":"https:\/\/aaloe.ee\/et\/toode\/forever-fast-break-energy-bar\/","title":{"rendered":"Forever Fast Break &#8211; Energiabatoonike maap\u00e4hkliv\u00f5iga"},"content":{"rendered":"<h3><span style=\"color: #99cc00;\">Forever Fast Break\u00ae Bar<\/span><\/h3>\n<h3><span style=\"color: #ff9900;\">Forever Energiabatoon<\/span><\/h3>\n<p style=\"text-align: justify;\"><span style=\"color: #999999;\">Pole t\u00e4htis kas olete pidevalt toimetustega h\u00f5ivatud v\u00f5i otsite suupistet, mis annaks j\u00f5udu sportimisel, teie aktiivsesse eluviisi \u00a0sobib suurep\u00e4raselt batoonike\u00a0<\/span><span style=\"color: #999999;\">Forever Fast Break\u00ae. Pealekauba on see nii maitsev, et viib teit otse kui tervisliku toitumise paradiis.See maap\u00e4hkliv\u00f5iga \u0161okolaadibatoon siasldab 11g valke, vitamiine ja mineraale ning 3g kiudaineid, et tekiks t\u00e4isk\u00f5hutunne.<\/span><\/p>\n<p style=\"text-align: justify;\"><span style=\"color: #999999;\">Suurep\u00e4rase maitsega kalorivaene toitev suupistealternatiiv\u00a0Iga \u201eForever Fast\u00a0Break\u00ae\u201c energiabatoon varustab\u00a0meid vajalike vitamiinide ja\u00a0mineraalidega, sisaldab aminohappeid\u00a0 ja\u00a0 ens\u00fc\u00fcme, mis\u00a0 aitavad\u00a0 kehal\u00a0 pingest taastuda ja annavad energiat.\u00a0Lisaks annab see\u00a0meile kvaliteetseid valke, olulisi pol\u00fck\u00fcllastumata rasvhappeid ja\u00a0kiudaineid.\u00a0\u201eForever Fast Break\u00ae\u201c on osa v\u00e4hendatud\u00a0energiakoguse dieedist,\u00a0mille juurde kuulub regulaarne\u00a0v\u00f5imlemine. Nii aitab see saavutada ja s\u00e4ilitada soovitud kaalu.\u00a0Energiabatoon \u201eForever\u00a0Fast Break\u00ae\u201c v\u00f5ib t\u00e4nap\u00e4eva\u00a0kiirustavale inimesele asendada\u00a0suurep\u00e4raselt \u00fchte toidukorda.\u00a0Aktiivsele inimesele on see hea\u00a0viis tempos p\u00fcsida.\u00a0Sobib ideaalselt p\u00e4rast f\u00fc\u00fcsilist\u00a0koormust, samuti suupistena\u00a0trenni ja v\u00f5istluste ajal.<\/span><\/p>\n<p style=\"text-align: justify;\"><span style=\"color: #999999;\">SOOVITUSLIK: 1 batoon p\u00e4evas.\u00a0\u201eForever Fast Break\u00ae\u201c on osa<\/span><span style=\"color: #999999;\">v\u00e4hendatud energiakoguse dieedist,\u00a0mille juurde kuulub regulaarne\u00a0<\/span><span style=\"color: #999999;\">v\u00f5imlemine. Nii aitab see saavutada\u00a0ja s\u00e4ilitada soovitud kaalu.<\/span><\/p>\n<p><span style=\"color: #999999;\">\u00a056g ,\u00a0 220 kalorit<\/span><\/p>\n<p><span style=\"color: #999999;\"><span style=\"color: #ff9900;\">Vaata:<\/span> Forever Fast Break\u00ae <strong>\u00a0\u00a0<\/strong><span style=\"color: #99cc00;\"><a style=\"color: #99cc00;\" href=\"http:\/\/aaloe.ee\/wp-content\/uploads\/2014\/12\/Kood-267.pdf\">Kood\u00a05<\/a>20<\/span><strong><br \/>\n<\/strong><\/span><\/p>\n","protected":false},"excerpt":{"rendered":"<div>\n<p class=\"intro variant a1Pd0000002JV2hEAG\"><span style=\"color: #999999;\">Taastage j\u00f5ud Forever Fast Breakiga. Batoon\u00a0sisaldab vitamiine, mineraale, aminohappeid ja ens\u00fc\u00fcme, mis aitavad kehal pingest taastuda ja annavad energiat.\u00a0Suurep\u00e4rase maitsega.<\/span><\/p>\n<\/div>\n<div>\n<div class=\"price variant a1Pd0000002JV2hEAG\"><span style=\"color: #999999;\">1 batoonike 56 g, 220 kcal<\/span><\/div>\n<div class=\"price variant a1Pd0000002JV2hEAG\"><span style=\"color: #999999;\">KOOD: 520<\/span><\/div>\n<\/div>\n","protected":false},"featured_media":3421,"template":"","meta":[],"product_brand":[],"product_cat":[20],"product_tag":[],"class_list":{"0":"post-1337","1":"product","2":"type-product","3":"status-publish","4":"has-post-thumbnail","6":"product_cat-kehakaal-ja-toitumine","8":"first","9":"instock","10":"taxable","11":"shipping-taxable","12":"purchasable","13":"product-type-simple"},"jetpack_sharing_enabled":true,"_links":{"self":[{"href":"https:\/\/aaloe.ee\/et\/wp-json\/wp\/v2\/product\/1337","targetHints":{"allow":["GET"]}}],"collection":[{"href":"https:\/\/aaloe.ee\/et\/wp-json\/wp\/v2\/product"}],"about":[{"href":"https:\/\/aaloe.ee\/et\/wp-json\/wp\/v2\/types\/product"}],"wp:featuredmedia":[{"embeddable":true,"href":"https:\/\/aaloe.ee\/et\/wp-json\/wp\/v2\/media\/3421"}],"wp:attachment":[{"href":"https:\/\/aaloe.ee\/et\/wp-json\/wp\/v2\/media?parent=1337"}],"wp:term":[{"taxonomy":"product_brand","embeddable":true,"href":"https:\/\/aaloe.ee\/et\/wp-json\/wp\/v2\/product_brand?post=1337"},{"taxonomy":"product_cat","embeddable":true,"href":"https:\/\/aaloe.ee\/et\/wp-json\/wp\/v2\/product_cat?post=1337"},{"taxonomy":"product_tag","embeddable":true,"href":"https:\/\/aaloe.ee\/et\/wp-json\/wp\/v2\/product_tag?post=1337"}],"curies":[{"name":"wp","href":"https:\/\/api.w.org\/{rel}","templated":true}]}}