{"id":1331,"date":"2014-12-19T18:38:43","date_gmt":"2014-12-19T16:38:43","guid":{"rendered":"http:\/\/aaloe.ee\/?post_type=product&#038;p=1331"},"modified":"2024-01-06T19:01:06","modified_gmt":"2024-01-06T17:01:06","slug":"forever-lean","status":"publish","type":"product","link":"https:\/\/aaloe.ee\/et\/toode\/forever-lean\/","title":{"rendered":"Forever Lean"},"content":{"rendered":"<h3><span style=\"color: #99cc00;\">Forever Lean<\/span><\/h3>\n<p><span style=\"color: #99cc00;\">Kaaluj\u00e4lgimisprogrammi lisand<\/span><\/p>\n<p style=\"text-align: justify;\"><span style=\"color: #999999;\">V\u00e4hendab kalorite omastamist rasvast ja s\u00fcsisvesikutest. T\u00f5stab organismi v\u00f5imet reguleerida vere suhkrusisaldust. Toidulisandi toime on maksimaalne, kui kaasate kaaluj\u00e4lgimisprogrammi\u00a0\u00a0 ka\u00a0 tervisliku\u00a0 toitumise\u00a0 ja\u00a0 regulaarse\u00a0 v\u00f5imlemise.<\/span><\/p>\n<p style=\"text-align: justify;\"><span style=\"color: #999999;\">\u201eForever Lean\u201c koostises on\u00a0kaks komponenti , mis aitavad\u00a0<\/span><span style=\"color: #999999;\">organismis v\u00e4hendada rasvast\u00a0ja s\u00fcsivesikutest omastatavate\u00a0<\/span><span style=\"color: #999999;\">kalorite hulka. Esiteks on selle\u00a0koostises harukordsed rasva<\/span><span style=\"color: #999999;\">imavad kiudained, mida saadakse\u00a0suureviljalisest viigikaktusest\u00a0<\/span><span style=\"color: #999999;\">(Opuntia ficus-indica). Seda\u00a0taime kutsutakse veel India\u00a0<\/span><span style=\"color: #999999;\">viigipuuks, Mehhiko kaktuseks\u00a0ja okaspirniks. Uurimustest on\u00a0<\/span><span style=\"color: #999999;\">selgunud, et neid ainulaadseid\u00a0kiudaineid iseloomustab\u00a0<\/span><span style=\"color: #999999;\">teiste taimeliikidega v\u00f5rreldes\u00a0m\u00e4rkimisv\u00e4\u00e4rne v\u00f5ime siduda<\/span><br \/>\n<span style=\"color: #999999;\">rasvu.\u00a0\u201eForever Lean\u201c teine unikaalne\u00a0komponent on harilikust aedoast\u00a0<\/span><span style=\"color: #999999;\">(Phaseolus vulgaris) ehk t\u00fcrgi\u00a0oast erilisel viisil saadud valk,\u00a0<\/span><span style=\"color: #999999;\">mis aeglustab suhkru omastamist\u00a0peensooles, p\u00e4rssides ajutiselt<\/span><br \/>\n<span style=\"color: #999999;\">t\u00e4rklise suhkruks muutvate\u00a0ens\u00fc\u00fcmide tegevust.\u00a0<\/span><span style=\"color: #999999;\">Koos toimides aitavad need kaks\u00a0edulist koostisainet peatada osa\u00a0<\/span><span style=\"color: #999999;\">rasvast ja s\u00fcsivesikutest saadavate\u00a0kalorite omastamist ning v\u00f5ivad\u00a0<\/span><span style=\"color: #999999;\">t\u00f5husalt aidata kaasa ideaalkaalu\u00a0saavutamisele.\u00a0<\/span><span style=\"color: #999999;\">\u201eForever Lean\u201c kolmas ja k\u00f5ige\u00a0efektiivsem koostisosa on kroomtrikloriid.\u00a0Kroom on v\u00e4ga oluline\u00a0gl\u00fckoositaluvuse kaastegurina\u00a0<\/span><span style=\"color: #999999;\">toimiv mikroelement, mis t\u00f5stab\u00a0organismi loomulikku v\u00f5imet\u00a0<\/span><span style=\"color: #999999;\">reguleerida vere suhkrusisaldust.\u00a0See on eriti t\u00e4htis normaalseks<\/span><br \/>\n<span style=\"color: #999999;\">ainevahetuseks.\u00a0Toidulisandi maksimaalse\u00a0toime saavutamiseks tuleb aga\u00a0meeles pidada, et t\u00e4iusliku\u00a0kaalu saavutamiseks ja\u00a0s\u00e4ilitamiseks peaks \u00fcldisesse\u00a0kaaluj\u00e4lgimisre\u017eiimi l\u00fclitama ka\u00a0tervisliku toitumise ja regulaarse\u00a0v\u00f5imlemise.<\/span><\/p>\n<p style=\"text-align: justify;\"><span style=\"color: #999999;\">SOOVITUSLIK\u00a0TARVITAMINE: \u00fcks kapsel\u00a0vahetult enne s\u00f6\u00f6ki veega. Kuni\u00a0neli kapslit p\u00e4evas.<\/span><\/p>\n<p><span style=\"color: #999999;\">120 kapslit<\/span><\/p>\n<p><span style=\"color: #999999;\"><span style=\"color: #ff9900;\">Forever Lean\u00a0<\/span><span style=\"color: #99cc00;\"><span style=\"color: #ff9900;\">\u00a0<\/span><\/span> <span style=\"color: #99cc00;\"><a style=\"color: #99cc00;\" href=\"http:\/\/aaloe.ee\/wp-content\/uploads\/2014\/12\/kood-289.pdf\">kood 289<\/a><\/span><strong><br \/>\n<\/strong><\/span><\/p>\n","protected":false},"excerpt":{"rendered":"<p><span style=\"color: #999999;\">\u201eForever Lean\u201c koostises on kaks komponenti , mis aitavad organismis v\u00e4hendada rasvast ja s\u00fcsivesikutest omastatavate kalorite hulka.<\/span><\/p>\n<p><span style=\"color: #999999;\">KOGUS: 120 kapslit<\/span><\/p>\n<p><span style=\"color: #808080;\">KOOD: 289<\/span><\/p>\n","protected":false},"featured_media":3424,"template":"","meta":[],"product_brand":[],"product_cat":[20],"product_tag":[],"class_list":{"0":"post-1331","1":"product","2":"type-product","3":"status-publish","4":"has-post-thumbnail","6":"product_cat-kehakaal-ja-toitumine","8":"first","9":"instock","10":"taxable","11":"shipping-taxable","12":"purchasable","13":"product-type-simple"},"jetpack_sharing_enabled":true,"_links":{"self":[{"href":"https:\/\/aaloe.ee\/et\/wp-json\/wp\/v2\/product\/1331","targetHints":{"allow":["GET"]}}],"collection":[{"href":"https:\/\/aaloe.ee\/et\/wp-json\/wp\/v2\/product"}],"about":[{"href":"https:\/\/aaloe.ee\/et\/wp-json\/wp\/v2\/types\/product"}],"wp:featuredmedia":[{"embeddable":true,"href":"https:\/\/aaloe.ee\/et\/wp-json\/wp\/v2\/media\/3424"}],"wp:attachment":[{"href":"https:\/\/aaloe.ee\/et\/wp-json\/wp\/v2\/media?parent=1331"}],"wp:term":[{"taxonomy":"product_brand","embeddable":true,"href":"https:\/\/aaloe.ee\/et\/wp-json\/wp\/v2\/product_brand?post=1331"},{"taxonomy":"product_cat","embeddable":true,"href":"https:\/\/aaloe.ee\/et\/wp-json\/wp\/v2\/product_cat?post=1331"},{"taxonomy":"product_tag","embeddable":true,"href":"https:\/\/aaloe.ee\/et\/wp-json\/wp\/v2\/product_tag?post=1331"}],"curies":[{"name":"wp","href":"https:\/\/api.w.org\/{rel}","templated":true}]}}