{"id":1326,"date":"2014-12-19T18:33:04","date_gmt":"2014-12-19T16:33:04","guid":{"rendered":"http:\/\/aaloe.ee\/?post_type=product&#038;p=1326"},"modified":"2024-01-06T19:02:32","modified_gmt":"2024-01-06T17:02:32","slug":"forever-garcinia-plus","status":"publish","type":"product","link":"https:\/\/aaloe.ee\/et\/toode\/forever-garcinia-plus\/","title":{"rendered":"Forever Garcinia Plus"},"content":{"rendered":"<h3><span style=\"color: #99cc00;\">Forever Garcinia Plus<\/span><\/h3>\n<p><span style=\"color: #99cc00;\">Kaaluj\u00e4lgimisprogrammi lisand<\/span><\/p>\n<p style=\"text-align: justify;\"><span style=\"color: #999999;\">Toote aluseks on gartsiinia viljadest saadud h\u00fcdroks\u00fcsidrunhape (HCR). Toidulisand t\u00f5hustab organismi loomulikku ainevahetust, tekitab t\u00e4isk\u00f5hutunde ning aitab isu kontrolli all hoida. Sisaldab kroomi, mis j\u00e4\u00e4b paljude dieetide puhul sageli puudu, ehkki see on \u00f5igeks ainevahetuseks vajalik.<\/span><\/p>\n<p style=\"text-align: justify;\"><span style=\"color: #999999;\">\u201eForever Garcinia Plus\u201c sisaldab\u00a0mitmeid eriliselt valitud\u00a0koostisaineid, mis aitavad kaalust\u00a0alla v\u00f5tta. Peamine toidulisandi\u00a0koostisosa on L\u00f5una-Aasias\u00a0kasvava taime gartsiinia\u00a0(Garcinia cambogia) viljast\u00a0saadud aine. Gartsiinia vilja nahk\u00a0kuivatatakse ja seda kasutatakse\u00a0h\u00fcdroks\u00fcsidrunhappe\u00a0saamiseks. Keemiliselt on\u00a0h\u00fcdroks\u00fcsidrunhape v\u00e4ga\u00a0sarnane sidrunhappele, mida\u00a0leidub apelsinides ja teistes\u00a0tsitrusviljades. Gartsiinia vili on\u00a0umbes apelsinisuurune, kuid\u00a0sarnaneb v\u00e4limuselt rohkem\u00a0k\u00f5rvitsale. Seda vilja on L\u00f5una-Indias ja Tais juba sajandeid\u00a0kasutatud kulinaarsel ja ravi\u00a0eesm\u00e4rgil.\u00a01960-ndatel aastatel\u00a0avastasid spetsialistid, et\u00a0h\u00fcdroks\u00fcsidrunhape v\u00f5ib\u00a0v\u00e4hendada rasvade\u00a0tootmist\u00a0s\u00fcsivesikutest. Ainevahetuse\u00a0k\u00e4igus muundab maks\u00a0kasutamata s\u00fcsivesikud (mida ei\u00a0kasutatud energia tootmiseks ega\u00a0muudetud gl\u00fckogeeniks) rasvaks,\u00a0h\u00fcdroks\u00fcsidrunhape aga takistab\u00a0ens\u00fc\u00fcmil (tsitraadi\u00fchendil)\u00a0s\u00fcsivesikuid rasvaks muutmast.\u00a0Nii p\u00f5letab keha rasva ning see\u00a0aitab kaasa kaalu alanemisele.\u00a0H\u00fcdroks\u00fcsidrunhape v\u00e4hendab\u00a0samuti s\u00f6\u00f6giisu. Kui maks\u00a0on tootnud ja sinna varunud\u00a0piisavalt gl\u00fckogeeni, antakse\u00a0ajule m\u00e4rku, et on tarbitud\u00a0piisaval hulgal toitu. S\u00f6\u00f6giisu\u00a0p\u00e4rssimist nimetatakse\u00a0k\u00fcllastusrefleksiks.\u00a0\u201eForever Garcinia Plus\u201c on\u00a0loodud selleks, et v\u00e4hendada\u00a0s\u00fcsivesikutest saadavate kalorite\u00a0muundumist rasvaks ning\u00a0parandada ainevahetust.<\/span><\/p>\n<p style=\"text-align: justify;\"><span style=\"color: #999999;\">SOOVITUSLIK\u00a0TARVITAMINE: \u00fcks kapsel kolm\u00a0korda p\u00e4evas, 30\u201360 minutit enne\u00a0s\u00f6\u00f6ki.<\/span><\/p>\n<p><span style=\"color: #999999;\">70 kapslit<\/span><\/p>\n<p><span style=\"color: #999999;\"><span style=\"color: #ff9900;\">Forever Garcinia Plus \u00a0<\/span><strong><span style=\"color: #99cc00;\">\u00a0<\/span><\/strong><span style=\"color: #99cc00;\"><a style=\"color: #99cc00;\" href=\"http:\/\/aaloe.ee\/wp-content\/uploads\/2014\/12\/kood-71.pdf\">kood 71<\/a><\/span><strong><br \/>\n<\/strong><\/span><\/p>\n","protected":false},"excerpt":{"rendered":"<div>\n<p class=\"variant a1Pd0000002JUKGEA4\"><span style=\"color: #999999;\">Toidulisand t\u00f5hustab organismi loomulikku ainevahetust, tekitab t\u00e4isk\u00f5hutunde ning aitab isu kontrolli all hoida. Sisaldab kroomi, mis j\u00e4\u00e4b paljude dieetide puhul sageli puudu, ehkki see on \u00f5igeks ainevahetuseks vajalik.<\/span><\/p>\n<\/div>\n<div>\n<div class=\"price variant a1Pd0000002JUKGEA4\"><span style=\"color: #999999;\">KOGUS: 70 kapslit<\/span><\/div>\n<div class=\"price variant a1Pd0000002JUKGEA4\"><span style=\"color: #999999;\">KOOD: 071<\/span><\/div>\n<\/div>\n","protected":false},"featured_media":3427,"template":"","meta":[],"product_brand":[],"product_cat":[20],"product_tag":[],"class_list":{"0":"post-1326","1":"product","2":"type-product","3":"status-publish","4":"has-post-thumbnail","6":"product_cat-kehakaal-ja-toitumine","8":"first","9":"instock","10":"taxable","11":"shipping-taxable","12":"purchasable","13":"product-type-simple"},"jetpack_sharing_enabled":true,"_links":{"self":[{"href":"https:\/\/aaloe.ee\/et\/wp-json\/wp\/v2\/product\/1326","targetHints":{"allow":["GET"]}}],"collection":[{"href":"https:\/\/aaloe.ee\/et\/wp-json\/wp\/v2\/product"}],"about":[{"href":"https:\/\/aaloe.ee\/et\/wp-json\/wp\/v2\/types\/product"}],"wp:featuredmedia":[{"embeddable":true,"href":"https:\/\/aaloe.ee\/et\/wp-json\/wp\/v2\/media\/3427"}],"wp:attachment":[{"href":"https:\/\/aaloe.ee\/et\/wp-json\/wp\/v2\/media?parent=1326"}],"wp:term":[{"taxonomy":"product_brand","embeddable":true,"href":"https:\/\/aaloe.ee\/et\/wp-json\/wp\/v2\/product_brand?post=1326"},{"taxonomy":"product_cat","embeddable":true,"href":"https:\/\/aaloe.ee\/et\/wp-json\/wp\/v2\/product_cat?post=1326"},{"taxonomy":"product_tag","embeddable":true,"href":"https:\/\/aaloe.ee\/et\/wp-json\/wp\/v2\/product_tag?post=1326"}],"curies":[{"name":"wp","href":"https:\/\/api.w.org\/{rel}","templated":true}]}}