{"id":1319,"date":"2014-12-19T18:23:03","date_gmt":"2014-12-19T16:23:03","guid":{"rendered":"http:\/\/aaloe.ee\/?post_type=product&#038;p=1319"},"modified":"2025-10-31T23:59:49","modified_gmt":"2025-10-31T21:59:49","slug":"forever-lite-ultra","status":"publish","type":"product","link":"https:\/\/aaloe.ee\/et\/toode\/forever-lite-ultra\/","title":{"rendered":"Forever Lite Ultra &#8211; vaniljemaitseline kokteil"},"content":{"rendered":"<h3><span style=\"color: #99cc00;\">Forever Lite Ultra vaniljemaitseline kokteil<\/span><\/h3>\n<p><span style=\"color: #999999;\">Aminoteiiniga Forever Lite Ultra on suurep\u00e4rane lisand teie tervislikule eluviisile. See\u00a0toitainekokteil \u00fchendab endas uut arusaama toitumisest ja uusimaid tehnoloogiaid. Forever Lite Ultra aitab kujundada h\u00e4id toitumisharjumusi ja tervislikku eluviisi.\u00a0<\/span><\/p>\n<p><span style=\"color: #999999;\">Kaks portsu v\u00e4herasvase piimaga tehtud Forever Lite Ultra kokteili p\u00e4evas annab 100% soovitatavast p\u00e4evasest vitamiini- ja mineraalikogusest. Forever Lite Ultra sisaldab 18 aminohapet, sealhulgas primaarstruktuuriga ja hargnenud ahelaga aminohapped. Kokteilis olev aminoteiin kiirendab valkude l\u00f5hustumist ja t\u00f5hustab aminohapete omastamist.\u00a0\u00a0Forever Ultra Lite kokteilid aitavad t\u00f5husalt optimaalset kaalu s\u00e4ilitada. See sisaldab 55% enam valku.<\/span><\/p>\n<p class=\"western\" lang=\"en-US\"><span style=\"color: #999999;\">Forever Lite Ultra kuulub lahutamatult kaalulangetusprogrammi Clean 9. See kokteil ja Clean 9 aitavad teil hoolitseda oma tervise eest ja luua efektiivse optimaalkaalu s\u00e4ilitusprogrammi.\u00a0Kokteil &#8220;Forever Lite Ultra&#8221; rahuldab suurep\u00e4raselt terve eluviisi pooldajate vajadused.\u00a0<\/span><\/p>\n<p class=\"western\" lang=\"en-US\"><span style=\"color: #999999;\">KASUTAMINE: Segage \u00fcks m\u00f5\u00f5tlusikat\u00e4is pulbrit (kasutage kaasasolevat 25 g lusikat) 300 ml lahja piimaga. Loksutage purki enne igat kasutamist.<\/span><\/p>\n<p class=\"western\" lang=\"en-US\"><span style=\"color: #999999;\">Toode on kantud K\u00f6lni nimistusse. K\u00f6lni nimekirjas on tooted, mida sportlased v\u00f5ivad tarbida, riskimata positiivse dopinguprooviga. Nii saavad sportlased Foreveri tooteid kasutada ilma dopingu-proovi p\u00e4rast muretsemata.<\/span><\/p>\n<p><span style=\"color: #999999;\">KOOD 470<\/span><\/p>\n<p style=\"text-align: justify;\"><span style=\"color: #999999;\">390g\u00a0(15 portsjonit)\u00a0<\/span><\/p>\n<p><span style=\"color: #99cc00;\"><span style=\"color: #ff9900;\">Forever Lite Ultra\u00a0 <\/span><\/span><span style=\"color: #ff9900;\">vaniljemaitseline\u00a0<\/span>\u00a0\u00a0\u00a0 <span style=\"color: #99cc00;\"><a style=\"color: #99cc00;\" href=\"http:\/\/aaloe.ee\/wp-content\/uploads\/2014\/12\/Kood-324.pdf\">Kood\u00a0<\/a>470<\/span><span style=\"color: #99cc00;\"><strong><span style=\"color: #999999;\">\u00a0<\/span><\/strong><\/span><\/p>\n","protected":false},"excerpt":{"rendered":"<p><span style=\"color: #999999;\">Kokteil &#8220;Forever Lite Ultra&#8221; rahuldab suurep\u00e4raselt terve eluviisi pooldajate vajadused. Kaks portsionit lahja piimaga segatud kokteili p\u00e4evas annab 100% soovituslikust p\u00e4evasest vitamiini- ja mineraalinormist.<\/span><\/p>\n<p><span style=\"color: #999999;\">390g\u00a0(15 portsjonit)<\/span><\/p>\n<p><span style=\"color: #999999;\">KOOD: 470<\/span><\/p>\n","protected":false},"featured_media":3429,"template":"","meta":[],"product_brand":[],"product_cat":[20,14],"product_tag":[],"class_list":{"0":"post-1319","1":"product","2":"type-product","3":"status-publish","4":"has-post-thumbnail","6":"product_cat-kehakaal-ja-toitumine","7":"product_cat-joogid","9":"first","10":"instock","11":"taxable","12":"shipping-taxable","13":"purchasable","14":"product-type-simple"},"jetpack_sharing_enabled":true,"_links":{"self":[{"href":"https:\/\/aaloe.ee\/et\/wp-json\/wp\/v2\/product\/1319","targetHints":{"allow":["GET"]}}],"collection":[{"href":"https:\/\/aaloe.ee\/et\/wp-json\/wp\/v2\/product"}],"about":[{"href":"https:\/\/aaloe.ee\/et\/wp-json\/wp\/v2\/types\/product"}],"wp:featuredmedia":[{"embeddable":true,"href":"https:\/\/aaloe.ee\/et\/wp-json\/wp\/v2\/media\/3429"}],"wp:attachment":[{"href":"https:\/\/aaloe.ee\/et\/wp-json\/wp\/v2\/media?parent=1319"}],"wp:term":[{"taxonomy":"product_brand","embeddable":true,"href":"https:\/\/aaloe.ee\/et\/wp-json\/wp\/v2\/product_brand?post=1319"},{"taxonomy":"product_cat","embeddable":true,"href":"https:\/\/aaloe.ee\/et\/wp-json\/wp\/v2\/product_cat?post=1319"},{"taxonomy":"product_tag","embeddable":true,"href":"https:\/\/aaloe.ee\/et\/wp-json\/wp\/v2\/product_tag?post=1319"}],"curies":[{"name":"wp","href":"https:\/\/api.w.org\/{rel}","templated":true}]}}